{"id":2324,"date":"2025-02-12T21:32:26","date_gmt":"2025-02-12T13:32:26","guid":{"rendered":"https:\/\/bqeye.com\/?post_type=product&#038;p=2324"},"modified":"2025-02-12T21:35:05","modified_gmt":"2025-02-12T13:35:05","slug":"stardust-mirage-grey-contact-lenses","status":"publish","type":"product","link":"https:\/\/bqeye.com\/es\/stardust-mirage-grey-contact-lenses\/","title":{"rendered":"Lentes de contacto Stardust Mirage Gris"},"content":{"rendered":"<h1 class=\"md-end-block md-heading\"><span class=\"md-plain md-expand\">Lentes de contacto Stardust Mirage Grises: Crea tu propia galaxia de belleza \u2728<\/span><\/h1>\n<p class=\"md-end-block md-p\"><span class=\"md-plain\">Prep\u00e1rate para mejorar tu mirada. Estas lentes de contacto grises Stardust Mirage no son un accesorio de belleza m\u00e1s: \u00a1son tu billete para esa mirada viral y de otro mundo de la que todo el mundo habla!<\/span><\/p>\n<h2 class=\"md-end-block md-heading\"><span class=\"md-plain\">\ud83c\udf0c Magia del dise\u00f1o e historia del color<\/span><\/h2>\n<p class=\"md-end-block md-p\"><span class=\"md-plain\">Cierra los ojos e imagina la galaxia m\u00e1s encantadora que jam\u00e1s hayas visto: \u00a1ah\u00ed es donde se inspiran estas m\u00e1gicas lentes de contacto grises! Los dise\u00f1adores tomaron la fascinante danza del polvo de estrellas en el cielo nocturno y la convirtieron en arte para llevar puesto. \u00bfEl resultado? Unas revolucionarias lentillas de color gris que est\u00e1n causando sensaci\u00f3n en las redes sociales.<\/span><\/p>\n<p class=\"md-end-block md-p\"><span class=\"md-plain\">La genialidad reside en el intrincado patr\u00f3n que imita los fen\u00f3menos c\u00f3smicos. Imag\u00ednese esto: una base de et\u00e9reo gris claro que se transforma en tonos m\u00e1s profundos y misteriosos, creando una ilusi\u00f3n de profundidad infinita. El exclusivo dise\u00f1o Stardust Mirage presenta sutiles elementos iridiscentes que captan y reflejan la luz como el polvo de estrellas esparcido por el cielo nocturno. Cada lente de contacto gris est\u00e1 cuidadosamente elaborada con un efecto multidimensional que hace que tus ojos parezcan contener universos enteros.<\/span><\/p>\n<p class=\"md-end-block md-p\"><span class=\"md-plain\">Lo que distingue a estas lentes de contacto grises es su capacidad para crear diferentes efectos seg\u00fan te muevas. Con luz natural, emiten un suave brillo de ensue\u00f1o. Con luz artificial, se transforman en algo m\u00e1s espectacular, como ver las estrellas cobrar vida en el cielo nocturno. El dise\u00f1o armoniza con el del iris natural, creando un aspecto espectacular y de una belleza cre\u00edble.<\/span><\/p>\n<h2 class=\"md-end-block md-heading\"><span class=\"md-plain\">\u2b50 El delirio de los influencers<\/span><\/h2>\n<p class=\"md-end-block md-p\"><span class=\"md-plain\">@CosmicBeauty (1,7 millones de seguidores)<\/span><\/p>\n<blockquote>\n<p class=\"md-end-block md-p\"><span class=\"md-plain\">\"Estas lentillas grises Stardust Mirage son la leche. Me dan ese aire et\u00e9reo que siempre he querido. \u00a1Mi compromiso literalmente se duplic\u00f3 desde que empec\u00e9 a usarlos! \ud83c\udf1f\"<\/span><\/p>\n<\/blockquote>\n<p class=\"md-end-block md-p\"><span class=\"md-plain\">@GalaxyGlam (980K seguidores)<\/span><\/p>\n<blockquote>\n<p class=\"md-end-block md-p\"><span class=\"md-plain\">\"\u00a1He encontrado mi look de ojos caracter\u00edstico! \u00a1Estas lentillas de color gris son perfectas tanto para el d\u00eda a d\u00eda como para esos momentos especiales de reina c\u00f3smica! \u2728\"<\/span><\/p>\n<\/blockquote>\n<p class=\"md-end-block md-p\"><span class=\"md-plain\">@StardustQueen (850K seguidores)<\/span><\/p>\n<blockquote>\n<p class=\"md-end-block md-p\"><span class=\"md-plain\">\"\u00a1La forma en que estas lentillas grises captan la luz es INCRE\u00cdBLE! Mis seguidores est\u00e1n obsesionados, \u00a1y yo tambi\u00e9n! \ud83d\udcab\"<\/span><\/p>\n<\/blockquote>\n<h2 class=\"md-end-block md-heading\"><span class=\"md-plain\">\ud83d\udc40 Historias reales de amantes del polvo de estrellas<\/span><\/h2>\n<p class=\"md-end-block md-p\"><span class=\"md-plain\">\"Estos objetivos han transformado mis sesiones editoriales. Los sutiles cambios en los tonos grises crean una profundidad incre\u00edble en las fotos\".<\/span><\/p>\n<ul class=\"ul-list\" data-mark=\"-\">\n<li class=\"md-list-item\">\n<p class=\"md-end-block md-p\"><span class=\"md-plain\">Luna Park, fot\u00f3grafo de moda<\/span><\/p>\n<\/li>\n<\/ul>\n<p class=\"md-end-block md-p\"><span class=\"md-plain\">\"\u00a1Perfectos para mis contenidos de tem\u00e1tica celeste! Son lo suficientemente c\u00f3modos para largas sesiones de filmaci\u00f3n y se ven incre\u00edbles en c\u00e1mara.\"<\/span><\/p>\n<ul class=\"ul-list\" data-mark=\"-\">\n<li class=\"md-list-item\">\n<p class=\"md-end-block md-p\"><span class=\"md-plain\">Stella Chen, creadora de contenidos<\/span><\/p>\n<\/li>\n<\/ul>\n<p class=\"md-end-block md-p\"><span class=\"md-plain\">\"Estos me dan esa mezcla perfecta de misterioso y elegante. Recibo cumplidos all\u00e1 donde voy\".<\/span><\/p>\n<ul class=\"ul-list\" data-mark=\"-\">\n<li class=\"md-list-item\">\n<p class=\"md-end-block md-p\"><span class=\"md-plain\">Aurora James, maquilladora<\/span><\/p>\n<\/li>\n<\/ul>\n<h2 class=\"md-end-block md-heading\"><span class=\"md-plain\">\ud83c\udf1f Un confort fuera de serie<\/span><\/h2>\n<p class=\"md-end-block md-p\"><span class=\"md-plain\">Sabemos que sus ojos son preciosos. Estas lentes cuentan con todas las certificaciones de seguridad necesarias y est\u00e1n dise\u00f1adas con una avanzada tecnolog\u00eda de confort. Los bordes ultrasuaves garantizan un uso c\u00f3modo desde el amanecer hasta el anochecer.<\/span><\/p>\n<h2 class=\"md-end-block md-heading\"><span class=\"md-plain\">\u2728 Perfecto para cualquier ocasi\u00f3n<\/span><\/h2>\n<p class=\"md-end-block md-p\"><span class=\"md-plain\">Luce estas lentillas grises Stardust Mirage:<\/span><\/p>\n<ul class=\"ul-list\" data-mark=\"-\">\n<li class=\"md-list-item\">\n<p class=\"md-end-block md-p\"><span class=\"md-plain\">Creaci\u00f3n de contenidos para redes sociales<\/span><\/p>\n<\/li>\n<li class=\"md-list-item\">\n<p class=\"md-end-block md-p\"><span class=\"md-plain\">Eventos y fiestas especiales<\/span><\/p>\n<\/li>\n<li class=\"md-list-item\">\n<p class=\"md-end-block md-p\"><span class=\"md-plain\">Sesiones de fotos profesionales<\/span><\/p>\n<\/li>\n<li class=\"md-list-item\">\n<p class=\"md-end-block md-p\"><span class=\"md-plain\">Looks diarios con encanto<\/span><\/p>\n<\/li>\n<li class=\"md-list-item\">\n<p class=\"md-end-block md-p\"><span class=\"md-plain\">Glamour nocturno<\/span><\/p>\n<\/li>\n<li class=\"md-list-item\">\n<p class=\"md-end-block md-p\"><span class=\"md-plain\">Proyectos creativos<\/span><\/p>\n<\/li>\n<\/ul>\n<h2 class=\"md-end-block md-heading\"><span class=\"md-plain\">\ud83d\udcab La experiencia Stardust<\/span><\/h2>\n<p class=\"md-end-block md-p\"><span class=\"md-plain\">Transforma tu look con:<\/span><\/p>\n<ul class=\"ul-list\" data-mark=\"-\">\n<li class=\"md-list-item\">\n<p class=\"md-end-block md-p\"><span class=\"md-plain\">Efectos et\u00e9reos que atrapan la luz<\/span><\/p>\n<\/li>\n<li class=\"md-list-item\">\n<p class=\"md-end-block md-p\"><span class=\"md-plain\">Mejora de aspecto natural<\/span><\/p>\n<\/li>\n<li class=\"md-list-item\">\n<p class=\"md-end-block md-p\"><span class=\"md-plain\">Comodidad durante todo el d\u00eda<\/span><\/p>\n<\/li>\n<li class=\"md-list-item\">\n<p class=\"md-end-block md-p\"><span class=\"md-plain\">Potencial de estilo vers\u00e1til<\/span><\/p>\n<\/li>\n<li class=\"md-list-item\">\n<p class=\"md-end-block md-p\"><span class=\"md-plain\">Rutina de cuidado f\u00e1cil<\/span><\/p>\n<\/li>\n<\/ul>\n<h2 class=\"md-end-block md-heading\"><span class=\"md-plain\">\ud83c\udf20 Por qu\u00e9 necesitas esto en tu vida<\/span><\/h2>\n<ul class=\"ul-list\" data-mark=\"-\">\n<li class=\"md-list-item\">\n<p class=\"md-end-block md-p\"><span class=\"md-plain\">Crea un efecto dram\u00e1tico instant\u00e1neo en los ojos<\/span><\/p>\n<\/li>\n<li class=\"md-list-item\">\n<p class=\"md-end-block md-p\"><span class=\"md-plain\">Fotograf\u00eda magn\u00edficamente<\/span><\/p>\n<\/li>\n<li class=\"md-list-item\">\n<p class=\"md-end-block md-p\"><span class=\"md-plain\">Comodidad a largo plazo<\/span><\/p>\n<\/li>\n<li class=\"md-list-item\">\n<p class=\"md-end-block md-p\"><span class=\"md-plain\">Combina con cualquier maquillaje<\/span><\/p>\n<\/li>\n<li class=\"md-list-item\">\n<p class=\"md-end-block md-p\"><span class=\"md-plain\">Perfecto para cualquier iluminaci\u00f3n<\/span><\/p>\n<\/li>\n<\/ul>\n<p class=\"md-end-block md-p\"><span class=\"md-plain\">\u00bfLista para convertirte en la belleza celestial que est\u00e1s destinada a ser? Estas lentes de contacto grises Stardust Mirage son tu portal hacia esa transformaci\u00f3n m\u00e1gica. Tanto si est\u00e1s creando contenidos, asistiendo a eventos o simplemente quieres sentirte como una estrella en tu d\u00eda a d\u00eda, \u00a1estas lentillas te ayudar\u00e1n a brillar! \u2728<\/span><\/p>\n<p class=\"md-end-block md-p md-focus\">#<span class=\"md-plain md-expand\">StardustMirageLentes #GreyContactLentes #GreyEyeContacts #BeautyTransformation #EyesOnFleek<\/span><\/p>","protected":false},"excerpt":{"rendered":"<p>Stardust Mirage Grey Contact Lenses: Create Your Own Galaxy of Beauty \u2728 Get ready to level up your eye game! These Stardust Mirage grey contact lenses aren&#8217;t just another beauty accessory &#8211; they&#8217;re your ticket to that viral, otherworldly look everyone&#8217;s talking about! \ud83c\udf0c Design Magic &amp; Color Story Close your eyes and imagine the [&#8230;]\n","protected":false},"featured_media":2326,"comment_status":"open","ping_status":"closed","template":"","meta":[],"product_brand":[],"product_cat":[81,92,188,158,204,98],"product_tag":[],"class_list":{"0":"post-2324","1":"product","2":"type-product","3":"status-publish","4":"has-post-thumbnail","6":"product_cat-grey-contact-lenses","7":"product_cat-14-5-mm","8":"product_cat-dream-contacts","9":"product_cat-enlarge-contacts","10":"product_cat-party-contacts","11":"product_cat-yearly-disposable","13":"first","14":"instock","15":"sale","16":"shipping-taxable","17":"purchasable","18":"product-type-variable","19":"has-default-attributes"},"_links":{"self":[{"href":"https:\/\/bqeye.com\/es\/wp-json\/wp\/v2\/product\/2324","targetHints":{"allow":["GET"]}}],"collection":[{"href":"https:\/\/bqeye.com\/es\/wp-json\/wp\/v2\/product"}],"about":[{"href":"https:\/\/bqeye.com\/es\/wp-json\/wp\/v2\/types\/product"}],"replies":[{"embeddable":true,"href":"https:\/\/bqeye.com\/es\/wp-json\/wp\/v2\/comments?post=2324"}],"wp:featuredmedia":[{"embeddable":true,"href":"https:\/\/bqeye.com\/es\/wp-json\/wp\/v2\/media\/2326"}],"wp:attachment":[{"href":"https:\/\/bqeye.com\/es\/wp-json\/wp\/v2\/media?parent=2324"}],"wp:term":[{"taxonomy":"product_brand","embeddable":true,"href":"https:\/\/bqeye.com\/es\/wp-json\/wp\/v2\/product_brand?post=2324"},{"taxonomy":"product_cat","embeddable":true,"href":"https:\/\/bqeye.com\/es\/wp-json\/wp\/v2\/product_cat?post=2324"},{"taxonomy":"product_tag","embeddable":true,"href":"https:\/\/bqeye.com\/es\/wp-json\/wp\/v2\/product_tag?post=2324"}],"curies":[{"name":"wp","href":"https:\/\/api.w.org\/{rel}","templated":true}]}}