{"id":2490,"date":"2025-03-05T20:02:05","date_gmt":"2025-03-05T12:02:05","guid":{"rendered":"https:\/\/bqeye.com\/?post_type=product&#038;p=2490"},"modified":"2025-03-05T20:19:48","modified_gmt":"2025-03-05T12:19:48","slug":"infinite-forest-green-contact-lenses","status":"publish","type":"product","link":"https:\/\/bqeye.com\/es\/infinite-forest-green-contact-lenses\/","title":{"rendered":"Lentes de contacto Infinite Forest Green (10 uds.)"},"content":{"rendered":"<h1>D\u00e9 rienda suelta a su esp\u00edritu natural interior con las impresionantes lentes de contacto verde bosque infinito<\/h1>\n<h2>El encantador encanto del verde bosque: Inspiraci\u00f3n y significado<\/h2>\n<p>Descubre una nueva dimensi\u00f3n de expresi\u00f3n natural con nuestras lentes de contacto Infinite Forest Green. No se trata de lentes de contacto de color normales, sino de portales hacia una versi\u00f3n de ti mismo m\u00e1s armoniosa y conectada con la naturaleza. Los ricos y multifac\u00e9ticos tonos verde bosque crean una profundidad cautivadora que atrae a la gente y mantiene su atenci\u00f3n con el poder silencioso de un santuario en el bosque. El verde bosque ha sido venerado en todas las culturas como un color de crecimiento, renovaci\u00f3n y sabidur\u00eda natural, y ahora puedes canalizar estas cualidades vitales a trav\u00e9s de tu mirada con estas extraordinarias lentes de contacto verde bosque.<\/p>\n<p>La verdadera magia de estas lentes de contacto verde bosque reside en su extraordinaria versatilidad para diferentes colores naturales de ojos. Para quienes tienen tonos de ojos m\u00e1s profundos, estas lentes de contacto verde bosque crean una transformaci\u00f3n sutil pero impactante que a\u00f1ade una dimensi\u00f3n natural de misterio boscoso a tu mirada. Si tienes los ojos claros, las lentes de contacto Infinite verde bosque realzan tu brillo natural al tiempo que a\u00f1aden ese inolvidable encanto esmeralda que hace que tu presencia sea imposible de ignorar. Cada momento se convierte en una oportunidad para conectar con naturalidad, cada interacci\u00f3n impregnada de un aire de autenticidad terrenal. Estas lentes de contacto verde bosque no s\u00f3lo se posan en tu iris, sino que revelan la persona naturalmente cautivadora que siempre has sabido que eres.<\/p>\n<h2>Lo que dicen los influencers sobre nuestras lentes de contacto verde bosque<\/h2>\n<p>@FashionForward_Taylor (2,5 millones de seguidores): \"\u00a1Estas lentillas verde bosque han transformado literalmente mi conexi\u00f3n con la belleza natural! El color es ricamente dimensional y a la vez se ve sorprendentemente aut\u00e9ntico en las fotos.\"<\/p>\n<p>@BeautyMaven_Jordan (3,3M de seguidores): \"Me he asociado con muchas marcas de lentillas, pero estas Infinite Forest Green tienen el equilibrio perfecto entre realce natural y profundidad boscosa\".<\/p>\n<p>@TrendHunter_Alex (1,9 millones de seguidores): \"\u00a1Mis seguidores no paran de preguntar por estas lentillas de ojos verde bosque! Se fotograf\u00edan de maravilla tanto con luz natural como artificial, manteniendo su aut\u00e9ntico encanto boscoso.\"<\/p>\n<h2>Experiencias reales de los clientes<\/h2>\n<p>\"\u00a1Estas lentillas verde bosque me hicieron sentir como si hubiera salido directamente de un bosque encantado! Suficientemente c\u00f3modas para llevarlas todo el d\u00eda mientras hac\u00eda senderismo\". - Morgan K.<\/p>\n<p>\"He probado muchas lentillas de colores, pero estas realmente ofrecen el tono verde bosque que se muestra en las fotos, natural y a la vez m\u00e1gico. Valen cada c\u00e9ntimo!\" - Dakota L.<\/p>\n<p>\"Incluso mis amigos m\u00e1s esc\u00e9pticos no pod\u00edan creer lo naturales que me quedaban estas lentillas verde bosque. Ahora est\u00e1n pidiendo sus propios pares\". - Skyler W.<\/p>\n<h2>Combinaciones y ocasiones de maquillaje perfectas<\/h2>\n<p>\u00bfQuieres maximizar el impacto de tus lentes de contacto Infinite Forest Green? Estas impresionantes lentes de contacto verde bosque complementan las c\u00e1lidas sombras \u00e1mbar para crear un ambiente de bosque oto\u00f1al, o combinan a la perfecci\u00f3n con tonos fr\u00edos de musgo para conseguir un misterioso efecto de bosque. Para un uso diario sutil, prueba los tonos tierra neutros con un toque dorado en la esquina interior para que las lentes de contacto verde bosque brillen como la luz del sol a trav\u00e9s de las hojas.<\/p>\n<p>Estas lentes de contacto verde bosque son lo suficientemente vers\u00e1tiles para innumerables ocasiones: bodas al aire libre en las que quieras armonizar con el entorno natural, celebraciones tem\u00e1ticas de la tierra en las que se celebre la belleza natural, representaciones art\u00edsticas en las que encarnes a un personaje del bosque o, simplemente, d\u00edas en los que quieras infundir un toque de magia forestal a tu rutina habitual.<\/p>\n<p>\u00bfListo para experimentar la transformaci\u00f3n? Estas lentes de contacto Infinite Forest Green no s\u00f3lo cambian su aspecto, sino que desbloquean la extraordinaria conexi\u00f3n con la naturaleza que siempre ha existido en su interior. Abraza el encanto del bosque, irradia confianza natural y prep\u00e1rate para cautivar a los dem\u00e1s con la profundidad infinita de tu mirada forestal.<\/p>","protected":false},"excerpt":{"rendered":"<p>Unleash Your Inner Nature Spirit with Stunning Infinite Forest Green Contact Lenses The Enchanting Charm of Forest Green: Inspiration &amp; Meaning Discover a new dimension of natural expression with our Infinite Forest Green Contact Lenses! These aren&#8217;t ordinary colored contacts \u2013 they&#8217;re portals to a more harmonious, nature-connected version of yourself. The rich, multifaceted forest [&#8230;]\n","protected":false},"featured_media":2492,"comment_status":"open","ping_status":"closed","template":"","meta":[],"product_brand":[382],"product_cat":[385,92,72,100,77,204],"product_tag":[],"class_list":{"0":"post-2490","1":"product","2":"type-product","3":"status-publish","4":"has-post-thumbnail","6":"product_brand-bqeye","7":"product_cat-mystic-iris","8":"product_cat-14-5-mm","9":"product_cat-contact-lenses-by-color","10":"product_cat-daily-disposable","11":"product_cat-green-contact-lenses","12":"product_cat-party-contacts","14":"first","15":"instock","16":"sale","17":"shipping-taxable","18":"purchasable","19":"product-type-variable","20":"has-default-attributes"},"_links":{"self":[{"href":"https:\/\/bqeye.com\/es\/wp-json\/wp\/v2\/product\/2490","targetHints":{"allow":["GET"]}}],"collection":[{"href":"https:\/\/bqeye.com\/es\/wp-json\/wp\/v2\/product"}],"about":[{"href":"https:\/\/bqeye.com\/es\/wp-json\/wp\/v2\/types\/product"}],"replies":[{"embeddable":true,"href":"https:\/\/bqeye.com\/es\/wp-json\/wp\/v2\/comments?post=2490"}],"wp:featuredmedia":[{"embeddable":true,"href":"https:\/\/bqeye.com\/es\/wp-json\/wp\/v2\/media\/2492"}],"wp:attachment":[{"href":"https:\/\/bqeye.com\/es\/wp-json\/wp\/v2\/media?parent=2490"}],"wp:term":[{"taxonomy":"product_brand","embeddable":true,"href":"https:\/\/bqeye.com\/es\/wp-json\/wp\/v2\/product_brand?post=2490"},{"taxonomy":"product_cat","embeddable":true,"href":"https:\/\/bqeye.com\/es\/wp-json\/wp\/v2\/product_cat?post=2490"},{"taxonomy":"product_tag","embeddable":true,"href":"https:\/\/bqeye.com\/es\/wp-json\/wp\/v2\/product_tag?post=2490"}],"curies":[{"name":"wp","href":"https:\/\/api.w.org\/{rel}","templated":true}]}}