{"id":2497,"date":"2025-03-05T20:55:28","date_gmt":"2025-03-05T12:55:28","guid":{"rendered":"https:\/\/bqeye.com\/?post_type=product&#038;p=2497"},"modified":"2025-03-05T20:59:39","modified_gmt":"2025-03-05T12:59:39","slug":"scarlet-soul-red-contact-lenses","status":"publish","type":"product","link":"https:\/\/bqeye.com\/es\/scarlet-soul-red-contact-lenses\/","title":{"rendered":"Lentes de contacto rojas Scarlet Soul (10 uds.)"},"content":{"rendered":"<h1>D\u00e9 rienda suelta a su esp\u00edritu apasionado con las llamativas lentes de contacto Scarlet Soul Red<\/h1>\n<h2>El poder cautivador del Soulful Red: inspiraci\u00f3n y significado<\/h2>\n<p>Descubre una nueva dimensi\u00f3n de expresi\u00f3n emocional con nuestras lentes de contacto rojas Scarlet Soul. No se trata de unas lentillas de color normales: son portales a una versi\u00f3n m\u00e1s apasionada y emocionalmente expresiva de ti mismo. Los ricos y multifac\u00e9ticos tonos escarlata crean una profundidad cautivadora que atrae a la gente con una cualidad casi magn\u00e9tica. El rojo ha sido celebrado en todas las culturas como el color de la pasi\u00f3n, la intensidad y las emociones profundas, y ahora puedes canalizar estas poderosas cualidades a trav\u00e9s de tu mirada con estas extraordinarias lentes de contacto escarlata.<\/p>\n<p>El verdadero impacto de estas lentes de contacto de color escarlata es su extraordinaria capacidad para transformar tu potencial expresivo. Ya sea para actuaciones art\u00edsticas, fotograf\u00eda u ocasiones especiales, estas lentes de contacto rojas crean un impactante efecto emocional que a\u00f1ade aut\u00e9ntica profundidad e intensidad a tu expresi\u00f3n personal. Cada mirada se carga de energ\u00eda apasionada, cada interacci\u00f3n se impregna de un aire de intensidad conmovedora. Estas lentes de contacto escarlata no s\u00f3lo se posan en tu iris, sino que revelan la persona apasionada y rica en emociones que eres en esencia.<\/p>\n<h2>Lo que dicen los influencers sobre nuestras lentes de contacto rojo escarlata<\/h2>\n<p>@EmotiveArtist_Taylor (2,5 millones de seguidores): \"\u00a1Estas lentillas escarlata han transformado literalmente mi fotograf\u00eda art\u00edstica! El color est\u00e1 profundamente pigmentado y crea ese impacto emocional perfecto en los retratos.\"<\/p>\n<p>@PerformanceMaven_Jordan (3,3M seguidores): \"Me he asociado con muchas marcas de lentes de contacto para trabajar con personajes, pero estas lentillas Scarlet Soul tienen el equilibrio perfecto entre intensidad emocional y comodidad de uso\".<\/p>\n<p>@VisualStoryteller_Alex (1,9 millones de seguidores): \"\u00a1Mis seguidores no paran de preguntar por estas lentillas de ojos escarlata! Fotograf\u00edan de maravilla tanto con luz natural como dram\u00e1tica, a la vez que transmiten una profundidad emocional tan aut\u00e9ntica.\"<\/p>\n<h2>Experiencias reales de los clientes<\/h2>\n<p>\"Estas lentillas escarlata hicieron que mi actuaci\u00f3n teatral alcanzara nuevas cotas emocionales. Lo suficientemente c\u00f3modas como para llevarlas bajo las luces del escenario y el efecto fue absolutamente transformador.\" - Morgan K.<\/p>\n<p>\"He probado muchos objetivos rojos para fotograf\u00eda de retrato, pero estos realmente proporcionan el tono escarlata conmovedor que se muestra en las fotos. Merece la pena cada c\u00e9ntimo para artistas e int\u00e9rpretes serios\". - Dakota L.<\/p>\n<p>\"Incluso mis clientes fot\u00f3grafos se sorprendieron de c\u00f3mo estos contactos escarlata elevaron el impacto emocional de nuestra sesi\u00f3n de retrato. Crean profundidad y pasi\u00f3n al instante\". - Skyler W.<\/p>\n<h2>Combinaciones y ocasiones de maquillaje perfectas<\/h2>\n<p>\u00bfQuieres maximizar el impacto de tus lentes de contacto Scarlet Soul Red? Estos llamativos lentes de contacto escarlata complementan sombras de ojos mate profundas para un look cl\u00e1sico intenso, o combinan a la perfecci\u00f3n con tonos bronce met\u00e1licos para un efecto ardiente y apasionado. Para conseguir el m\u00e1ximo impacto emocional, comb\u00ednalas con unas mejillas naturalmente sonrosadas y unos rasgos definidos para realzar la apasionada transformaci\u00f3n que proporcionan estas lentes de contacto.<\/p>\n<p>Estas lentes de contacto de color rojo escarlata son perfectas para innumerables ocasiones creativas: representaciones teatrales en las que la expresi\u00f3n emocional es primordial, sesiones fotogr\u00e1ficas de moda en las que necesita una capa extra de intensidad, veladas rom\u00e1nticas especiales en las que causar una impresi\u00f3n apasionada es importante o eventos art\u00edsticos en los que se valora la autenticidad emocional.<\/p>\n<p>\u00bfListo para experimentar la transformaci\u00f3n? Estas lentes de contacto rojas Scarlet Soul no s\u00f3lo cambian su aspecto, sino que desbloquean el extraordinario potencial de expresi\u00f3n emocional que existe en su interior. Abraza el poder de la pasi\u00f3n, transmite la profundidad del alma y prep\u00e1rate para conectar m\u00e1s aut\u00e9nticamente con los dem\u00e1s a trav\u00e9s de tu mirada escarlata.<\/p>","protected":false},"excerpt":{"rendered":"<p>Unleash Your Passionate Spirit with Striking Scarlet Soul Red Contact Lenses The Captivating Power of Soulful Red: Inspiration &amp; Meaning Discover a new dimension of emotional expression with our Scarlet Soul Red Contact Lenses! These aren&#8217;t ordinary colored contacts \u2013 they&#8217;re portals to a more passionate, emotionally expressive version of yourself. The rich, multifaceted scarlet [&#8230;]\n","protected":false},"featured_media":2499,"comment_status":"open","ping_status":"closed","template":"","meta":[],"product_brand":[382],"product_cat":[385,92,72,100,204,78],"product_tag":[],"class_list":{"0":"post-2497","1":"product","2":"type-product","3":"status-publish","4":"has-post-thumbnail","6":"product_brand-bqeye","7":"product_cat-mystic-iris","8":"product_cat-14-5-mm","9":"product_cat-contact-lenses-by-color","10":"product_cat-daily-disposable","11":"product_cat-party-contacts","12":"product_cat-red-contact-lenses","14":"first","15":"instock","16":"sale","17":"shipping-taxable","18":"purchasable","19":"product-type-variable","20":"has-default-attributes"},"_links":{"self":[{"href":"https:\/\/bqeye.com\/es\/wp-json\/wp\/v2\/product\/2497","targetHints":{"allow":["GET"]}}],"collection":[{"href":"https:\/\/bqeye.com\/es\/wp-json\/wp\/v2\/product"}],"about":[{"href":"https:\/\/bqeye.com\/es\/wp-json\/wp\/v2\/types\/product"}],"replies":[{"embeddable":true,"href":"https:\/\/bqeye.com\/es\/wp-json\/wp\/v2\/comments?post=2497"}],"wp:featuredmedia":[{"embeddable":true,"href":"https:\/\/bqeye.com\/es\/wp-json\/wp\/v2\/media\/2499"}],"wp:attachment":[{"href":"https:\/\/bqeye.com\/es\/wp-json\/wp\/v2\/media?parent=2497"}],"wp:term":[{"taxonomy":"product_brand","embeddable":true,"href":"https:\/\/bqeye.com\/es\/wp-json\/wp\/v2\/product_brand?post=2497"},{"taxonomy":"product_cat","embeddable":true,"href":"https:\/\/bqeye.com\/es\/wp-json\/wp\/v2\/product_cat?post=2497"},{"taxonomy":"product_tag","embeddable":true,"href":"https:\/\/bqeye.com\/es\/wp-json\/wp\/v2\/product_tag?post=2497"}],"curies":[{"name":"wp","href":"https:\/\/api.w.org\/{rel}","templated":true}]}}