{"id":2500,"date":"2025-03-05T21:06:31","date_gmt":"2025-03-05T13:06:31","guid":{"rendered":"https:\/\/bqeye.com\/?post_type=product&#038;p=2500"},"modified":"2025-03-05T21:11:52","modified_gmt":"2025-03-05T13:11:52","slug":"twilight-ombre-purple-contact-lenses","status":"publish","type":"product","link":"https:\/\/bqeye.com\/es\/twilight-ombre-purple-contact-lenses\/","title":{"rendered":"Lentes de contacto Twilight Ombre Purple (10 uds.)"},"content":{"rendered":"<h1>Eleva tu mirada con las fascinantes lentes de contacto Twilight Ombre Purple<\/h1>\n<h2>El encanto et\u00e9reo: Inspiraci\u00f3n en el dise\u00f1o y simbolismo del color<\/h2>\n<p>Prep\u00e1rate para dejarte transformar por el encanto m\u00edstico de nuestras lentes de contacto Twilight Ombre Purple. Estas extraordinarias lentes de contacto moradas no s\u00f3lo cambian el color de tus ojos, sino que infunden a toda tu presencia un aire de encanto crepuscular y misterio celestial. El efecto ombre multidimensional pasa del violeta intenso en el borde exterior al suave lavanda cerca de la pupila, creando un hipn\u00f3tico degradado crepuscular et\u00e9reo y cautivador. El color p\u00farpura ha representado hist\u00f3ricamente la magia, la intuici\u00f3n y la sabidur\u00eda m\u00edstica, cualidades que encarnar\u00e1 sin esfuerzo cuando se ponga estas extraordinarias lentes de contacto de color p\u00farpura con efecto ombre.<\/p>\n<p>La belleza de estas lentes de contacto ombre moradas reside en su magia crepuscular. Tanto en ojos oscuros como claros, estas lentes de contacto ombre crean una transformaci\u00f3n hechizante imposible de ignorar, a\u00f1adiendo profundidad m\u00edstica y encanto c\u00f3smico a tu mirada natural. Con cada mirada, transmitir\u00e1s un encanto crepuscular; con cada mirada, dejar\u00e1s una impresi\u00f3n de misterio de otro mundo que perdurar\u00e1 mucho despu\u00e9s de que hayas abandonado la habitaci\u00f3n. Estas lentes de contacto moradas con efecto ombre no son s\u00f3lo un accesorio: son una declaraci\u00f3n de tu profundidad espiritual y tu conexi\u00f3n con el m\u00e1gico reino crepuscular entre los mundos.<\/p>\n<h2>Lo que dicen los influencers sobre nuestras lentes de contacto Ombre moradas<\/h2>\n<p>@GlamLifeGuru (4,2 millones de seguidores): \"He usado lentes de contacto de color durante a\u00f1os, pero estas lentes Twilight Ombre son el siguiente nivel para vibraciones m\u00edsticas: la comodidad es inigualable y la transici\u00f3n de color es HERMOSA.\"<\/p>\n<p>@StyleInsider_Morgan (2,3 millones de seguidores): \"\u00a1Estas lentillas moradas ombre fotograf\u00edan de maravilla con cualquier iluminaci\u00f3n! El efecto crepuscular que crean en los retratos es absolutamente impresionante.\"<\/p>\n<p>@BeautyTruth_Casey (1,6 millones de seguidores): \"La calidad de estas lentillas de ojos ombre p\u00farpura es excepcional: la gradaci\u00f3n de color es sofisticada y crea una profundidad tan m\u00e1gica. Un cambio de juego absoluto para looks inspirados en la fantas\u00eda\".<\/p>\n<h2>Experiencias reales de los clientes<\/h2>\n<p>\"Estas lentillas crepusculares transformaron por completo mi sesi\u00f3n de fotos de fantas\u00eda. Me sent\u00ed como si hubiera entrado en otro reino en cuanto me las puse\". - Avery J.<\/p>\n<p>\"La comodidad es incre\u00edble: pude llevarlas durante todo un festival celestial sin ninguna distracci\u00f3n, \u00a1todo ello mientras recib\u00eda innumerables cumplidos sobre mis ojos m\u00edsticos!\". - Cameron D.<\/p>\n<p>\"Perfecto para la representaci\u00f3n de mi personaje de hechicera: \u00a1el ombre morado a\u00f1ad\u00eda exactamente la capa de magia crepuscular que buscaba expresar!\". - Quinn P.<\/p>\n<h2>Combinaciones y ocasiones de maquillaje perfectas<\/h2>\n<p>\u00bfQuieres maximizar el impacto de tus lentes de contacto Twilight Ombre Purple? Estos impresionantes lentes de contacto p\u00farpura ombre crean una magia m\u00edstica cuando se combinan con sombras de ojos plateadas c\u00f3smicas y perladas para un look et\u00e9reo y celestial, o con tonos amatista y azul marino m\u00e1s profundos para un ambiente intenso de galaxia crepuscular. Para eventos inspirados en la fantas\u00eda, prueba a complementarlas con iluminadores brillantes en los puntos m\u00e1s altos de tu rostro para realzar la transformaci\u00f3n et\u00e9rea que proporcionan estas lentes de contacto.<\/p>\n<p>Estas lentes de contacto moradas ombre son lo suficientemente vers\u00e1tiles para innumerables ocasiones: celebraciones m\u00edsticas en las que quieras encarnar la energ\u00eda c\u00f3smica, galas nocturnas en las que desees un aire de encanto, sesiones de fotos creativas en las que la belleza et\u00e9rea sea el centro de atenci\u00f3n o eventos de fantas\u00eda en los que expreses tu conexi\u00f3n con la magia crepuscular.<\/p>\n<p>\u00bfListo para experimentar la transformaci\u00f3n? Estas lentillas Twilight Ombre Purple no son s\u00f3lo un accesorio, son un poderoso portal de expresi\u00f3n personal que revela el esp\u00edritu m\u00edstico y crepuscular que habita en ti. Abraza el encanto, irradia encanto c\u00f3smico y observa c\u00f3mo las oportunidades de conexi\u00f3n m\u00e1gica se despliegan ante tus nuevos ojos ombre.<\/p>","protected":false},"excerpt":{"rendered":"<p>Elevate Your Look with Spellbinding Twilight Ombre Purple Contact Lenses The Ethereal Allure: Design Inspiration &amp; Color Symbolism Prepare to be transformed by the mystical allure of our Twilight Ombre Purple Contact Lenses! These extraordinary purple contact lenses don&#8217;t just change your eye color \u2013 they infuse your entire presence with an air of twilight [&#8230;]\n","protected":false},"featured_media":2502,"comment_status":"open","ping_status":"closed","template":"","meta":[],"product_brand":[382],"product_cat":[385,92,72,100,204,82],"product_tag":[],"class_list":{"0":"post-2500","1":"product","2":"type-product","3":"status-publish","4":"has-post-thumbnail","6":"product_brand-bqeye","7":"product_cat-mystic-iris","8":"product_cat-14-5-mm","9":"product_cat-contact-lenses-by-color","10":"product_cat-daily-disposable","11":"product_cat-party-contacts","12":"product_cat-purple-contact-lenses","14":"first","15":"instock","16":"sale","17":"shipping-taxable","18":"purchasable","19":"product-type-variable","20":"has-default-attributes"},"_links":{"self":[{"href":"https:\/\/bqeye.com\/es\/wp-json\/wp\/v2\/product\/2500","targetHints":{"allow":["GET"]}}],"collection":[{"href":"https:\/\/bqeye.com\/es\/wp-json\/wp\/v2\/product"}],"about":[{"href":"https:\/\/bqeye.com\/es\/wp-json\/wp\/v2\/types\/product"}],"replies":[{"embeddable":true,"href":"https:\/\/bqeye.com\/es\/wp-json\/wp\/v2\/comments?post=2500"}],"wp:featuredmedia":[{"embeddable":true,"href":"https:\/\/bqeye.com\/es\/wp-json\/wp\/v2\/media\/2502"}],"wp:attachment":[{"href":"https:\/\/bqeye.com\/es\/wp-json\/wp\/v2\/media?parent=2500"}],"wp:term":[{"taxonomy":"product_brand","embeddable":true,"href":"https:\/\/bqeye.com\/es\/wp-json\/wp\/v2\/product_brand?post=2500"},{"taxonomy":"product_cat","embeddable":true,"href":"https:\/\/bqeye.com\/es\/wp-json\/wp\/v2\/product_cat?post=2500"},{"taxonomy":"product_tag","embeddable":true,"href":"https:\/\/bqeye.com\/es\/wp-json\/wp\/v2\/product_tag?post=2500"}],"curies":[{"name":"wp","href":"https:\/\/api.w.org\/{rel}","templated":true}]}}