{"id":2511,"date":"2025-03-18T20:56:21","date_gmt":"2025-03-18T12:56:21","guid":{"rendered":"https:\/\/bqeye.com\/?post_type=product&#038;p=2511"},"modified":"2025-03-18T21:06:45","modified_gmt":"2025-03-18T13:06:45","slug":"nocturnal-spirit-brown-contact-lenses","status":"publish","type":"product","link":"https:\/\/bqeye.com\/es\/nocturnal-spirit-brown-contact-lenses\/","title":{"rendered":"Lentes de contacto Nocturnal Spirit marrones (paquete de 10)"},"content":{"rendered":"<h2>Lentes de contacto Nocturnal Spirit marrones (paquete de 10)<\/h2>\n<p>\u00a1\u00a1\u00a1OMG chicos, literalmente no puedo dejar de mirar mis propios ojos en el espejo desde que tengo estos lentes de contacto Nocturnal Spirit Brown!!! \u00a1\u00a1\u00a1He probado como una docena de lentes de contacto de colores diferentes antes, pero estos son m\u00e1gicos de SIGUIENTE NIVEL!!!<\/p>\n<p>En primer lugar, \u00bfpodemos hablar del envoltorio? Ven\u00eda en una caja azul noche absolutamente preciosa con fases lunares plateadas y s\u00edmbolos m\u00edsticos grabados en relieve que me hac\u00edan sentir como si estuviera abriendo alg\u00fan tipo de libro de hechizos antiguo en lugar de lentillas. Dentro, cada uno de los 10 pares viene sellado individualmente en su propio compartimento, lo que no s\u00f3lo es s\u00faper higi\u00e9nico, sino que me hace sentir como si estuviera accediendo a alg\u00fan tipo de poci\u00f3n cada vez que abro uno.<\/p>\n<p>Pero EL COLOR. Estoy literalmente obsesionada. Es este marr\u00f3n profundo y misterioso que tiene estas sutiles variaciones de dimensi\u00f3n que atrapan la luz de la manera m\u00e1s hipn\u00f3tica. \u00a1No es ese marr\u00f3n plano y obviamente falso que te hace parecer una mu\u00f1eca espeluznante! Estos tonos tienen una riqueza multitonal que resulta sorprendentemente natural, al tiempo que aportan una gran energ\u00eda de esp\u00edritu de bosque encantado. Yo tengo los ojos azules verdosos por naturaleza y la transformaci\u00f3n es COMPLETA: todo mi ambiente cambia en cuanto me los pongo.<\/p>\n<p>El primer d\u00eda que los llev\u00e9 a mi cafeter\u00eda, mi camarero habitual (al que veo TODOS LOS D\u00cdAS) literalmente hizo una doble toma y estaba como \"hay algo diferente en ti hoy... tu energ\u00eda es tan misteriosa y cautivadora...\". Ni siquiera exagero. Al tercer d\u00eda de usarlos, mis selfies estaban recibiendo 40% m\u00e1s engagement en Instagram. \u00a1\u00a1\u00a1EL PODER!!!<\/p>\n<p>Son perfectos para sesiones de fotos oto\u00f1ales. Hice una sesi\u00f3n espont\u00e1nea en un parque a la hora dorada y mi amiga fot\u00f3grafa no pod\u00eda creer c\u00f3mo el marr\u00f3n captaba la luz y creaba una profundidad que me hac\u00eda parecer como si tuviera antiguos secretos del bosque. Pero, sinceramente... Los he estado usando para los d\u00edas de trabajo normales tambi\u00e9n porque me hacen sentir como esta versi\u00f3n segura y enigm\u00e1tica de m\u00ed misma con la que estoy un poco obsesionada.<\/p>\n<p>El paquete de 10 unidades es perfecto porque puedes guardarlas para ocasiones especiales o simplemente convertirte en un ser m\u00e1gico durante una semana y media seguida, como hice yo. En cualquier caso, prep\u00e1rate para que la gente se quede hipnotizada con tu mirada. No quiero ser dram\u00e1tica, pero estas lentillas podr\u00edan estar encantadas.<\/p>","protected":false},"excerpt":{"rendered":"<p>Nocturnal Spirit Brown Contact Lenses (10-Pack) OMG you guys, I literally cannot stop staring at my own eyes in the mirror since I got these Nocturnal Spirit Brown Contact Lenses!!! I&#8217;ve tried like a dozen different colored contacts before but these are NEXT LEVEL magical!!! First, can we talk about the packaging?? It came in [&#8230;]\n","protected":false},"featured_media":2513,"comment_status":"open","ping_status":"closed","template":"","meta":[],"product_brand":[382],"product_cat":[101,91,80,72,100,129],"product_tag":[],"class_list":{"0":"post-2511","1":"product","2":"type-product","3":"status-publish","4":"has-post-thumbnail","6":"product_brand-bqeye","7":"product_cat-natural-contacts","8":"product_cat-14-2-mm","9":"product_cat-brown-contact-lenses","10":"product_cat-contact-lenses-by-color","11":"product_cat-daily-disposable","12":"product_cat-fresh-contacts","14":"first","15":"instock","16":"sale","17":"shipping-taxable","18":"purchasable","19":"product-type-variable","20":"has-default-attributes"},"_links":{"self":[{"href":"https:\/\/bqeye.com\/es\/wp-json\/wp\/v2\/product\/2511","targetHints":{"allow":["GET"]}}],"collection":[{"href":"https:\/\/bqeye.com\/es\/wp-json\/wp\/v2\/product"}],"about":[{"href":"https:\/\/bqeye.com\/es\/wp-json\/wp\/v2\/types\/product"}],"replies":[{"embeddable":true,"href":"https:\/\/bqeye.com\/es\/wp-json\/wp\/v2\/comments?post=2511"}],"wp:featuredmedia":[{"embeddable":true,"href":"https:\/\/bqeye.com\/es\/wp-json\/wp\/v2\/media\/2513"}],"wp:attachment":[{"href":"https:\/\/bqeye.com\/es\/wp-json\/wp\/v2\/media?parent=2511"}],"wp:term":[{"taxonomy":"product_brand","embeddable":true,"href":"https:\/\/bqeye.com\/es\/wp-json\/wp\/v2\/product_brand?post=2511"},{"taxonomy":"product_cat","embeddable":true,"href":"https:\/\/bqeye.com\/es\/wp-json\/wp\/v2\/product_cat?post=2511"},{"taxonomy":"product_tag","embeddable":true,"href":"https:\/\/bqeye.com\/es\/wp-json\/wp\/v2\/product_tag?post=2511"}],"curies":[{"name":"wp","href":"https:\/\/api.w.org\/{rel}","templated":true}]}}