{"id":2536,"date":"2025-05-19T20:48:11","date_gmt":"2025-05-19T12:48:11","guid":{"rendered":"https:\/\/bqeye.com\/?post_type=product&#038;p=2536"},"modified":"2025-05-19T20:49:11","modified_gmt":"2025-05-19T12:49:11","slug":"american-fascinating-blue-contact-lenses","status":"publish","type":"product","link":"https:\/\/bqeye.com\/es\/american-fascinating-blue-contact-lenses\/","title":{"rendered":"American Fascinating Lentes de Contacto Azules (10 uds.)"},"content":{"rendered":"<h1>Mesmerizing American Fascinating Lentes de Contacto Azules: \u00a1Captivate Every Room!<\/h1>\n<h2>El poder hipn\u00f3tico de las fascinantes lentes de contacto azules<\/h2>\n<p>Ad\u00e9ntrese en un mundo de encanto irresistible con nuestro <strong>Fascinantes lentes de contacto azules<\/strong>\u00a1! Estos extraordinarios <strong>Fascinantes lentes de contacto azules<\/strong> transforman tu mirada en algo realmente hechizante que funciona magn\u00edficamente en cualquier color de ojos. El azul vibrante pero sofisticado crea un efecto llamativo y sorprendentemente natural. Cuando lleve estas <strong>Fascinantes lentillas para ojos azules<\/strong>Tus ojos se convierten en tu rasgo m\u00e1s atractivo: despiertan admiraci\u00f3n con un azul multidimensional que cambia y brilla con cada movimiento.<\/p>\n<p>El encantador tono de estas lentes captura la esencia de los profundos tesoros oce\u00e1nicos y los ilimitados cielos americanos. En ojos m\u00e1s oscuros, crean una dram\u00e1tica transformaci\u00f3n que a\u00f1ade una incre\u00edble profundidad e intensidad luminosa. Para ojos claros, estas <strong>Fascinantes lentes de contacto para ojos azules<\/strong> realza tu color natural con una vivacidad brillante que hace que tu mirada sea totalmente magn\u00e9tica. El resultado es perfectamente equilibrado: lo suficientemente llamativo como para atraer miradas y lo suficientemente natural como para suscitar aut\u00e9nticos cumplidos.<\/p>\n<h2>Obsesiones de los influencers<\/h2>\n<p><strong>BeautyMaven<\/strong> (1,7 millones de seguidores): \"\u00a1Estas lentillas Azul Fascinante han revolucionado mi contenido! El color es absolutamente impresionante en fotos y v\u00eddeos!\".<\/p>\n<p><strong>TrendSetter<\/strong> (920.000 seguidores): \"Mis seguidores preguntan constantemente por mis ojos cuando uso estas lentillas. Son mi arma secreta para el engagement\".<\/p>\n<p><strong>GlamGuru<\/strong> (2,3 millones de seguidores): \"Despu\u00e9s de probar innumerables lentillas de colores, estas Fascinating Blue se han convertido en mi look de cabecera. La comodidad y el color son inigualables!\".<\/p>\n<h2>Experiencias de los clientes<\/h2>\n<p>\"Estas lentillas azules han transformado mi look por completo. Me siento m\u00e1s segura y recibo cumplidos all\u00e1 donde voy!\". - Jessica, 29 a\u00f1os<\/p>\n<p>\"Como persona con ojos sensibles, estaba nervioso, \u00a1pero estas sientan de maravilla y el color azul queda incre\u00edblemente natural en mis ojos marrones!\". - Michael, 31 a\u00f1os<\/p>\n<p>\"Perfectos para llevarlos a diario: c\u00f3modos de la ma\u00f1ana a la noche y el fascinante azul a\u00f1ade algo especial a mi aspecto\". - Amanda, 26 a\u00f1os<\/p>\n<p>\"Estas lentes llevaron mi sesi\u00f3n de fotos a otro nivel. El azul fotograf\u00eda maravillosamente en todas las condiciones de iluminaci\u00f3n\". - David, 30<\/p>\n<h2>Estiliza tus fascinantes lentes de contacto azules<\/h2>\n<p>Su <strong>American Fascinating Lentes de contacto azules<\/strong> son un accesorio de estilo vers\u00e1til para innumerables looks. Para un look elegante de d\u00eda, comb\u00ednalos con un maquillaje suave y neutro: basta con una m\u00e1scara de pesta\u00f1as y un toque de colorete para que el fascinante azul se convierta en tu se\u00f1a de identidad sin parecer exagerada.<\/p>\n<p>Para la noche, estas <strong>Fascinantes lentes de contacto para ojos azules<\/strong> crean magia cuando se combinan con sutiles ojos ahumados en tonos bronce o champ\u00e1n. El contraste entre el maquillaje c\u00e1lido y el azul fr\u00edo crea un look equilibrado perfecto para cenas, eventos especiales o cualquier ocasi\u00f3n en la que quieras causar una impresi\u00f3n inolvidable.<\/p>\n<p>Estas lentes son especialmente atractivas para sesiones fotogr\u00e1ficas profesionales, reuniones sociales y eventos al aire libre. Imagine c\u00f3mo el azul vibrante complementar\u00e1 su atuendo veraniego o crear\u00e1 un llamativo contraste con los colores oto\u00f1ales. A los fot\u00f3grafos les encanta <strong>Fascinantes lentes de contacto azules<\/strong> crean retratos con una profundidad y dimensi\u00f3n incre\u00edbles, garantizando que tus ojos se conviertan en el innegable punto focal de cada imagen.<\/p>\n<h2>\u00a1Experimente hoy mismo la fascinante magia azul!<\/h2>\n<p>\u00bfPor qu\u00e9 pasar desapercibido cuando tus ojos pueden destacar con <strong>Fascinantes lentes de contacto azules<\/strong>? Su tacto c\u00f3modo, su color impactante y su vers\u00e1til potencial de peinado las hacen perfectas para cualquiera que busque realzar su belleza natural con un toque de fascinante atractivo.<\/p>\n<p>Ya sea para refrescar su estilo cotidiano, para prepararse para una ocasi\u00f3n especial o simplemente para experimentar el impulso de confianza de unos cautivadores ojos azules, estos <strong>Fascinantes lentillas para ojos azules<\/strong> ofrecen el equilibrio perfecto entre impacto y comodidad. Siente la diferencia cuando tu mirada llama la atenci\u00f3n en cada interacci\u00f3n.<\/p>\n<p>\u00bfListo para experimentar la fascinante transformaci\u00f3n azul? Eleve su look hoy y descubra por qu\u00e9 estos cautivadores <strong>Fascinantes lentes de contacto azules<\/strong> se han convertido en el secreto esencial para crear impresiones realmente memorables. \u00a1Sus ojos se merecen este toque de fascinante magia!<\/p>","protected":false},"excerpt":{"rendered":"<p>Mesmerizing American Fascinating Blue Contact Lenses: Captivate Every Room! The Hypnotic Power of Fascinating Blue Contact Lenses Step into a world of irresistible charm with our Fascinating Blue Contact Lenses! These extraordinary Fascinating Blue Contact Lenses transform your gaze into something truly spellbinding that works magnificently on every eye color. The vibrant yet sophisticated blue [&#8230;]\n","protected":false},"featured_media":2538,"comment_status":"open","ping_status":"closed","template":"","meta":[],"product_brand":[382],"product_cat":[75,91,72,100,386,101],"product_tag":[],"class_list":{"0":"post-2536","1":"product","2":"type-product","3":"status-publish","4":"has-post-thumbnail","6":"product_brand-bqeye","7":"product_cat-blue-contact-lenses","8":"product_cat-14-2-mm","9":"product_cat-contact-lenses-by-color","10":"product_cat-daily-disposable","11":"product_cat-lucifer","12":"product_cat-natural-contacts","14":"first","15":"instock","16":"sale","17":"shipping-taxable","18":"purchasable","19":"product-type-variable","20":"has-default-attributes"},"_links":{"self":[{"href":"https:\/\/bqeye.com\/es\/wp-json\/wp\/v2\/product\/2536","targetHints":{"allow":["GET"]}}],"collection":[{"href":"https:\/\/bqeye.com\/es\/wp-json\/wp\/v2\/product"}],"about":[{"href":"https:\/\/bqeye.com\/es\/wp-json\/wp\/v2\/types\/product"}],"replies":[{"embeddable":true,"href":"https:\/\/bqeye.com\/es\/wp-json\/wp\/v2\/comments?post=2536"}],"wp:featuredmedia":[{"embeddable":true,"href":"https:\/\/bqeye.com\/es\/wp-json\/wp\/v2\/media\/2538"}],"wp:attachment":[{"href":"https:\/\/bqeye.com\/es\/wp-json\/wp\/v2\/media?parent=2536"}],"wp:term":[{"taxonomy":"product_brand","embeddable":true,"href":"https:\/\/bqeye.com\/es\/wp-json\/wp\/v2\/product_brand?post=2536"},{"taxonomy":"product_cat","embeddable":true,"href":"https:\/\/bqeye.com\/es\/wp-json\/wp\/v2\/product_cat?post=2536"},{"taxonomy":"product_tag","embeddable":true,"href":"https:\/\/bqeye.com\/es\/wp-json\/wp\/v2\/product_tag?post=2536"}],"curies":[{"name":"wp","href":"https:\/\/api.w.org\/{rel}","templated":true}]}}