{"id":2539,"date":"2025-05-19T21:02:43","date_gmt":"2025-05-19T13:02:43","guid":{"rendered":"https:\/\/bqeye.com\/?post_type=product&#038;p=2539"},"modified":"2025-05-19T21:07:04","modified_gmt":"2025-05-19T13:07:04","slug":"solo-hazel-brown-contact-lenses","status":"publish","type":"product","link":"https:\/\/bqeye.com\/es\/solo-hazel-brown-contact-lenses\/","title":{"rendered":"Solo Lentes de Contacto Marr\u00f3n Avellana (10 uds.)"},"content":{"rendered":"<h1>Lentes de Contacto Enchanting Solo Hazel Brown: Revela tu m\u00edstica natural<\/h1>\n<h2>El cautivador encanto de las lentes de contacto marr\u00f3n avellana<\/h2>\n<p>Descubra la transformaci\u00f3n sutil con nuestro <strong>Solo Lentes de Contacto Marr\u00f3n Avellana<\/strong>\u00a1! Estos notables <strong>Lentes de contacto marr\u00f3n avellana<\/strong> realza tu mirada con una mezcla multidimensional de tonos marrones c\u00e1lidos y verdes dorados que combinan a la perfecci\u00f3n con cualquier color de ojos. El marr\u00f3n avellana de aspecto natural crea un efecto sutilmente llamativo e intrigantemente \u00fanico. Con estas <strong>Lentillas de ojos marr\u00f3n avellana<\/strong>En la mirada, los ojos cobran vida con una rica complejidad, capturando la luz con motas doradas y una profundidad terrosa que hace que su mirada sea imposible de olvidar.<\/p>\n<p>El impresionante tono de estas lentes evoca los bosques oto\u00f1ales con la luz del sol moteada filtr\u00e1ndose a trav\u00e9s de las hojas. En ojos m\u00e1s oscuros, crean una suave transformaci\u00f3n que a\u00f1ade una dimensi\u00f3n fascinante y una calidez dorada. Para ojos claros, estas <strong>Lentes de contacto marr\u00f3n avellana<\/strong> realza tu color natural con una profundidad multifac\u00e9tica que hace que tu mirada sea m\u00e1s expresiva y cautivadora. El resultado es perfectamente equilibrado: lo suficientemente natural como para parecer aut\u00e9ntico, lo suficientemente \u00fanico como para atraer aut\u00e9nticos cumplidos.<\/p>\n<h2>Influencers favoritos<\/h2>\n<p><strong>NaturalGlow<\/strong> (1,3 millones de seguidores): \"\u00a1Estas lentillas Solo Hazel Brown son incre\u00edbles para crear contenido que se siente genuino y a la vez elevado! La dimensi\u00f3n del color fotograf\u00eda de maravilla!\".<\/p>\n<p><strong>EarthyElegance<\/strong> (760.000 seguidores): \"Mi p\u00fablico pregunta constantemente por mis ojos cuando llevo estas lentillas color avellana. Quedan completamente naturales y a la vez a\u00f1aden ese algo especial!\".<\/p>\n<p><strong>SubtleBeauty<\/strong> (1,8 millones de seguidores): \"Despu\u00e9s de probar innumerables lentillas de colores, estas Hazel Brown se han convertido en mis imprescindibles para el d\u00eda a d\u00eda. La comodidad y el color multidimensional son inigualables!\".<\/p>\n<h2>Experiencias de los clientes<\/h2>\n<p>\"\u00a1Estas lentillas color avellana dieron a mis ojos marrones el realce sutil perfecto! Las motas doradas captan la luz de maravilla\". - Sophia, 27 a\u00f1os<\/p>\n<p>\"Buscaba algo que realzara mis ojos verdes sin que parecieran falsos. Estas lentillas marr\u00f3n avellana son la perfecci\u00f3n absoluta\". - James, 31 a\u00f1os<\/p>\n<p>\"Como persona que aprecia la belleza discreta, estas lentes son el complemento ideal para mi estilo natural\". - Emma, 29 a\u00f1os<\/p>\n<p>\"Estas lentes fueron perfectas para mis fotos de compromiso: realzaron mis ojos con una hermosa dimensi\u00f3n sin parecer artificiales\". - Michael, 32 a\u00f1os<\/p>\n<h2>Estiliza tus lentes de contacto marr\u00f3n avellana<\/h2>\n<p>Su <strong>Solo Lentes de Contacto Marr\u00f3n Avellana<\/strong> son un accesorio de estilo vers\u00e1til para innumerables looks. Si buscas sofisticaci\u00f3n para el d\u00eda a d\u00eda, comb\u00ednalas con un maquillaje minimalista: basta con una m\u00e1scara de pesta\u00f1as y un toque de colorete para que los tonos avellana multidimensionales se conviertan en tu sutil se\u00f1a de identidad.<\/p>\n<p>Para la elegancia nocturna, estas <strong>Lentes de contacto marr\u00f3n avellana<\/strong> crean magia cuando se combinan con sombras de ojos de tonos c\u00e1lidos en cobre, bronce u oliva que complementan su compleja coloraci\u00f3n. La armon\u00eda entre tu maquillaje y el marr\u00f3n avellana crea un look cohesivo que es perfecto para cenas rom\u00e1nticas, reuniones oto\u00f1ales, \u00a1o siempre que quieras un aspecto realzado de forma natural!<\/p>\n<p>Estos objetivos son especialmente atractivos para la fotograf\u00eda de exteriores, la moda oto\u00f1al y la est\u00e9tica natural. Imag\u00ednese c\u00f3mo el intenso color avellana complementar\u00e1 los atuendos en tonos tierra o crear\u00e1 una hermosa dimensi\u00f3n sobre prendas en tonos joya. Los fot\u00f3grafos aprecian c\u00f3mo estos <strong>Lentes de contacto marr\u00f3n avellana<\/strong> crear retratos con aut\u00e9ntica complejidad y profundidad, realzando sus rasgos naturales y a\u00f1adiendo al mismo tiempo una dimensi\u00f3n fascinante.<\/p>\n<h2>Experimente hoy mismo la transformaci\u00f3n de Hazel Brown<\/h2>\n<p>\u00bfPor qu\u00e9 elegir entre lo sutil y lo llamativo cuando tus ojos pueden encarnar ambas cosas con <strong>Lentes de contacto marr\u00f3n avellana<\/strong>? Su tacto c\u00f3modo, su color multidimensional y su vers\u00e1til potencial de peinado las hacen perfectas para cualquiera que busque realzar su belleza natural con un toque de complejidad avellana.<\/p>\n<p>Ya sea para mejorar su aspecto diario, para prepararse para una fotograf\u00eda especial o simplemente para sentir la confianza que dan unos ojos marrones avellana mejorados, estos <strong>Lentillas de ojos marr\u00f3n avellana<\/strong> ofrecen el equilibrio perfecto entre realce y autenticidad. Siente la diferencia cuando tu mirada transmite profundidad e intriga en cada interacci\u00f3n.<\/p>\n<p>\u00bfLista para experimentar la transformaci\u00f3n del marr\u00f3n avellana? Eleva tu look hoy mismo y descubre por qu\u00e9 estos encantadores <strong>Solo Lentes de Contacto Marr\u00f3n Avellana<\/strong> se han convertido en la elecci\u00f3n esencial para crear impresiones realmente cautivadoras a la vez que naturales. Sus ojos se merecen este toque de elegancia multidimensional.<\/p>","protected":false},"excerpt":{"rendered":"<p>Enchanting Solo Hazel Brown Contact Lenses: Reveal Your Natural Mystique! The Captivating Charm of Hazel Brown Contact Lenses Discover subtle transformation with our Solo Hazel Brown Contact Lenses! These remarkable Hazel Brown Contact Lenses enhance your gaze with a multidimensional blend of warm brown and golden-green undertones that work beautifully with every eye color. The [&#8230;]\n","protected":false},"featured_media":2541,"comment_status":"open","ping_status":"closed","template":"","meta":[],"product_brand":[382],"product_cat":[158,92,80,72,100,101],"product_tag":[],"class_list":{"0":"post-2539","1":"product","2":"type-product","3":"status-publish","4":"has-post-thumbnail","6":"product_brand-bqeye","7":"product_cat-enlarge-contacts","8":"product_cat-14-5-mm","9":"product_cat-brown-contact-lenses","10":"product_cat-contact-lenses-by-color","11":"product_cat-daily-disposable","12":"product_cat-natural-contacts","14":"first","15":"instock","16":"sale","17":"shipping-taxable","18":"purchasable","19":"product-type-variable","20":"has-default-attributes"},"_links":{"self":[{"href":"https:\/\/bqeye.com\/es\/wp-json\/wp\/v2\/product\/2539","targetHints":{"allow":["GET"]}}],"collection":[{"href":"https:\/\/bqeye.com\/es\/wp-json\/wp\/v2\/product"}],"about":[{"href":"https:\/\/bqeye.com\/es\/wp-json\/wp\/v2\/types\/product"}],"replies":[{"embeddable":true,"href":"https:\/\/bqeye.com\/es\/wp-json\/wp\/v2\/comments?post=2539"}],"wp:featuredmedia":[{"embeddable":true,"href":"https:\/\/bqeye.com\/es\/wp-json\/wp\/v2\/media\/2541"}],"wp:attachment":[{"href":"https:\/\/bqeye.com\/es\/wp-json\/wp\/v2\/media?parent=2539"}],"wp:term":[{"taxonomy":"product_brand","embeddable":true,"href":"https:\/\/bqeye.com\/es\/wp-json\/wp\/v2\/product_brand?post=2539"},{"taxonomy":"product_cat","embeddable":true,"href":"https:\/\/bqeye.com\/es\/wp-json\/wp\/v2\/product_cat?post=2539"},{"taxonomy":"product_tag","embeddable":true,"href":"https:\/\/bqeye.com\/es\/wp-json\/wp\/v2\/product_tag?post=2539"}],"curies":[{"name":"wp","href":"https:\/\/api.w.org\/{rel}","templated":true}]}}