{"id":2542,"date":"2025-05-19T21:45:24","date_gmt":"2025-05-19T13:45:24","guid":{"rendered":"https:\/\/bqeye.com\/?post_type=product&#038;p=2542"},"modified":"2025-05-19T21:48:06","modified_gmt":"2025-05-19T13:48:06","slug":"forest-herb-light-brown-contact-lenses","status":"publish","type":"product","link":"https:\/\/bqeye.com\/es\/forest-herb-light-brown-contact-lenses\/","title":{"rendered":"Lentes de Contacto Forest Herb Marr\u00f3n Claro (10 uds.)"},"content":{"rendered":"<h1>Lentes de Contacto Enchanting Forest Herb Marr\u00f3n Claro: Abraza la elegancia bot\u00e1nica<\/h1>\n<h2>El encanto natural de las lentes de contacto marr\u00f3n claro con hierbas<\/h2>\n<p>Descubra la belleza bot\u00e1nica con nuestro <strong>Lentes de contacto Forest Herb Marr\u00f3n Claro<\/strong>\u00a1! Estos extraordinarios <strong>Lentes de contacto Herb Marr\u00f3n Claro<\/strong> transforme su mirada con un marr\u00f3n claro \u00fanico impregnado de sutiles matices verdes herb\u00e1ceos que evocan la tranquilidad del bosque. El distintivo marr\u00f3n claro herb\u00e1ceo crea un efecto que es a la vez naturalmente sofisticado y refrescantemente \u00fanico. Al llevar estas <strong>Lentes de contacto de hierba marr\u00f3n claro<\/strong>Con la mirada, sus ojos irradian una calidez multidimensional que capta la luz con cautivadoras profundidades herbales que atraen a la gente con su encanto terrenal y bot\u00e1nico.<\/p>\n<p>El tono especial de estas lentes capta la esencia de la luz del sol moteada a trav\u00e9s de las copas de los bosques y los suelos boscosos ricos en hierbas. En ojos oscuros, crean una transformaci\u00f3n sutil pero distintiva que a\u00f1ade una dimensi\u00f3n y un car\u00e1cter notables. Para ojos naturalmente claros, estas <strong>Lentes de contacto para ojos marr\u00f3n claro Herb<\/strong> realzan tu color con una profundidad fascinante que hace que tu mirada sea m\u00e1s expresiva y singularmente intrigante. El resultado es una armon\u00eda perfecta, lo suficientemente distintiva como para despertar la curiosidad y lo suficientemente natural como para parecer aut\u00e9nticamente suya.<\/p>\n<h2>Agradecimiento a los influyentes<\/h2>\n<p><strong>BotanicalBeauty<\/strong> (1,4 millones de seguidores): \"\u00a1Estas lentillas Forest Herb Light Brown son mi secreto para contenidos que conectan con la naturaleza! La dimensi\u00f3n del color es tan singularmente hermosa y de aspecto completamente natural!\".<\/p>\n<p><strong>EarthyStyle<\/strong> (850.000 seguidores): \"Mi p\u00fablico pregunta constantemente por mis ojos cuando llevo estas lentillas de hierbas de color marr\u00f3n claro. Crean un efecto tan distintivo y a la vez tan cre\u00edble\".<\/p>\n<p><strong>BosqueEst\u00e9tica<\/strong> (2,0 millones de seguidores): \"Despu\u00e9s de probar innumerables lentillas de colores, estas Herb Light Brown se han convertido en mi look de cabecera. La comodidad y el color bot\u00e1nico natural son incomparables!\".<\/p>\n<h2>Experiencias de los clientes<\/h2>\n<p>\"\u00a1Estas lentillas marr\u00f3n claro con hierbas dieron a mis ojos oscuros una hermosa dimensi\u00f3n con sutiles tonos verdes que los hacen singularmente expresivos!\". - Sophia, 27 a\u00f1os<\/p>\n<p>\"Buscaba algo diferente que no pareciera artificial. Son perfectas: \u00a1el tono marr\u00f3n claro de las hierbas se distingue de forma tan natural!\". - Ethan, 32<\/p>\n<p>\"Como persona a la que le encanta el estilo inspirado en los bosques, estas lentes son el complemento ideal para mi est\u00e9tica natural\". - Olivia, 29 a\u00f1os<\/p>\n<p>\"Estas lentes fueron perfectas para las fotos de mi boda en el bosque: realzaron mis ojos con una hermosa dimensi\u00f3n que complementaba a la perfecci\u00f3n nuestro entorno boscoso\". - Noah, 31 a\u00f1os<\/p>\n<h2>Estiliza tus lentes de contacto marr\u00f3n claro Herb<\/h2>\n<p>Su <strong>Lentes de contacto Forest Herb Marr\u00f3n Claro<\/strong> son un accesorio de estilo vers\u00e1til para innumerables looks. Para un look diario natural, comb\u00ednalas con un maquillaje m\u00ednimo: basta con una m\u00e1scara de pesta\u00f1as y una tez fresca para que el marr\u00f3n claro con hierbas \u00fanico se convierta en tu se\u00f1a de identidad.<\/p>\n<p>Para una noche sofisticada, estas <strong>Lentes de contacto para ojos marr\u00f3n claro Herb<\/strong> crean magia cuando se combinan con sombras de ojos verde salvia, bronce o topo que complementan sus matices bot\u00e1nicos. La armon\u00eda entre tu maquillaje y la hierba marr\u00f3n claro crea un look cohesivo que es perfecto para fiestas en el jard\u00edn, retiros en el bosque, \u00a1o siempre que quieras un aspecto natural distintivo!<\/p>\n<p>Estos objetivos son especialmente atractivos para la fotograf\u00eda de exteriores, jardines bot\u00e1nicos y moda inspirada en la naturaleza. Imag\u00ednese c\u00f3mo el color marr\u00f3n claro de las hierbas complementar\u00e1 la ropa de tonos tierra y los tejidos naturales. Los fot\u00f3grafos aprecian c\u00f3mo estos <strong>Lentes de contacto Herb Marr\u00f3n Claro<\/strong> crean retratos con una profundidad y dimensi\u00f3n fascinantes, realzando sus rasgos naturales con una calidez bot\u00e1nica que sigue siendo completamente cre\u00edble.<\/p>\n<h2>\u00a1Experimente hoy mismo la transformaci\u00f3n de Herb Light Brown!<\/h2>\n<p>\u00bfPor qu\u00e9 elegir colores ordinarios cuando sus ojos pueden encarnar la belleza bot\u00e1nica natural con <strong>Lentes de contacto Herb Marr\u00f3n Claro<\/strong>? Su tacto c\u00f3modo, su color distintivo pero natural y su vers\u00e1til potencial de estilo las hacen perfectas para cualquiera que busque realzar su belleza innata con un toque de elegancia inspirada en el bosque.<\/p>\n<p>Ya sea para refrescar su aspecto cotidiano, para prepararse para fotografiar la naturaleza o simplemente para experimentar la confianza que dan unos ojos mejorados de forma \u00fanica, estos <strong>Lentes de contacto de hierba marr\u00f3n claro<\/strong> ofrecen el equilibrio perfecto entre car\u00e1cter distintivo y autenticidad natural. \u00a1Siente la diferencia cuando tu mirada transmite la serena calidez de la belleza del bosque en cada interacci\u00f3n!<\/p>\n<p>\u00bfPreparado para experimentar la transformaci\u00f3n del casta\u00f1o claro a base de hierbas? Eleve su look hoy y descubra por qu\u00e9 estos sofisticados <strong>Lentes de contacto Forest Herb Marr\u00f3n Claro<\/strong> se han convertido en la elecci\u00f3n esencial para crear impresiones realmente distintivas y naturalmente bellas. Sus ojos se merecen este toque de elegancia bot\u00e1nica.<\/p>","protected":false},"excerpt":{"rendered":"<p>Enchanting Forest Herb Light Brown Contact Lenses: Embrace Botanical Elegance! The Natural Allure of Herb Light Brown Contact Lenses Discover botanical beauty with our Forest Herb Light Brown Contact Lenses! These extraordinary Herb Light Brown Contact Lenses transform your gaze with a unique light brown infused with subtle herbal green undertones that evoke woodland tranquility. [&#8230;]\n","protected":false},"featured_media":2544,"comment_status":"open","ping_status":"closed","template":"","meta":[],"product_brand":[382],"product_cat":[188,91,80,72,100,101],"product_tag":[],"class_list":{"0":"post-2542","1":"product","2":"type-product","3":"status-publish","4":"has-post-thumbnail","6":"product_brand-bqeye","7":"product_cat-dream-contacts","8":"product_cat-14-2-mm","9":"product_cat-brown-contact-lenses","10":"product_cat-contact-lenses-by-color","11":"product_cat-daily-disposable","12":"product_cat-natural-contacts","14":"first","15":"instock","16":"sale","17":"shipping-taxable","18":"purchasable","19":"product-type-variable","20":"has-default-attributes"},"_links":{"self":[{"href":"https:\/\/bqeye.com\/es\/wp-json\/wp\/v2\/product\/2542","targetHints":{"allow":["GET"]}}],"collection":[{"href":"https:\/\/bqeye.com\/es\/wp-json\/wp\/v2\/product"}],"about":[{"href":"https:\/\/bqeye.com\/es\/wp-json\/wp\/v2\/types\/product"}],"replies":[{"embeddable":true,"href":"https:\/\/bqeye.com\/es\/wp-json\/wp\/v2\/comments?post=2542"}],"wp:featuredmedia":[{"embeddable":true,"href":"https:\/\/bqeye.com\/es\/wp-json\/wp\/v2\/media\/2544"}],"wp:attachment":[{"href":"https:\/\/bqeye.com\/es\/wp-json\/wp\/v2\/media?parent=2542"}],"wp:term":[{"taxonomy":"product_brand","embeddable":true,"href":"https:\/\/bqeye.com\/es\/wp-json\/wp\/v2\/product_brand?post=2542"},{"taxonomy":"product_cat","embeddable":true,"href":"https:\/\/bqeye.com\/es\/wp-json\/wp\/v2\/product_cat?post=2542"},{"taxonomy":"product_tag","embeddable":true,"href":"https:\/\/bqeye.com\/es\/wp-json\/wp\/v2\/product_tag?post=2542"}],"curies":[{"name":"wp","href":"https:\/\/api.w.org\/{rel}","templated":true}]}}