{"id":2553,"date":"2025-06-15T14:00:13","date_gmt":"2025-06-15T06:00:13","guid":{"rendered":"https:\/\/bqeye.com\/?post_type=product&#038;p=2553"},"modified":"2025-06-15T14:20:33","modified_gmt":"2025-06-15T06:20:33","slug":"aurora-mirror-grey-colored-contacts","status":"publish","type":"product","link":"https:\/\/bqeye.com\/es\/aurora-mirror-grey-colored-contacts\/","title":{"rendered":"Aurora Mirror Grey Lentillas de colores"},"content":{"rendered":"<h1>Aurora Mirror Grey Lentillas de colores<\/h1>\n<h2>\u00a1Cautivadores ojos reflectantes de color gris plateado para una transformaci\u00f3n impactante!<\/h2>\n<p>Experimente el poder hipnotizador de <strong>Aurora Mirror Grey Lentillas de colores<\/strong> dise\u00f1adas para quienes buscan una mirada et\u00e9rea y de otro mundo. Estas lentes de primera calidad presentan un tono gris plateado perfecto con una tecnolog\u00eda de reflejo de espejo distintiva que crea un encantador efecto dimensional cuando la luz juega a trav\u00e9s de sus ojos. El exclusivo gris espejo Aurora combina sofisticados tonos neutros con una sutil profundidad reflectante que capta la atenci\u00f3n en cualquier entorno. Cuando lleve estas <strong>Lentes Aurora Mirror Grey<\/strong>La mirada se convierte en el rasgo definitorio que realza todo tu aspecto.<\/p>\n<p>Estas lentes de primera calidad ofrecen un extraordinario reflejo gris plateado que se fotograf\u00eda de maravilla en distintas condiciones de iluminaci\u00f3n, creando efectos espectaculares a la luz del d\u00eda, con la iluminaci\u00f3n de un club o en sesiones fotogr\u00e1ficas profesionales. Para conseguir ese look perfecto que atrae todas las miradas y que combina elegancia con un toque de misterio, estas lentes de primera calidad son perfectas. <strong>Aurora Espejo Gris Contactos<\/strong> crear con precisi\u00f3n la apariencia visual necesaria para causar impresiones inolvidables.<\/p>\n<h2>Patrocinios de influencers de belleza<\/h2>\n<p><strong>GlamourGaze<\/strong> (1,6 millones de seguidores): \"\u00a1Estas lentillas Aurora mirror grey son esenciales para mis looks editoriales! El tono plateado reflectante crea un dramatismo perfecto para mis sesiones de fotos!\".<\/p>\n<p><strong>BeautyTransformer<\/strong> (920.000 seguidores): \"Mis seguidores me preguntan constantemente por mis ojos cuando llevo estas lentillas gris espejo. El reflejo dimensional crea un efecto \u00fanico\".<\/p>\n<p><strong>Est\u00e9tica ocular<\/strong> (2,1 millones de seguidores): \"Uso exclusivamente estas lentes para mis contenidos de alta costura. La comodidad durante los rodajes largos, combinada con una precisi\u00f3n de reflejos perfecta, \u00a1es incomparable!\".<\/p>\n<h2>Experiencias de los clientes<\/h2>\n<p>\"Estas lentes grises espejadas han transformado mi look por completo. La calidad reflectante es lo suficientemente sutil como para llevarlas a diario, pero lo suficientemente espectacular como para llamar la atenci\u00f3n.\" - Alex, 24 a\u00f1os<\/p>\n<p>\"Me los puse para una sesi\u00f3n de fotos de un d\u00eda entero y no pod\u00eda creer la comodidad. El gris se mantuvo vibrante y reflectante durante horas de sesi\u00f3n fotogr\u00e1fica con diferentes iluminaciones.\" - Jamie, 27<\/p>\n<p>\"Estas lentes proporcionaron exactamente el misterioso reflejo gris que buscaba. La atenci\u00f3n al detalle es notable\". - Taylor, 25 a\u00f1os<\/p>\n<p>\"Las lentes Aurora mirror grey fueron lo que hizo que mi maquillaje tuviera un aspecto realmente excepcional; todo el mundo destac\u00f3 espec\u00edficamente lo cautivadores que parec\u00edan mis ojos en las fotos.\" - Morgan, 26 a\u00f1os<\/p>\n<h2>Maximice su look Aurora Mirror Grey<\/h2>\n<p>Para un impacto de estilo excepcional, combina tu <strong>Lentes Aurora Mirror Grey<\/strong> \u00a1con maquillaje complementario! Perfeccione su tez y realce sus pesta\u00f1as para complementar la perfecta calidad reflectante de sus lentes.<\/p>\n<p>Estas lentes crean magia cuando se combinan con atuendos plateados, blancos o negros. La armon\u00eda entre su est\u00e9tica general y los ojos grises espejo crea un look sofisticado ideal para ocasiones especiales, sesiones de fotos y para causar impresiones inolvidables.<\/p>\n<p>Los fot\u00f3grafos aprecian c\u00f3mo estos <strong>Lentes Aurora Mirror Grey<\/strong> crea retratos con una profundidad incre\u00edble, realzando tu belleza natural con detalles oculares de calidad profesional que capturan cada matiz de luz y sombra a trav\u00e9s de la superficie reflectante.<\/p>\n<h2>\u00a1Experimente la transformaci\u00f3n hoy mismo!<\/h2>\n<p>\u00bfPor qu\u00e9 conformarse con lo ordinario cuando sus ojos pueden lograr un impacto extraordinario con <strong>Aurora Mirror Grey Lentillas de colores<\/strong>? Su comodidad superior, su extraordinario color reflectante y su calidad inigualable las hacen imprescindibles para quienes exigen perfecci\u00f3n en su est\u00e9tica.<\/p>\n<p>\u00bfPreparada para conseguir la transformaci\u00f3n de ojos definitiva? Mejore su mirada hoy mismo y descubra por qu\u00e9 estas <strong>Aurora Mirror Grey Lentillas de colores<\/strong> se han convertido en la elecci\u00f3n exclusiva de quienes buscan causar una impresi\u00f3n inolvidable.<\/p>","protected":false},"excerpt":{"rendered":"<p>Aurora Mirror Grey Colored Contacts Captivating Reflective Silver-Grey Eyes for Stunning Transformation! Experience the mesmerizing power of Aurora Mirror Grey Colored Contacts designed for those seeking an ethereal, otherworldly gaze! These premium lenses feature a perfect silver-grey hue with distinctive mirror reflection technology that creates an enchanting dimensional effect as light plays across your eyes. [&#8230;]\n","protected":false},"featured_media":2556,"comment_status":"open","ping_status":"closed","template":"","meta":[],"product_brand":[382],"product_cat":[387,92,72,158,81,98],"product_tag":[],"class_list":{"0":"post-2553","1":"product","2":"type-product","3":"status-publish","4":"has-post-thumbnail","6":"product_brand-bqeye","7":"product_cat-aurora-mirror","8":"product_cat-14-5-mm","9":"product_cat-contact-lenses-by-color","10":"product_cat-enlarge-contacts","11":"product_cat-grey-contact-lenses","12":"product_cat-yearly-disposable","14":"first","15":"instock","16":"sale","17":"shipping-taxable","18":"purchasable","19":"product-type-variable","20":"has-default-attributes"},"_links":{"self":[{"href":"https:\/\/bqeye.com\/es\/wp-json\/wp\/v2\/product\/2553","targetHints":{"allow":["GET"]}}],"collection":[{"href":"https:\/\/bqeye.com\/es\/wp-json\/wp\/v2\/product"}],"about":[{"href":"https:\/\/bqeye.com\/es\/wp-json\/wp\/v2\/types\/product"}],"replies":[{"embeddable":true,"href":"https:\/\/bqeye.com\/es\/wp-json\/wp\/v2\/comments?post=2553"}],"wp:featuredmedia":[{"embeddable":true,"href":"https:\/\/bqeye.com\/es\/wp-json\/wp\/v2\/media\/2556"}],"wp:attachment":[{"href":"https:\/\/bqeye.com\/es\/wp-json\/wp\/v2\/media?parent=2553"}],"wp:term":[{"taxonomy":"product_brand","embeddable":true,"href":"https:\/\/bqeye.com\/es\/wp-json\/wp\/v2\/product_brand?post=2553"},{"taxonomy":"product_cat","embeddable":true,"href":"https:\/\/bqeye.com\/es\/wp-json\/wp\/v2\/product_cat?post=2553"},{"taxonomy":"product_tag","embeddable":true,"href":"https:\/\/bqeye.com\/es\/wp-json\/wp\/v2\/product_tag?post=2553"}],"curies":[{"name":"wp","href":"https:\/\/api.w.org\/{rel}","templated":true}]}}