{"id":549,"date":"2023-09-09T11:06:18","date_gmt":"2023-09-09T11:06:18","guid":{"rendered":"https:\/\/bqeye.com\/?post_type=product&#038;p=549"},"modified":"2024-04-18T02:23:19","modified_gmt":"2024-04-18T02:23:19","slug":"bqeye-himalaya-blue-colored-contact-lenses","status":"publish","type":"product","link":"https:\/\/bqeye.com\/es\/bqeye-himalaya-blue-colored-contact-lenses\/","title":{"rendered":"Lentes de contacto BQeye Himalaya de color azul"},"content":{"rendered":"<div>Encuentra tu calma interior con las lentes de contacto de color azul BQeye Himalaya.<\/div>\n<div><\/div>\n<div>Inspiradas en los tonos vivos y relajantes del cielo del Himalaya, nuestras lentes de contacto Himalaya Blue abren sus ojos a un mundo de tranquilidad. Un lujoso tono azul gris\u00e1ceo realza el azul de tu iris para conseguir un efecto et\u00e9reo de spa.<\/div>\n<div><\/div>\n<div>Fabricadas con material de hidrogel de silicona hipoalerg\u00e9nico, las lentillas BQeye son excepcionalmente bien toleradas. El material suave y flexible se mueve con los ojos, por lo que te olvidar\u00e1s de que llevas lentillas. Su avanzada f\u00f3rmula hidratante mantiene tus ojos frescos durante todo el d\u00eda.<\/div>\n<div><\/div>\n<div>Tanto si anhela un oasis de calma como si desea transportarse a las cumbres del Himalaya, Himalaya Blue aporta un sutil toque de serenidad all\u00e1 donde le lleve el d\u00eda.<\/div>\n<div><\/div>\n<div>Disponible en exclusiva en el pack Sapphire Circle de BQeye, el Himalaya Blue crea un halo de azul curativo alrededor del iris. Adornadas con bendiciones s\u00e1nscritas para la paz, estas lentes te levantar\u00e1n el \u00e1nimo.<\/div>\n<div><\/div>\n<div>Satisfaga la necesidad de quietud de su alma con las lentes de contacto BQeye Himalaya Blue. Siente c\u00f3mo se disuelven las tensiones mientras las sombras del Himalaya calman tu mente, cuerpo y esp\u00edritu desde el interior.<\/div>","protected":false},"excerpt":{"rendered":"<p>Find your inner calm with BQeye Himalaya Blue Colored Contact Lenses. Inspired by the vivid yet soothing shades of the Himalayan sky, our Himalaya Blue contact lenses open your eyes to a world of tranquility. A luxuriouslite blue-gray tint brings out the azure in your irises for an ethereal, spa-like effect. Made from hypoallergenic silicone-hydrogelmaterial, [&#8230;]\n","protected":false},"featured_media":554,"comment_status":"open","ping_status":"closed","template":"","meta":[],"product_brand":[],"product_cat":[102,91,75,96,98],"product_tag":[],"class_list":{"0":"post-549","1":"product","2":"type-product","3":"status-publish","4":"has-post-thumbnail","6":"product_cat-himalaya","7":"product_cat-14-2-mm","8":"product_cat-blue-contact-lenses","9":"product_cat-non-prescription","10":"product_cat-yearly-disposable","12":"first","13":"instock","14":"sale","15":"shipping-taxable","16":"purchasable","17":"product-type-variable","18":"has-default-attributes"},"_links":{"self":[{"href":"https:\/\/bqeye.com\/es\/wp-json\/wp\/v2\/product\/549","targetHints":{"allow":["GET"]}}],"collection":[{"href":"https:\/\/bqeye.com\/es\/wp-json\/wp\/v2\/product"}],"about":[{"href":"https:\/\/bqeye.com\/es\/wp-json\/wp\/v2\/types\/product"}],"replies":[{"embeddable":true,"href":"https:\/\/bqeye.com\/es\/wp-json\/wp\/v2\/comments?post=549"}],"wp:featuredmedia":[{"embeddable":true,"href":"https:\/\/bqeye.com\/es\/wp-json\/wp\/v2\/media\/554"}],"wp:attachment":[{"href":"https:\/\/bqeye.com\/es\/wp-json\/wp\/v2\/media?parent=549"}],"wp:term":[{"taxonomy":"product_brand","embeddable":true,"href":"https:\/\/bqeye.com\/es\/wp-json\/wp\/v2\/product_brand?post=549"},{"taxonomy":"product_cat","embeddable":true,"href":"https:\/\/bqeye.com\/es\/wp-json\/wp\/v2\/product_cat?post=549"},{"taxonomy":"product_tag","embeddable":true,"href":"https:\/\/bqeye.com\/es\/wp-json\/wp\/v2\/product_tag?post=549"}],"curies":[{"name":"wp","href":"https:\/\/api.w.org\/{rel}","templated":true}]}}