{"id":591,"date":"2023-09-10T03:39:28","date_gmt":"2023-09-10T03:39:28","guid":{"rendered":"https:\/\/bqeye.com\/?post_type=product&#038;p=591"},"modified":"2024-04-18T02:23:16","modified_gmt":"2024-04-18T02:23:16","slug":"bqeye-himalaya-green-colored-contact-lenses","status":"publish","type":"product","link":"https:\/\/bqeye.com\/es\/bqeye-himalaya-green-colored-contact-lenses\/","title":{"rendered":"Lentes de contacto BQeye Himalaya de color verde"},"content":{"rendered":"<p>Como maquilladora, mi objetivo es ayudar a las mujeres a expresarse a trav\u00e9s de la belleza. Siempre busco los \u00faltimos productos que potencien la confianza en uno mismo desde dentro. Por eso estoy encantada de presentar a mis clientas las lentes de contacto de color verde BQeye Himalaya.<\/p>\n<p>Estas innovadoras lentes se han dise\u00f1ado no s\u00f3lo para transformar el color de los ojos, sino tambi\u00e9n para levantar el \u00e1nimo. Inspirado en los paisajes reparadores del Himalaya, este tono verde vibrante ilumina los ojos cansados con una oleada de cromoterapia. Tanto si elige realzar su iris natural como si opta por un tono m\u00e1s atrevido, Himalaya Green infunde un brillo refrescante de la ma\u00f1ana a la noche.<\/p>\n<p>Elaboradas con gel de silicona hidratante y potenciadores acu\u00e1ticos ricos en antioxidantes, las lentillas hidratan los ojos cansados sin irritarlos. Incluso los clientes sensibles han elogiado su comodidad durante todo el d\u00eda. Adem\u00e1s, su f\u00f3rmula hipoalerg\u00e9nica evita las antiest\u00e9ticas rojeces que pueden restar confianza.<\/p>\n<p>Durante las pruebas, los comentarios han sido abrumadoramente positivos. Muchas mujeres comentaron que sent\u00edan una energ\u00eda motivadora y una serenidad zen por el simple hecho de llevar estas lentillas. Un sutil cambio en el color de los ojos cre\u00f3 efectos palpables de bienestar.<\/p>\n<p>Como artista, nada me produce mayor satisfacci\u00f3n que ver c\u00f3mo el maquillaje transforma tanto la apariencia como la actitud. BQeye Himalaya Green demuestra que la belleza realmente viene de dentro, estilizando los ojos y elevando el esp\u00edritu. Me enorgullece ofrecer a mis clientes esta innovadora lente que potencia el interior y el exterior.<\/p>","protected":false},"excerpt":{"rendered":"<p>As a makeup artist, my goal is to help women express themselves through beauty. I&#8217;m always looking to curate the latest products that empower self-confidence from the inside out. That&#8217;s why I&#8217;m excited to introduce BQeye Himalaya Green Colored Contact Lenses to my clients. These innovative lenses were designed not only to transform eye color, [&#8230;]\n","protected":false},"featured_media":597,"comment_status":"open","ping_status":"closed","template":"","meta":[],"product_brand":[],"product_cat":[102,91,77,96,98],"product_tag":[],"class_list":{"0":"post-591","1":"product","2":"type-product","3":"status-publish","4":"has-post-thumbnail","6":"product_cat-himalaya","7":"product_cat-14-2-mm","8":"product_cat-green-contact-lenses","9":"product_cat-non-prescription","10":"product_cat-yearly-disposable","12":"first","13":"instock","14":"sale","15":"shipping-taxable","16":"purchasable","17":"product-type-variable","18":"has-default-attributes"},"_links":{"self":[{"href":"https:\/\/bqeye.com\/es\/wp-json\/wp\/v2\/product\/591","targetHints":{"allow":["GET"]}}],"collection":[{"href":"https:\/\/bqeye.com\/es\/wp-json\/wp\/v2\/product"}],"about":[{"href":"https:\/\/bqeye.com\/es\/wp-json\/wp\/v2\/types\/product"}],"replies":[{"embeddable":true,"href":"https:\/\/bqeye.com\/es\/wp-json\/wp\/v2\/comments?post=591"}],"wp:featuredmedia":[{"embeddable":true,"href":"https:\/\/bqeye.com\/es\/wp-json\/wp\/v2\/media\/597"}],"wp:attachment":[{"href":"https:\/\/bqeye.com\/es\/wp-json\/wp\/v2\/media?parent=591"}],"wp:term":[{"taxonomy":"product_brand","embeddable":true,"href":"https:\/\/bqeye.com\/es\/wp-json\/wp\/v2\/product_brand?post=591"},{"taxonomy":"product_cat","embeddable":true,"href":"https:\/\/bqeye.com\/es\/wp-json\/wp\/v2\/product_cat?post=591"},{"taxonomy":"product_tag","embeddable":true,"href":"https:\/\/bqeye.com\/es\/wp-json\/wp\/v2\/product_tag?post=591"}],"curies":[{"name":"wp","href":"https:\/\/api.w.org\/{rel}","templated":true}]}}