{"id":636,"date":"2023-09-10T09:04:32","date_gmt":"2023-09-10T09:04:32","guid":{"rendered":"https:\/\/bqeye.com\/?post_type=product&#038;p=636"},"modified":"2024-04-18T02:23:13","modified_gmt":"2024-04-18T02:23:13","slug":"bqeye-himalaya-brown-colored-contact-lenses","status":"publish","type":"product","link":"https:\/\/bqeye.com\/es\/bqeye-himalaya-brown-colored-contact-lenses\/","title":{"rendered":"Lentillas BQeye Himalaya de Color Marr\u00f3n"},"content":{"rendered":"<div>Como profesional del maquillaje, mi objetivo es ayudar a las mujeres no s\u00f3lo a realzar su belleza natural, sino a sentirse seguras de s\u00ed mismas desde dentro. Por eso estoy tan entusiasmada con el \u00faltimo producto de BQeye: las lentes de contacto de color marr\u00f3n Himalaya.<\/div>\n<div><\/div>\n<div>Este tono chocolate intenso se cre\u00f3 para canalizar las energ\u00edas reparadoras de las majestuosas cordilleras del Himalaya. Tanto si elige resaltar los matices c\u00e1lidos de su iris como si opta por una transformaci\u00f3n llamativa, el Marr\u00f3n Himalaya envuelve los ojos en un aura relajante y de spa.<\/div>\n<div><\/div>\n<div>Durante las pruebas, me impresion\u00f3 c\u00f3mo levantaba y defin\u00eda los ojos de todas las formas y rostros. Adem\u00e1s, sus propiedades hipoalerg\u00e9nicas evitan las imperfecciones que, de otro modo, podr\u00edan empa\u00f1ar el estado de \u00e1nimo.<\/div>\n<div><\/div>\n<div>Muchas mujeres notaron una sensaci\u00f3n de calma centrada simplemente por llevar esta lente. La sutil cromoterapia que proporciona tiene un impacto real en el bienestar y aumenta la confianza desde el interior.<\/div>\n<div><\/div>\n<div>Como artista, ver c\u00f3mo algo tan simple como el color de ojos cambiaba el comportamiento fue inspirador. BQeye Himalaya Brown demuestra que la belleza puede estilizar el aspecto y levantar el \u00e1nimo. Estoy encantada de ofrecer esta innovadora lente que permite a las mujeres sentirse y verse lo mejor posible\".<\/div>","protected":false},"excerpt":{"rendered":"<p>As a makeup professional, my goal is to help women not only enhance their natural beauty, but feel confident from the inside out. That&#8217;s why I&#8217;m so excited about BQeye&#8217;s latest product &#8211; the Himalaya Brown Colored Contact Lenses. This rich chocolate hue was crafted to channel the restorative energies of the majestic Himalayan ranges. [&#8230;]\n","protected":false},"featured_media":642,"comment_status":"open","ping_status":"closed","template":"","meta":[],"product_brand":[],"product_cat":[102,91,80,96,98],"product_tag":[],"class_list":{"0":"post-636","1":"product","2":"type-product","3":"status-publish","4":"has-post-thumbnail","6":"product_cat-himalaya","7":"product_cat-14-2-mm","8":"product_cat-brown-contact-lenses","9":"product_cat-non-prescription","10":"product_cat-yearly-disposable","12":"first","13":"instock","14":"sale","15":"shipping-taxable","16":"purchasable","17":"product-type-variable","18":"has-default-attributes"},"_links":{"self":[{"href":"https:\/\/bqeye.com\/es\/wp-json\/wp\/v2\/product\/636","targetHints":{"allow":["GET"]}}],"collection":[{"href":"https:\/\/bqeye.com\/es\/wp-json\/wp\/v2\/product"}],"about":[{"href":"https:\/\/bqeye.com\/es\/wp-json\/wp\/v2\/types\/product"}],"replies":[{"embeddable":true,"href":"https:\/\/bqeye.com\/es\/wp-json\/wp\/v2\/comments?post=636"}],"wp:featuredmedia":[{"embeddable":true,"href":"https:\/\/bqeye.com\/es\/wp-json\/wp\/v2\/media\/642"}],"wp:attachment":[{"href":"https:\/\/bqeye.com\/es\/wp-json\/wp\/v2\/media?parent=636"}],"wp:term":[{"taxonomy":"product_brand","embeddable":true,"href":"https:\/\/bqeye.com\/es\/wp-json\/wp\/v2\/product_brand?post=636"},{"taxonomy":"product_cat","embeddable":true,"href":"https:\/\/bqeye.com\/es\/wp-json\/wp\/v2\/product_cat?post=636"},{"taxonomy":"product_tag","embeddable":true,"href":"https:\/\/bqeye.com\/es\/wp-json\/wp\/v2\/product_tag?post=636"}],"curies":[{"name":"wp","href":"https:\/\/api.w.org\/{rel}","templated":true}]}}