{"id":644,"date":"2023-09-10T09:45:11","date_gmt":"2023-09-10T09:45:11","guid":{"rendered":"https:\/\/bqeye.com\/?post_type=product&#038;p=644"},"modified":"2024-04-18T02:23:09","modified_gmt":"2024-04-18T02:23:09","slug":"bqeye-himalaya-grey-colored-contact-lenses","status":"publish","type":"product","link":"https:\/\/bqeye.com\/es\/bqeye-himalaya-grey-colored-contact-lenses\/","title":{"rendered":"Lentes de contacto BQeye Himalaya de color gris"},"content":{"rendered":"<p>Abraza la belleza minimalista con las lentes de contacto de color BQeye Himalaya Grey. Inspiradas en los sutiles pero llamativos colores del cielo del Himalaya, esta suave tonalidad gris a\u00f1ade un aire de refinamiento a la mirada.<\/p>\n<p>Ya sea para realzar los matices fr\u00edos de su iris natural o para optar por un cambio m\u00e1s dram\u00e1tico, Himalaya Grey confiere a los ojos un aura elegante y zen. El material de hidrogel de silicona, muy c\u00f3modo, se mueve tangencialmente con los ojos para que te olvides de que llevas lentillas.<\/p>\n<p>Las lentillas Himalaya Grey, hipoalerg\u00e9nicas e impregnadas de ingredientes esenciales que mantienen la hidrataci\u00f3n, cuidan incluso de los ojos m\u00e1s sensibles. Los usuarios disfrutan de una visi\u00f3n fresca y revitalizada sin rojeces ni molestias durante todo el d\u00eda.<\/p>\n<p>Durante las pruebas, los clientes elogiaron la tranquilidad que aportaba a su mirada y a su visi\u00f3n general. Adem\u00e1s, el gris sublime de la lente centra la atenci\u00f3n en los ojos de una forma llamativa y serena.<\/p>\n<p>Adorne sus ojos con discreta elegancia gracias a BQeye Himalaya Grey. Sutil pero poderosa, esta lente permite que la quietud interior brille simplemente cambiando el estado de \u00e1nimo del color de tus ojos.<\/p>","protected":false},"excerpt":{"rendered":"<p>Embrace minimalist beauty with the BQeye Himalaya Grey Colored Contact Lenses. Drawing inspiration from the subtle yet striking colors of the Himalayan skies, this soft grey hue adds an air of refinement to one&#8217;s gaze. Whether playing up cool undertones in your natural iris or opting for a more dramatic shift, Himalaya Grey lends an [&#8230;]\n","protected":false},"featured_media":652,"comment_status":"open","ping_status":"closed","template":"","meta":[],"product_brand":[],"product_cat":[102,91,81,96,98],"product_tag":[],"class_list":{"0":"post-644","1":"product","2":"type-product","3":"status-publish","4":"has-post-thumbnail","6":"product_cat-himalaya","7":"product_cat-14-2-mm","8":"product_cat-grey-contact-lenses","9":"product_cat-non-prescription","10":"product_cat-yearly-disposable","12":"first","13":"instock","14":"sale","15":"shipping-taxable","16":"purchasable","17":"product-type-variable","18":"has-default-attributes"},"_links":{"self":[{"href":"https:\/\/bqeye.com\/es\/wp-json\/wp\/v2\/product\/644","targetHints":{"allow":["GET"]}}],"collection":[{"href":"https:\/\/bqeye.com\/es\/wp-json\/wp\/v2\/product"}],"about":[{"href":"https:\/\/bqeye.com\/es\/wp-json\/wp\/v2\/types\/product"}],"replies":[{"embeddable":true,"href":"https:\/\/bqeye.com\/es\/wp-json\/wp\/v2\/comments?post=644"}],"wp:featuredmedia":[{"embeddable":true,"href":"https:\/\/bqeye.com\/es\/wp-json\/wp\/v2\/media\/652"}],"wp:attachment":[{"href":"https:\/\/bqeye.com\/es\/wp-json\/wp\/v2\/media?parent=644"}],"wp:term":[{"taxonomy":"product_brand","embeddable":true,"href":"https:\/\/bqeye.com\/es\/wp-json\/wp\/v2\/product_brand?post=644"},{"taxonomy":"product_cat","embeddable":true,"href":"https:\/\/bqeye.com\/es\/wp-json\/wp\/v2\/product_cat?post=644"},{"taxonomy":"product_tag","embeddable":true,"href":"https:\/\/bqeye.com\/es\/wp-json\/wp\/v2\/product_tag?post=644"}],"curies":[{"name":"wp","href":"https:\/\/api.w.org\/{rel}","templated":true}]}}