{"id":719,"date":"2023-09-11T08:13:12","date_gmt":"2023-09-11T08:13:12","guid":{"rendered":"https:\/\/bqeye.com\/?post_type=product&#038;p=719"},"modified":"2024-04-18T02:23:02","modified_gmt":"2024-04-18T02:23:02","slug":"bqeye-polar-lights-yellow-green-colored-contact-lenses","status":"publish","type":"product","link":"https:\/\/bqeye.com\/es\/bqeye-polar-lights-yellow-green-colored-contact-lenses\/","title":{"rendered":"Lentes de Contacto de Color BQeye Polar Lights Amarillo Verde"},"content":{"rendered":"<p>Canaliza las cautivadoras tonalidades de la aurora boreal con las lentes de contacto de color Polar Lights Yellow Green de BQeye.<\/p>\n<p>Inspirado en las radiantes Auroras Boreales, este vivo tono amarillo verdoso imita los vivos colores danzantes que iluminan los cielos \u00e1rticos. Ya sea para realzar los matices c\u00e1lidos o para optar por una transformaci\u00f3n llamativa, las lentes de contacto de color Polar Lights Yellow Green sumergen los ojos en un brillo luminoso.<\/p>\n<p>Fabricadas con nuestro material especializado Hydralens, estas lentes de contacto proporcionan una ilusi\u00f3n de vitalidad durante todo el d\u00eda que es tan llamativa como c\u00f3moda. Su innovadora f\u00f3rmula tambi\u00e9n protege los ojos de la sequedad y la irritaci\u00f3n, para que los usuarios puedan centrarse en su fascinante nueva mirada.<\/p>\n<p>Durante las pruebas, llovieron los elogios sobre la \"belleza de otro mundo\" que ten\u00edan ahora unos ojos cautivadores. Quienes los llevaban dec\u00edan sentirse misteriosamente encantadores, tan animados como la propia aurora boreal.<\/p>\n<p>Deja que las lentes de contacto de color BQeye Polar Lights Yellow Green te transporten a nuevas dimensiones de color cada d\u00eda. A\u00f1ade un toque de encanto m\u00e1gico a cada mirada con lentes tan impresionantes e inolvidables como el mayor espect\u00e1culo de la naturaleza.<\/p>","protected":false},"excerpt":{"rendered":"<p>Channel the captivating hues of the Northern Lights with BQeye&#8217;s Polar Lights Yellow Green colored contact lenses. Drawing from the radiant Aurora Borealis displays, this lively yellow-green shade mimics the vivid dancing colors that illuminate Arctic skies. Whether playing up warmer undertones or opting for an eye-catching transformation, Polar Lights Yellow Green colored contact lenses [&#8230;]\n","protected":false},"featured_media":726,"comment_status":"open","ping_status":"closed","template":"","meta":[],"product_brand":[],"product_cat":[106,91,77,96,98],"product_tag":[],"class_list":{"0":"post-719","1":"product","2":"type-product","3":"status-publish","4":"has-post-thumbnail","6":"product_cat-polar-lights","7":"product_cat-14-2-mm","8":"product_cat-green-contact-lenses","9":"product_cat-non-prescription","10":"product_cat-yearly-disposable","12":"first","13":"instock","14":"sale","15":"shipping-taxable","16":"purchasable","17":"product-type-variable","18":"has-default-attributes"},"_links":{"self":[{"href":"https:\/\/bqeye.com\/es\/wp-json\/wp\/v2\/product\/719","targetHints":{"allow":["GET"]}}],"collection":[{"href":"https:\/\/bqeye.com\/es\/wp-json\/wp\/v2\/product"}],"about":[{"href":"https:\/\/bqeye.com\/es\/wp-json\/wp\/v2\/types\/product"}],"replies":[{"embeddable":true,"href":"https:\/\/bqeye.com\/es\/wp-json\/wp\/v2\/comments?post=719"}],"wp:featuredmedia":[{"embeddable":true,"href":"https:\/\/bqeye.com\/es\/wp-json\/wp\/v2\/media\/726"}],"wp:attachment":[{"href":"https:\/\/bqeye.com\/es\/wp-json\/wp\/v2\/media?parent=719"}],"wp:term":[{"taxonomy":"product_brand","embeddable":true,"href":"https:\/\/bqeye.com\/es\/wp-json\/wp\/v2\/product_brand?post=719"},{"taxonomy":"product_cat","embeddable":true,"href":"https:\/\/bqeye.com\/es\/wp-json\/wp\/v2\/product_cat?post=719"},{"taxonomy":"product_tag","embeddable":true,"href":"https:\/\/bqeye.com\/es\/wp-json\/wp\/v2\/product_tag?post=719"}],"curies":[{"name":"wp","href":"https:\/\/api.w.org\/{rel}","templated":true}]}}