{"id":768,"date":"2023-09-11T13:51:20","date_gmt":"2023-09-11T13:51:20","guid":{"rendered":"https:\/\/bqeye.com\/?post_type=product&#038;p=768"},"modified":"2024-04-18T02:22:49","modified_gmt":"2024-04-18T02:22:49","slug":"bqeye-cocktail-greyhound-colored-contact-lenses","status":"publish","type":"product","link":"https:\/\/bqeye.com\/es\/bqeye-cocktail-greyhound-colored-contact-lenses\/","title":{"rendered":"Lentes de contacto de color BQeye Cocktail Greyhound"},"content":{"rendered":"<p>A\u00f1ade un toque de sofisticaci\u00f3n a tu look con las lentes de contacto de color Cocktail Greyhound de BQeye, inspiradas en el ic\u00f3nico c\u00f3ctel del mismo nombre.<\/p>\n<p>Con matices sutiles pero vivos que imitan el tono gris p\u00e1lido del zumo de pomelo fresco combinado con vodka crujiente, estas lentes resaltan los ojos con un look chic sin esfuerzo. Ya sea realzando los tonos naturales u optando por un cambio m\u00e1s atrevido, Cocktail Greyhound impregna los ojos con un refrescante toque de encanto a la hora del c\u00f3ctel.<\/p>\n<p>Fabricadas con material de hidrogel transpirable, las lentes priorizan la comodidad durante todo el d\u00eda junto con un cambio de color vers\u00e1til. Su f\u00f3rmula de \u00faltima generaci\u00f3n tambi\u00e9n protege los ojos de las agresiones ambientales, garantizando una visi\u00f3n tan n\u00edtida como el propio c\u00f3ctel.<\/p>\n<p>Durante las pruebas de mercado, los usuarios describieron que se sent\u00edan naturalmente elegantes con s\u00f3lo a\u00f1adir un toque de gris a su mirada. Como la propia bebida atemporal, las lentes de contacto de color Cocktail Greyhound Grey est\u00e1n destinadas a convertirse en una opci\u00f3n imprescindible para realzar los looks cotidianos sin esfuerzo.<\/p>\n<p>Dale vida a tu estilo con un toque de inspiraci\u00f3n c\u00f3ctel de BQeye. Pide ya tus lentillas Cocktail Greyhound para a\u00f1adir un toque refrescante a tu look, tan ic\u00f3nico como la bebida hom\u00f3nima.<\/p>","protected":false},"excerpt":{"rendered":"<p>Add a touch of sophistication to your look with BQeye&#8217;s Cocktail Greyhound colored contact lenses, inspired by the iconic cocktail of the same name. With subtle yet lively undertones that mimic the pale grey hue of fresh grapefruit juice combined with crisp vodka, these lenses bring out the eyes with a look that is effortlessly [&#8230;]\n","protected":false},"featured_media":775,"comment_status":"open","ping_status":"closed","template":"","meta":[],"product_brand":[],"product_cat":[137,91,81,96,98],"product_tag":[],"class_list":{"0":"post-768","1":"product","2":"type-product","3":"status-publish","4":"has-post-thumbnail","6":"product_cat-cocktail","7":"product_cat-14-2-mm","8":"product_cat-grey-contact-lenses","9":"product_cat-non-prescription","10":"product_cat-yearly-disposable","12":"first","13":"instock","14":"sale","15":"shipping-taxable","16":"purchasable","17":"product-type-variable","18":"has-default-attributes"},"_links":{"self":[{"href":"https:\/\/bqeye.com\/es\/wp-json\/wp\/v2\/product\/768","targetHints":{"allow":["GET"]}}],"collection":[{"href":"https:\/\/bqeye.com\/es\/wp-json\/wp\/v2\/product"}],"about":[{"href":"https:\/\/bqeye.com\/es\/wp-json\/wp\/v2\/types\/product"}],"replies":[{"embeddable":true,"href":"https:\/\/bqeye.com\/es\/wp-json\/wp\/v2\/comments?post=768"}],"wp:featuredmedia":[{"embeddable":true,"href":"https:\/\/bqeye.com\/es\/wp-json\/wp\/v2\/media\/775"}],"wp:attachment":[{"href":"https:\/\/bqeye.com\/es\/wp-json\/wp\/v2\/media?parent=768"}],"wp:term":[{"taxonomy":"product_brand","embeddable":true,"href":"https:\/\/bqeye.com\/es\/wp-json\/wp\/v2\/product_brand?post=768"},{"taxonomy":"product_cat","embeddable":true,"href":"https:\/\/bqeye.com\/es\/wp-json\/wp\/v2\/product_cat?post=768"},{"taxonomy":"product_tag","embeddable":true,"href":"https:\/\/bqeye.com\/es\/wp-json\/wp\/v2\/product_tag?post=768"}],"curies":[{"name":"wp","href":"https:\/\/api.w.org\/{rel}","templated":true}]}}