{"id":794,"date":"2023-09-11T14:36:57","date_gmt":"2023-09-11T14:36:57","guid":{"rendered":"https:\/\/bqeye.com\/?post_type=product&#038;p=794"},"modified":"2024-04-18T02:22:39","modified_gmt":"2024-04-18T02:22:39","slug":"bqeye-cocktail-green-hornet-colored-contact-lenses","status":"publish","type":"product","link":"https:\/\/bqeye.com\/es\/bqeye-cocktail-green-hornet-colored-contact-lenses\/","title":{"rendered":"Lentes de Contacto de Color BQeye Cocktail Green Hornet"},"content":{"rendered":"<p>Entra en la hora del c\u00f3ctel con un vibrante estallido de color gracias a las lentes de contacto de color Cocktail Green Hornet de BQeye.<\/p>\n<p>Inspiradas en el fresco tono verde de la bebida del mismo nombre, estas lentillas infunden a los ojos un en\u00e9rgico tono esmeralda. Ya sea con tonos naturales o con una transformaci\u00f3n electrizante, Green Hornet envuelve los ojos con un look atrevido, refrescante y lleno de encanto.<\/p>\n<p>Fabricadas con material HEMA, las lentes mantienen un color deslumbrante y garantizan un confort similar al de la piel durante toda la fiesta. Su f\u00f3rmula avanzada tambi\u00e9n protege los delicados ojos de las agresiones ambientales, para que los fiesteros puedan bailar hasta bien entrada la noche.<\/p>\n<p>Durante las pruebas de producto, los usuarios describieron sentirse animadamente audaces con sus nuevas miradas verdes. Como la propia bebida, las lentes Green Hornet a\u00f1aden un toque de sofisticada aventura a cualquier ocasi\u00f3n.<\/p>\n<p>Convi\u00e9rtete en el alma de la fiesta con las lentes de contacto de color BQeye Cocktail Green Hornet. Pide las tuyas hoy mismo para dar un toque de color esmeralda a cada reuni\u00f3n, tan animada y brillante como el ic\u00f3nico c\u00f3ctel.<\/p>","protected":false},"excerpt":{"rendered":"<p>Buzz into the cocktail hour with a vibrant pop of color from BQeye&#8217;s Cocktail Green Hornet colored contact lenses. Taking cues from the crisp green hue of the eponymous tipple, these contacts infuse eyes with an energetic emerald shade. Whether playing up natural tones or opting for an electrifying transformation, Green Hornet wraps eyes in [&#8230;]\n","protected":false},"featured_media":801,"comment_status":"open","ping_status":"closed","template":"","meta":[],"product_brand":[],"product_cat":[137,91,77,96,98],"product_tag":[],"class_list":{"0":"post-794","1":"product","2":"type-product","3":"status-publish","4":"has-post-thumbnail","6":"product_cat-cocktail","7":"product_cat-14-2-mm","8":"product_cat-green-contact-lenses","9":"product_cat-non-prescription","10":"product_cat-yearly-disposable","12":"first","13":"instock","14":"sale","15":"shipping-taxable","16":"purchasable","17":"product-type-variable","18":"has-default-attributes"},"_links":{"self":[{"href":"https:\/\/bqeye.com\/es\/wp-json\/wp\/v2\/product\/794","targetHints":{"allow":["GET"]}}],"collection":[{"href":"https:\/\/bqeye.com\/es\/wp-json\/wp\/v2\/product"}],"about":[{"href":"https:\/\/bqeye.com\/es\/wp-json\/wp\/v2\/types\/product"}],"replies":[{"embeddable":true,"href":"https:\/\/bqeye.com\/es\/wp-json\/wp\/v2\/comments?post=794"}],"wp:featuredmedia":[{"embeddable":true,"href":"https:\/\/bqeye.com\/es\/wp-json\/wp\/v2\/media\/801"}],"wp:attachment":[{"href":"https:\/\/bqeye.com\/es\/wp-json\/wp\/v2\/media?parent=794"}],"wp:term":[{"taxonomy":"product_brand","embeddable":true,"href":"https:\/\/bqeye.com\/es\/wp-json\/wp\/v2\/product_brand?post=794"},{"taxonomy":"product_cat","embeddable":true,"href":"https:\/\/bqeye.com\/es\/wp-json\/wp\/v2\/product_cat?post=794"},{"taxonomy":"product_tag","embeddable":true,"href":"https:\/\/bqeye.com\/es\/wp-json\/wp\/v2\/product_tag?post=794"}],"curies":[{"name":"wp","href":"https:\/\/api.w.org\/{rel}","templated":true}]}}