{"id":803,"date":"2023-09-11T14:57:59","date_gmt":"2023-09-11T14:57:59","guid":{"rendered":"https:\/\/bqeye.com\/?post_type=product&#038;p=803"},"modified":"2024-04-18T02:22:36","modified_gmt":"2024-04-18T02:22:36","slug":"bqeye-dna-taylor-purple-colored-contact-lenses","status":"publish","type":"product","link":"https:\/\/bqeye.com\/es\/bqeye-dna-taylor-purple-colored-contact-lenses\/","title":{"rendered":"Lentes de Contacto de Color Morado BQeye DNA Taylor"},"content":{"rendered":"<div>Canaliza tonos reales con las lentes de contacto de color DNA Taylor Purple de BQeye.<\/div>\n<div><\/div>\n<div>Inspirada en la hipn\u00f3tica paleta de sombras de ojos lavanda de la maquilladora Pat McGrath, esta arrebatadora mirada violeta seduce con sabor aristocr\u00e1tico. Ya sea jugando con los tonos naturales u optando por la realeza llamativa, DNA Taylor Purple corona los ojos con un look digno de alfombras rojas de prestigio.<\/div>\n<div><\/div>\n<div>Fabricadas con HEMA hidratante, las lentes de contacto de color mantienen el color personalizado durante todo el d\u00eda con total comodidad. Su revolucionaria f\u00f3rmula tambi\u00e9n protege los ojos de las agresiones medioambientales, para que reine la m\u00edstica.<\/div>\n<div><\/div>\n<div>Durante las pruebas de mercado, los admiradores calificaron la nueva mirada de \"p\u00farpura majestuoso\" nada menos que de \"obra de arte\". Los usuarios hablaron de sentirse suntuosamente poderosos, tan extravagantemente cautivadores como la legendaria mirada del ic\u00f3nico artista.<\/div>\n<div><\/div>\n<div>Domina las pasarelas y las alfombras rojas con las lentes de contacto de color BQeye DNA Taylor Purple. Pon a los c\u00edrculos m\u00e1s exclusivos de Hollywood bajo tu hipn\u00f3tico hechizo violeta a trav\u00e9s de colores tan luminosos como lujosos. Haz tu pedido ahora para hacer una gran entrada en cualquier evento, digna de los reinados p\u00farpuras m\u00e1s prestigiosos del mundo.<\/div>","protected":false},"excerpt":{"rendered":"<p>Channel royal tones with BQeye&#8217;s DNA Taylor Purple colored contact lenses. Inspired by makeup artist Pat McGrath&#8217;s hypnotic lavender eyeshadow palette, this arresting violet gaze seduces with aristocratic flavor. Whether playing up natural tones or opting for eye-catching royalty, DNA Taylor Purple crowns eyes with a look fit for prestigious red carpets. Crafted from moisture-infused [&#8230;]\n","protected":false},"featured_media":813,"comment_status":"open","ping_status":"closed","template":"","meta":[],"product_brand":[],"product_cat":[178,91,96,82,98],"product_tag":[],"class_list":{"0":"post-803","1":"product","2":"type-product","3":"status-publish","4":"has-post-thumbnail","6":"product_cat-dna-taylor","7":"product_cat-14-2-mm","8":"product_cat-non-prescription","9":"product_cat-purple-contact-lenses","10":"product_cat-yearly-disposable","12":"first","13":"instock","14":"sale","15":"shipping-taxable","16":"purchasable","17":"product-type-variable","18":"has-default-attributes"},"_links":{"self":[{"href":"https:\/\/bqeye.com\/es\/wp-json\/wp\/v2\/product\/803","targetHints":{"allow":["GET"]}}],"collection":[{"href":"https:\/\/bqeye.com\/es\/wp-json\/wp\/v2\/product"}],"about":[{"href":"https:\/\/bqeye.com\/es\/wp-json\/wp\/v2\/types\/product"}],"replies":[{"embeddable":true,"href":"https:\/\/bqeye.com\/es\/wp-json\/wp\/v2\/comments?post=803"}],"wp:featuredmedia":[{"embeddable":true,"href":"https:\/\/bqeye.com\/es\/wp-json\/wp\/v2\/media\/813"}],"wp:attachment":[{"href":"https:\/\/bqeye.com\/es\/wp-json\/wp\/v2\/media?parent=803"}],"wp:term":[{"taxonomy":"product_brand","embeddable":true,"href":"https:\/\/bqeye.com\/es\/wp-json\/wp\/v2\/product_brand?post=803"},{"taxonomy":"product_cat","embeddable":true,"href":"https:\/\/bqeye.com\/es\/wp-json\/wp\/v2\/product_cat?post=803"},{"taxonomy":"product_tag","embeddable":true,"href":"https:\/\/bqeye.com\/es\/wp-json\/wp\/v2\/product_tag?post=803"}],"curies":[{"name":"wp","href":"https:\/\/api.w.org\/{rel}","templated":true}]}}