{"id":814,"date":"2023-09-11T15:19:13","date_gmt":"2023-09-11T15:19:13","guid":{"rendered":"https:\/\/bqeye.com\/?post_type=product&#038;p=814"},"modified":"2024-04-18T02:22:32","modified_gmt":"2024-04-18T02:22:32","slug":"bqeye-dna-taylor-green-colored-contact-lenses","status":"publish","type":"product","link":"https:\/\/bqeye.com\/es\/bqeye-dna-taylor-green-colored-contact-lenses\/","title":{"rendered":"Lentes de Contacto de Color Verde BQeye DNA Taylor"},"content":{"rendered":"<p>Saca la reina de cuento que llevas dentro con las lentillas de colores DNA Taylor Green de BQeye.<\/p>\n<p>Inspirada en la m\u00edstica sombra de ojos esmeralda de Pat McGrath, esta cautivadora mirada verde corona los ojos con un hechizo radiante y real. Ya sea acentuando los tonos naturales u optando por una transformaci\u00f3n fascinante, DNA Taylor Green envuelve los ojos con una mirada sacada directamente de las fastuosas p\u00e1ginas de la leyenda.<\/p>\n<p>Fabricadas con material HEMA hidratante, las lentes mantienen un color vibrante durante todo el d\u00eda con un lujo confortable. Su revolucionaria f\u00f3rmula tambi\u00e9n protege los ojos de los da\u00f1os medioambientales, para que el encanto reine libremente.<\/p>\n<p>Durante las pruebas del producto, las admiradoras declararon que la nueva mirada \"Spellbinding green\" era nada menos que m\u00e1gica. Las usuarias se sintieron majestuosamente hechizadas, tan extravagantemente seductoras como las fantas\u00edas de la ic\u00f3nica maquilladora.<\/p>\n<p>Domina tus dominios de cuento de hadas con las lentes de contacto de color BQeye DNA Taylor Green. Embruja a las veladas m\u00e1s exclusivas de Hollywood con colores tan m\u00e1gicos como las obras maestras de Pat McGrath. Haz tu pedido ahora para tejer maravillas en cualquier reuni\u00f3n, dignas de los ensue\u00f1os m\u00e1s verdes de la realeza.<\/p>","protected":false},"excerpt":{"rendered":"<p>Channel your inner fairytale queen with BQeye&#8217;s DNA Taylor Green colored contact lenses. Inspired by Pat McGrath&#8217;s mystical emerald eyeshadow look, this arresting green gaze crowns eyes with a radiant, regal spell. Whether accentuating natural hues or opting for an entrancing transformation, DNA Taylor Green wraps eyes in a look straight from legend&#8217;s lavish pages. [&#8230;]\n","protected":false},"featured_media":820,"comment_status":"open","ping_status":"closed","template":"","meta":[],"product_brand":[],"product_cat":[178,91,77,96,98],"product_tag":[],"class_list":{"0":"post-814","1":"product","2":"type-product","3":"status-publish","4":"has-post-thumbnail","6":"product_cat-dna-taylor","7":"product_cat-14-2-mm","8":"product_cat-green-contact-lenses","9":"product_cat-non-prescription","10":"product_cat-yearly-disposable","12":"first","13":"instock","14":"sale","15":"shipping-taxable","16":"purchasable","17":"product-type-variable","18":"has-default-attributes"},"_links":{"self":[{"href":"https:\/\/bqeye.com\/es\/wp-json\/wp\/v2\/product\/814","targetHints":{"allow":["GET"]}}],"collection":[{"href":"https:\/\/bqeye.com\/es\/wp-json\/wp\/v2\/product"}],"about":[{"href":"https:\/\/bqeye.com\/es\/wp-json\/wp\/v2\/types\/product"}],"replies":[{"embeddable":true,"href":"https:\/\/bqeye.com\/es\/wp-json\/wp\/v2\/comments?post=814"}],"wp:featuredmedia":[{"embeddable":true,"href":"https:\/\/bqeye.com\/es\/wp-json\/wp\/v2\/media\/820"}],"wp:attachment":[{"href":"https:\/\/bqeye.com\/es\/wp-json\/wp\/v2\/media?parent=814"}],"wp:term":[{"taxonomy":"product_brand","embeddable":true,"href":"https:\/\/bqeye.com\/es\/wp-json\/wp\/v2\/product_brand?post=814"},{"taxonomy":"product_cat","embeddable":true,"href":"https:\/\/bqeye.com\/es\/wp-json\/wp\/v2\/product_cat?post=814"},{"taxonomy":"product_tag","embeddable":true,"href":"https:\/\/bqeye.com\/es\/wp-json\/wp\/v2\/product_tag?post=814"}],"curies":[{"name":"wp","href":"https:\/\/api.w.org\/{rel}","templated":true}]}}