{"id":859,"date":"2023-09-12T03:31:44","date_gmt":"2023-09-12T03:31:44","guid":{"rendered":"https:\/\/bqeye.com\/?post_type=product&#038;p=859"},"modified":"2024-04-18T02:22:19","modified_gmt":"2024-04-18T02:22:19","slug":"bqeye-trinity-green-colored-contact-lenses","status":"publish","type":"product","link":"https:\/\/bqeye.com\/es\/bqeye-trinity-green-colored-contact-lenses\/","title":{"rendered":"Lentes de Contacto de Color BQeye Trinity Verde"},"content":{"rendered":"<p>Canaliza la exuberante versatilidad de la naturaleza con las lentes de contacto de color Trinity Green de BQeye.<\/p>\n<p>Inspirado en los verdes multidimensionales que aparecen en las paletas de inspiraci\u00f3n bot\u00e1nica de Pat McGrath, este hipnotizante tono de fondo transforma los ojos en prismas de la inmensidad verde. Trinity Green envuelve los ojos en tapices de posibilidades, ya sea con sutiles notas frondosas o desatando una din\u00e1mica vibrante.<\/p>\n<p>Fabricadas con gel HydroFlex hidro-interactivo, las lentes mantienen las cambiantes intensidades esmeralda con un confort adaptable. Su f\u00f3rmula pionera tambi\u00e9n protege los ojos durante las transformaciones, para que la m\u00edstica prospere libremente.<\/p>\n<p>Durante las pruebas de mercado, los admiradores describieron los ojos Trinity Green como \"bosques en flor\" que desvelaban una vida nunca vista con cada mirada. Las usuarias se convert\u00edan en ninfas del bosque, sinti\u00e9ndose org\u00e1nicamente ilimitadas, tan fascinantes como las miradas del ic\u00f3nico artista que celebran los ilimitados misterios de la naturaleza.<\/p>\n<p>Revela nuevas fronteras de expresi\u00f3n personal con las lentes de contacto de color BQeye Trinity Green. Enfoca las perspectivas prism\u00e1ticas del mundo natural a trav\u00e9s de colores que intrigan con las exuberantes energ\u00edas estratificadas del despertar perpetuo. Haz tu pedido para refractar visiones de encanto org\u00e1nico.<\/p>","protected":false},"excerpt":{"rendered":"<p>Channel the lush versatility of nature with BQeye&#8217;s Trinity Green colored contact lenses. Inspired by the multidimensional greens featured in Pat McGrath&#8217;s botanical-inspired palettes, this mesmerizing undertone transforms eyes into prisms of the verdant vastness. Whether tapping subtle leafy notes or unleashing vibrant dynamics, Trinity Green wraps eyes in tapestries of possibilities. Crafted from hydro-interactive [&#8230;]\n","protected":false},"featured_media":867,"comment_status":"open","ping_status":"closed","template":"","meta":[],"product_brand":[],"product_cat":[159,91,77,96,98],"product_tag":[],"class_list":{"0":"post-859","1":"product","2":"type-product","3":"status-publish","4":"has-post-thumbnail","6":"product_cat-trinity","7":"product_cat-14-2-mm","8":"product_cat-green-contact-lenses","9":"product_cat-non-prescription","10":"product_cat-yearly-disposable","12":"first","13":"instock","14":"sale","15":"shipping-taxable","16":"purchasable","17":"product-type-variable","18":"has-default-attributes"},"_links":{"self":[{"href":"https:\/\/bqeye.com\/es\/wp-json\/wp\/v2\/product\/859","targetHints":{"allow":["GET"]}}],"collection":[{"href":"https:\/\/bqeye.com\/es\/wp-json\/wp\/v2\/product"}],"about":[{"href":"https:\/\/bqeye.com\/es\/wp-json\/wp\/v2\/types\/product"}],"replies":[{"embeddable":true,"href":"https:\/\/bqeye.com\/es\/wp-json\/wp\/v2\/comments?post=859"}],"wp:featuredmedia":[{"embeddable":true,"href":"https:\/\/bqeye.com\/es\/wp-json\/wp\/v2\/media\/867"}],"wp:attachment":[{"href":"https:\/\/bqeye.com\/es\/wp-json\/wp\/v2\/media?parent=859"}],"wp:term":[{"taxonomy":"product_brand","embeddable":true,"href":"https:\/\/bqeye.com\/es\/wp-json\/wp\/v2\/product_brand?post=859"},{"taxonomy":"product_cat","embeddable":true,"href":"https:\/\/bqeye.com\/es\/wp-json\/wp\/v2\/product_cat?post=859"},{"taxonomy":"product_tag","embeddable":true,"href":"https:\/\/bqeye.com\/es\/wp-json\/wp\/v2\/product_tag?post=859"}],"curies":[{"name":"wp","href":"https:\/\/api.w.org\/{rel}","templated":true}]}}