{"id":868,"date":"2023-09-12T03:56:48","date_gmt":"2023-09-12T03:56:48","guid":{"rendered":"https:\/\/bqeye.com\/?post_type=product&#038;p=868"},"modified":"2024-04-18T02:22:15","modified_gmt":"2024-04-18T02:22:15","slug":"bqeye-trinity-brown-colored-contact-lenses","status":"publish","type":"product","link":"https:\/\/bqeye.com\/es\/bqeye-trinity-brown-colored-contact-lenses\/","title":{"rendered":"Lentes de Contacto de Color Marr\u00f3n BQeye Trinity"},"content":{"rendered":"<p>Canaliza la profundidad y la riqueza de la tierra con las lentes de contacto de color Trinity Brown de BQeye.<\/p>\n<p>Inspirado en los marrones multidimensionales que aparecen en las cautivadoras paletas centradas en la piel de Pat McGrath, este hipnotizador subtono transforma los ojos en prismas de intriga t\u00e1ctil. Trinity Brown envuelve los ojos en suntuosas texturas de descubrimiento, ya sea aportando sutiles matices o desatando un lujoso dinamismo.<\/p>\n<p>Fabricadas con gel HydroFlexXT adaptable, las lentes mantienen las intensidades cambiantes del chocolate con una comodidad imperceptible. Su f\u00f3rmula pionera tambi\u00e9n protege los ojos durante las transformaciones, para que la m\u00edstica prospere libremente en su interior.<\/p>\n<p>Durante las pruebas de mercado, los admiradores describieron los ojos de Trinity Brown como \"ricos paisajes por explorar\" que desvelaban capas nunca vistas con cada mirada. Las usuarias canalizaban mapas topogr\u00e1ficos, sinti\u00e9ndose org\u00e1nicamente ilimitadas, tan abigarradamente fascinantes como los looks de la ic\u00f3nica artista que celebran las sensuales profundidades de la piel.<\/p>\n<p>Revela nuevas dimensiones de misterio interior y fuerza con las lentes de contacto de color BQeye Trinity Brown. Enfoca las perspectivas prism\u00e1ticas de la profundidad org\u00e1nica a trav\u00e9s de colores que intrigan con las exuberantes energ\u00edas multidimensionales que aguardan en tu interior. Haz tu pedido para refractar visiones de suntuosos reinos interiores despertados.<\/p>","protected":false},"excerpt":{"rendered":"<p>Channel the depth and richness of earth with BQeye&#8217;s Trinity Brown colored contact lenses. Inspired by the multidimensional browns featured in Pat McGrath&#8217;s captivating skin-focused palettes, this mesmerizing undertone transforms eyes into prisms of tactile intrigue. Whether tapping subtle undertones or unleashing luxe dynamism, Trinity Brown wraps eyes in sumptuous textures of discovery. Crafted from [&#8230;]\n","protected":false},"featured_media":876,"comment_status":"open","ping_status":"closed","template":"","meta":[],"product_brand":[],"product_cat":[159,91,80,96,98],"product_tag":[],"class_list":{"0":"post-868","1":"product","2":"type-product","3":"status-publish","4":"has-post-thumbnail","6":"product_cat-trinity","7":"product_cat-14-2-mm","8":"product_cat-brown-contact-lenses","9":"product_cat-non-prescription","10":"product_cat-yearly-disposable","12":"first","13":"instock","14":"sale","15":"shipping-taxable","16":"purchasable","17":"product-type-variable","18":"has-default-attributes"},"_links":{"self":[{"href":"https:\/\/bqeye.com\/es\/wp-json\/wp\/v2\/product\/868","targetHints":{"allow":["GET"]}}],"collection":[{"href":"https:\/\/bqeye.com\/es\/wp-json\/wp\/v2\/product"}],"about":[{"href":"https:\/\/bqeye.com\/es\/wp-json\/wp\/v2\/types\/product"}],"replies":[{"embeddable":true,"href":"https:\/\/bqeye.com\/es\/wp-json\/wp\/v2\/comments?post=868"}],"wp:featuredmedia":[{"embeddable":true,"href":"https:\/\/bqeye.com\/es\/wp-json\/wp\/v2\/media\/876"}],"wp:attachment":[{"href":"https:\/\/bqeye.com\/es\/wp-json\/wp\/v2\/media?parent=868"}],"wp:term":[{"taxonomy":"product_brand","embeddable":true,"href":"https:\/\/bqeye.com\/es\/wp-json\/wp\/v2\/product_brand?post=868"},{"taxonomy":"product_cat","embeddable":true,"href":"https:\/\/bqeye.com\/es\/wp-json\/wp\/v2\/product_cat?post=868"},{"taxonomy":"product_tag","embeddable":true,"href":"https:\/\/bqeye.com\/es\/wp-json\/wp\/v2\/product_tag?post=868"}],"curies":[{"name":"wp","href":"https:\/\/api.w.org\/{rel}","templated":true}]}}