{"id":884,"date":"2023-09-12T06:52:53","date_gmt":"2023-09-12T06:52:53","guid":{"rendered":"https:\/\/bqeye.com\/?post_type=product&#038;p=884"},"modified":"2024-04-18T02:22:12","modified_gmt":"2024-04-18T02:22:12","slug":"bqeye-mystery-red-colored-contact-lenses","status":"publish","type":"product","link":"https:\/\/bqeye.com\/es\/bqeye-mystery-red-colored-contact-lenses\/","title":{"rendered":"Lentes de Contacto de Color Rojo Misterioso BQeye"},"content":{"rendered":"<p>Nuestras \u00faltimas lentes de contacto de color capturan una enigm\u00e1tica mirada carmes\u00ed a trav\u00e9s de una hermosa mezcla de tonos escarlata y burdeos. A diferencia de los rojos primarios, Mystery Red crea una elegante intriga que amplifica la belleza natural al llevar estas lentes de contacto de color.<\/p>\n<p>Como l\u00edder en lentes de contacto de color, BQeye se dedica a crear lentillas innovadoras que se funden a la perfecci\u00f3n con el color de tus ojos. Mystery Red acent\u00faa sutilmente tu iris para conseguir un efecto llamativo pero suave. Nuestra f\u00f3rmula de \u00faltima generaci\u00f3n que absorbe la humedad evita las molestias, para que puedas disfrutar de tu cautivador nuevo look durante todo el d\u00eda con estas lentillas de colores.<\/p>\n<p>Si quieres dar rienda suelta a tu confianza o simplemente experimentar con nuevos estilos, las lentes de contacto de color BQeye potencian la expresi\u00f3n personal. Mystery Red es la mejor elecci\u00f3n para quienes buscan un nuevo tono atractivo que despierte la intriga. Como con todas nuestras lentes de contacto de color, la comodidad es la clave para que s\u00f3lo notes los cumplidos.<\/p>\n<p>Descubre la magia de las lentillas Mystery Red de BQeye. Hemos ayudado a innumerables clientes a encontrar sus lentes de contacto de color perfectas para resaltar su resplandor natural. Compra hoy mismo nuestra amplia gama de lentes de contacto de color de alto rendimiento.<\/p>","protected":false},"excerpt":{"rendered":"<p>Our latest colored contact lenses capture an enigmatic crimson gaze through a beautiful blend of scarlet and burgundy hues. Unlike stark primary reds, Mystery Red creates an elegant intrigue that amplifies natural beauty when wearing these colored contacts. As a leader in colored contacts, BQeye is devoted to crafting innovative lenses that seamlessly blend with [&#8230;]\n","protected":false},"featured_media":893,"comment_status":"open","ping_status":"closed","template":"","meta":[],"product_brand":[],"product_cat":[216,92,96,78,98],"product_tag":[],"class_list":{"0":"post-884","1":"product","2":"type-product","3":"status-publish","4":"has-post-thumbnail","6":"product_cat-mystery","7":"product_cat-14-5-mm","8":"product_cat-non-prescription","9":"product_cat-red-contact-lenses","10":"product_cat-yearly-disposable","12":"first","13":"instock","14":"sale","15":"shipping-taxable","16":"purchasable","17":"product-type-variable","18":"has-default-attributes"},"_links":{"self":[{"href":"https:\/\/bqeye.com\/es\/wp-json\/wp\/v2\/product\/884","targetHints":{"allow":["GET"]}}],"collection":[{"href":"https:\/\/bqeye.com\/es\/wp-json\/wp\/v2\/product"}],"about":[{"href":"https:\/\/bqeye.com\/es\/wp-json\/wp\/v2\/types\/product"}],"replies":[{"embeddable":true,"href":"https:\/\/bqeye.com\/es\/wp-json\/wp\/v2\/comments?post=884"}],"wp:featuredmedia":[{"embeddable":true,"href":"https:\/\/bqeye.com\/es\/wp-json\/wp\/v2\/media\/893"}],"wp:attachment":[{"href":"https:\/\/bqeye.com\/es\/wp-json\/wp\/v2\/media?parent=884"}],"wp:term":[{"taxonomy":"product_brand","embeddable":true,"href":"https:\/\/bqeye.com\/es\/wp-json\/wp\/v2\/product_brand?post=884"},{"taxonomy":"product_cat","embeddable":true,"href":"https:\/\/bqeye.com\/es\/wp-json\/wp\/v2\/product_cat?post=884"},{"taxonomy":"product_tag","embeddable":true,"href":"https:\/\/bqeye.com\/es\/wp-json\/wp\/v2\/product_tag?post=884"}],"curies":[{"name":"wp","href":"https:\/\/api.w.org\/{rel}","templated":true}]}}