{"id":894,"date":"2023-09-12T07:17:14","date_gmt":"2023-09-12T07:17:14","guid":{"rendered":"https:\/\/bqeye.com\/?post_type=product&#038;p=894"},"modified":"2024-04-18T02:22:09","modified_gmt":"2024-04-18T02:22:09","slug":"bqeye-mystery-brown-colored-contact-lenses","status":"publish","type":"product","link":"https:\/\/bqeye.com\/es\/bqeye-mystery-brown-colored-contact-lenses\/","title":{"rendered":"Lentes de Contacto de Color Marr\u00f3n Misterioso BQeye"},"content":{"rendered":"<div>Descubre una nueva mirada fascinante con Mystery Brown de BQeye. Como expertos en lentes de contacto de color, hemos creado este tono rico en matices para a\u00f1adir intriga a cualquier color de ojos.<\/div>\n<div><\/div>\n<div>A diferencia de las t\u00edpicas lentillas marrones, Mystery Brown mezcla toques de caramelo, moca y espresso para conseguir un efecto desconcertante. Calienta sutilmente tu iris con matices radiantes que dejan a los espectadores pregunt\u00e1ndose en qu\u00e9 est\u00e1s pensando. A diferencia de las m\u00e1scaras, estas lentes de contacto de color realzan tu belleza natural.<\/div>\n<div><\/div>\n<div>Tanto si presumes de estilos atrevidos como si brillas m\u00e1s sutilmente, Mystery Brown de BQeye es el tono perfecto. Explora una nueva faceta de ti misma a trav\u00e9s de nuestras innovadoras lentes de contacto de color. Si\u00e9ntete poderosa y seductora, sin renunciar a la comodidad ni a la claridad de visi\u00f3n.<\/div>\n<div><\/div>\n<div>Descubre por qu\u00e9 BQeye sigue liderando el sector de las lentes de contacto de color c\u00f3modas y de alta calidad. Mystery Brown podr\u00eda ser tu nueva forma favorita de intrigar con s\u00f3lo un sutil cambio en el tono del iris. Echa un vistazo hoy mismo a nuestra completa selecci\u00f3n de lentes de contacto marrones y de colores.<\/div>","protected":false},"excerpt":{"rendered":"<p>Reveal a mesmerizing new gaze with Mystery Brown from BQeye. As experts in colored contact lenses, we&#8217;ve crafted this richly nuanced shade to add intrigue to any eye color. Different from typical brown lenses, Mystery Brown swirls caramel, mocha and espresso accents for a mystifying effect. It subtly warms your iris with radiant undertones that [&#8230;]\n","protected":false},"featured_media":902,"comment_status":"open","ping_status":"closed","template":"","meta":[],"product_brand":[],"product_cat":[216,92,80,96,98],"product_tag":[],"class_list":{"0":"post-894","1":"product","2":"type-product","3":"status-publish","4":"has-post-thumbnail","6":"product_cat-mystery","7":"product_cat-14-5-mm","8":"product_cat-brown-contact-lenses","9":"product_cat-non-prescription","10":"product_cat-yearly-disposable","12":"first","13":"instock","14":"sale","15":"shipping-taxable","16":"purchasable","17":"product-type-variable","18":"has-default-attributes"},"_links":{"self":[{"href":"https:\/\/bqeye.com\/es\/wp-json\/wp\/v2\/product\/894","targetHints":{"allow":["GET"]}}],"collection":[{"href":"https:\/\/bqeye.com\/es\/wp-json\/wp\/v2\/product"}],"about":[{"href":"https:\/\/bqeye.com\/es\/wp-json\/wp\/v2\/types\/product"}],"replies":[{"embeddable":true,"href":"https:\/\/bqeye.com\/es\/wp-json\/wp\/v2\/comments?post=894"}],"wp:featuredmedia":[{"embeddable":true,"href":"https:\/\/bqeye.com\/es\/wp-json\/wp\/v2\/media\/902"}],"wp:attachment":[{"href":"https:\/\/bqeye.com\/es\/wp-json\/wp\/v2\/media?parent=894"}],"wp:term":[{"taxonomy":"product_brand","embeddable":true,"href":"https:\/\/bqeye.com\/es\/wp-json\/wp\/v2\/product_brand?post=894"},{"taxonomy":"product_cat","embeddable":true,"href":"https:\/\/bqeye.com\/es\/wp-json\/wp\/v2\/product_cat?post=894"},{"taxonomy":"product_tag","embeddable":true,"href":"https:\/\/bqeye.com\/es\/wp-json\/wp\/v2\/product_tag?post=894"}],"curies":[{"name":"wp","href":"https:\/\/api.w.org\/{rel}","templated":true}]}}