{"id":903,"date":"2023-09-12T07:44:08","date_gmt":"2023-09-12T07:44:08","guid":{"rendered":"https:\/\/bqeye.com\/?post_type=product&#038;p=903"},"modified":"2024-04-18T02:22:05","modified_gmt":"2024-04-18T02:22:05","slug":"bqeye-mystery-blue-colored-contact-lenses","status":"publish","type":"product","link":"https:\/\/bqeye.com\/es\/bqeye-mystery-blue-colored-contact-lenses\/","title":{"rendered":"Lentes de Contacto de Color Azul Misterioso BQeye"},"content":{"rendered":"<p>Descubre una nueva mirada fascinante con Mystery Brown de BQeye. Como expertos en lentes de contacto de color, hemos creado este tono rico en matices para a\u00f1adir intriga a cualquier color de ojos.<\/p>\n<p>A diferencia de las t\u00edpicas lentillas marrones, Mystery Brown mezcla toques de caramelo, moca y espresso para conseguir un efecto desconcertante. Calienta sutilmente tu iris con matices radiantes que dejan a los espectadores pregunt\u00e1ndose en qu\u00e9 est\u00e1s pensando. A diferencia de las m\u00e1scaras, estas lentes de contacto de color realzan tu belleza natural.<\/p>\n<p>Nuestra f\u00f3rmula de tecnolog\u00eda punta te mantiene c\u00f3modo todo el d\u00eda con estas lentes de contacto de color marr\u00f3n. Con nuestras curvas y bordes \u00f3ptimos, \u00a1apenas notar\u00e1s que las llevas puestas! Conc\u00e9ntrate en acentuar los looks con eyeliner o simplemente en mirar misteriosamente mientras nosotros nos encargamos del resto.<\/p>\n<p>Tanto si presumes de estilos atrevidos como si brillas m\u00e1s sutilmente, Mystery Brown de BQeye es el tono perfecto. Explora una nueva faceta de ti misma a trav\u00e9s de nuestras innovadoras lentes de contacto de color. Si\u00e9ntete poderosa y seductora, sin renunciar a la comodidad ni a la claridad de visi\u00f3n.<\/p>\n<p>Descubre por qu\u00e9 BQeye sigue liderando el sector de las lentes de contacto de color c\u00f3modas y de alta calidad. Mystery Brown podr\u00eda ser tu nueva forma favorita de intrigar con s\u00f3lo un sutil cambio en el tono del iris. Echa un vistazo hoy mismo a nuestra completa selecci\u00f3n de lentes de contacto marrones y de colores.<\/p>","protected":false},"excerpt":{"rendered":"<p>Reveal a mesmerizing new gaze with Mystery Brown from BQeye. As experts in colored contact lenses, we&#8217;ve crafted this richly nuanced shade to add intrigue to any eye color. Different from typical brown lenses, Mystery Brown swirls caramel, mocha and espresso accents for a mystifying effect. It subtly warms your iris with radiant undertones that [&#8230;]\n","protected":false},"featured_media":911,"comment_status":"open","ping_status":"closed","template":"","meta":[],"product_brand":[],"product_cat":[216,92,75,96,98],"product_tag":[],"class_list":{"0":"post-903","1":"product","2":"type-product","3":"status-publish","4":"has-post-thumbnail","6":"product_cat-mystery","7":"product_cat-14-5-mm","8":"product_cat-blue-contact-lenses","9":"product_cat-non-prescription","10":"product_cat-yearly-disposable","12":"first","13":"instock","14":"sale","15":"shipping-taxable","16":"purchasable","17":"product-type-variable","18":"has-default-attributes"},"_links":{"self":[{"href":"https:\/\/bqeye.com\/es\/wp-json\/wp\/v2\/product\/903","targetHints":{"allow":["GET"]}}],"collection":[{"href":"https:\/\/bqeye.com\/es\/wp-json\/wp\/v2\/product"}],"about":[{"href":"https:\/\/bqeye.com\/es\/wp-json\/wp\/v2\/types\/product"}],"replies":[{"embeddable":true,"href":"https:\/\/bqeye.com\/es\/wp-json\/wp\/v2\/comments?post=903"}],"wp:featuredmedia":[{"embeddable":true,"href":"https:\/\/bqeye.com\/es\/wp-json\/wp\/v2\/media\/911"}],"wp:attachment":[{"href":"https:\/\/bqeye.com\/es\/wp-json\/wp\/v2\/media?parent=903"}],"wp:term":[{"taxonomy":"product_brand","embeddable":true,"href":"https:\/\/bqeye.com\/es\/wp-json\/wp\/v2\/product_brand?post=903"},{"taxonomy":"product_cat","embeddable":true,"href":"https:\/\/bqeye.com\/es\/wp-json\/wp\/v2\/product_cat?post=903"},{"taxonomy":"product_tag","embeddable":true,"href":"https:\/\/bqeye.com\/es\/wp-json\/wp\/v2\/product_tag?post=903"}],"curies":[{"name":"wp","href":"https:\/\/api.w.org\/{rel}","templated":true}]}}