{"id":912,"date":"2023-09-12T07:52:29","date_gmt":"2023-09-12T07:52:29","guid":{"rendered":"https:\/\/bqeye.com\/?post_type=product&#038;p=912"},"modified":"2024-04-18T02:22:02","modified_gmt":"2024-04-18T02:22:02","slug":"bqeye-mystery-green-colored-contact-lenses","status":"publish","type":"product","link":"https:\/\/bqeye.com\/es\/bqeye-mystery-green-colored-contact-lenses\/","title":{"rendered":"Lentes de Contacto de Color Verde Misterioso BQeye"},"content":{"rendered":"<p>Descubre el encantador Mystery Green, nuestra \u00faltima incorporaci\u00f3n a la familia de lentes de contacto de color BQeye. Con una irresistible mezcla de tonos esmeralda, peridoto y bosque, estas lentes de contacto verdes revelan unos ojos cautivadores e intrigantes.<\/p>\n<p>A diferencia de los verdes ordinarios, Mystery ilumina tu mirada con un encanto elusivo y m\u00edstico. Sutiles remolinos de acentos musgosos y jade aportan un encanto et\u00e9reo a cualquier color de ojos. Sus ojos cautivan a un nivel m\u00e1s profundo, pero a\u00fan est\u00e1 por ver qu\u00e9 misterios se esconden tras su velo.<\/p>\n<p>Dise\u00f1ada para un confort indetectable, nuestra f\u00f3rmula de \u00faltima generaci\u00f3n se mueve imperceptiblemente con cada mirada. Las curvas y los canales de pol\u00edmero mantienen los ojos tan frescos como el roc\u00edo de la ma\u00f1ana durante todo el d\u00eda. Exprese su confianza a trav\u00e9s del maquillaje o deje que la naturaleza siga su curso: Mystery Green realza la luminosidad innata desde el interior.<\/p>\n<p>Descubre una faceta desconocida de ti mismo gracias a las lentes de contacto de color BQeye Mystery Green. Da rienda suelta a tu aut\u00e9ntico carisma con estas lentillas de color que despiertan la intriga con cada mirada. Nuestros expertos en productos garantizan una adaptaci\u00f3n perfecta para una mirada seductora pero discreta.<\/p>\n<p>Echa un vistazo a nuestra amplia selecci\u00f3n de lentillas verdes y de colores. \u00a1BQeye tiene los tonos para sacar a relucir tu m\u00edstica interior!<\/p>","protected":false},"excerpt":{"rendered":"<p>Reveal the enchanting Mystery Green &#8211; our latest addition to the BQeye colored contact lenses family. Infused with an irresistible blend of emerald, peridot and forest tones, these green contacts unveil eyes that captivate and intrigue. Unlike ordinary greens, Mystery enlightens your gaze with an elusive, mystical charm. Subtle swirls of mossy and jade accents [&#8230;]\n","protected":false},"featured_media":920,"comment_status":"open","ping_status":"closed","template":"","meta":[],"product_brand":[],"product_cat":[216,92,77,96,98],"product_tag":[],"class_list":{"0":"post-912","1":"product","2":"type-product","3":"status-publish","4":"has-post-thumbnail","6":"product_cat-mystery","7":"product_cat-14-5-mm","8":"product_cat-green-contact-lenses","9":"product_cat-non-prescription","10":"product_cat-yearly-disposable","12":"first","13":"instock","14":"sale","15":"shipping-taxable","16":"purchasable","17":"product-type-variable","18":"has-default-attributes"},"_links":{"self":[{"href":"https:\/\/bqeye.com\/es\/wp-json\/wp\/v2\/product\/912","targetHints":{"allow":["GET"]}}],"collection":[{"href":"https:\/\/bqeye.com\/es\/wp-json\/wp\/v2\/product"}],"about":[{"href":"https:\/\/bqeye.com\/es\/wp-json\/wp\/v2\/types\/product"}],"replies":[{"embeddable":true,"href":"https:\/\/bqeye.com\/es\/wp-json\/wp\/v2\/comments?post=912"}],"wp:featuredmedia":[{"embeddable":true,"href":"https:\/\/bqeye.com\/es\/wp-json\/wp\/v2\/media\/920"}],"wp:attachment":[{"href":"https:\/\/bqeye.com\/es\/wp-json\/wp\/v2\/media?parent=912"}],"wp:term":[{"taxonomy":"product_brand","embeddable":true,"href":"https:\/\/bqeye.com\/es\/wp-json\/wp\/v2\/product_brand?post=912"},{"taxonomy":"product_cat","embeddable":true,"href":"https:\/\/bqeye.com\/es\/wp-json\/wp\/v2\/product_cat?post=912"},{"taxonomy":"product_tag","embeddable":true,"href":"https:\/\/bqeye.com\/es\/wp-json\/wp\/v2\/product_tag?post=912"}],"curies":[{"name":"wp","href":"https:\/\/api.w.org\/{rel}","templated":true}]}}