{"id":930,"date":"2023-09-12T08:19:35","date_gmt":"2023-09-12T08:19:35","guid":{"rendered":"https:\/\/bqeye.com\/?post_type=product&#038;p=930"},"modified":"2024-04-18T02:21:55","modified_gmt":"2024-04-18T02:21:55","slug":"bqeye-mystery-yellow-colored-contact-lenses","status":"publish","type":"product","link":"https:\/\/bqeye.com\/es\/bqeye-mystery-yellow-colored-contact-lenses\/","title":{"rendered":"Lentes de Contacto de Color Amarillo Misterioso BQeye"},"content":{"rendered":"<p>Ilumina tus ojos con la intriga del sol gracias a las lentes de contacto de color BQeye Mystery Yellow. Nuestra innovadora alquimia de tonos \u00e1mbar, miel y lim\u00f3n revela unos ojos radiantes que brillan con un encanto inexplicable.<\/p>\n<p>M\u00e1s que un amarillo t\u00edpico, Mystery cautiva con una luminosidad y profundidad encantadoras. Sutiles degradados resaltan la belleza natural desde el interior a trav\u00e9s de estas lentes de contacto de color especializadas. La calidez y el resplandor envuelven la mirada en un velo seductor, dejando a los espectadores perplejos.<\/p>\n<p>La ingenier\u00eda de precisi\u00f3n y los avanzados materiales de hidrogel permiten a Mystery Yellow acentuar sin esfuerzo durante todo el d\u00eda. Nuestras lentes de \u00e9lite siguen cada expresi\u00f3n con una claridad y comodidad imperceptibles. Deje que el misterio le lleve a nuevos descubrimientos de car\u00e1cter y confianza.<\/p>\n<p>Da rienda suelta a tu lado m\u00e1s magn\u00e9tico con esta mezcla de brillantes tonos dorados. Como el mejor fabricante de lentes de contacto de color, BQeye potencia la aut\u00e9ntica expresi\u00f3n personal. Descubre Mystery Yellow, junto con nuestra reconocida gama de tonos transformadores.<\/p>\n<p>Ilumina el pr\u00f3ximo cap\u00edtulo del destino con las lentes de contacto de color Mystery Yellow bendecidas por el sol que amplifican tu misterioso resplandor. Deja que BQeye te ayude a revelar unos ojos que cautivan y a\u00f1aden un aire de intrigante calidez y encanto.<\/p>","protected":false},"excerpt":{"rendered":"<p>Illuminate your eyes with sun-kissed intrigue courtesy of BQeye Mystery Yellow colored contact lenses. Our innovative alchemy of amber, honey and lemon hues unveils radiant eyes that sparkle with an inexplicable charm. More than a typical yellow, Mystery captivates with an enchanting luminosity and depth. Subtle gradients highlight natural beauty from within through these specialized [&#8230;]\n","protected":false},"featured_media":937,"comment_status":"open","ping_status":"closed","template":"","meta":[],"product_brand":[],"product_cat":[216,92,96,98,79],"product_tag":[],"class_list":{"0":"post-930","1":"product","2":"type-product","3":"status-publish","4":"has-post-thumbnail","6":"product_cat-mystery","7":"product_cat-14-5-mm","8":"product_cat-non-prescription","9":"product_cat-yearly-disposable","10":"product_cat-yellow-contact-lenses","12":"first","13":"instock","14":"sale","15":"shipping-taxable","16":"purchasable","17":"product-type-variable","18":"has-default-attributes"},"_links":{"self":[{"href":"https:\/\/bqeye.com\/es\/wp-json\/wp\/v2\/product\/930","targetHints":{"allow":["GET"]}}],"collection":[{"href":"https:\/\/bqeye.com\/es\/wp-json\/wp\/v2\/product"}],"about":[{"href":"https:\/\/bqeye.com\/es\/wp-json\/wp\/v2\/types\/product"}],"replies":[{"embeddable":true,"href":"https:\/\/bqeye.com\/es\/wp-json\/wp\/v2\/comments?post=930"}],"wp:featuredmedia":[{"embeddable":true,"href":"https:\/\/bqeye.com\/es\/wp-json\/wp\/v2\/media\/937"}],"wp:attachment":[{"href":"https:\/\/bqeye.com\/es\/wp-json\/wp\/v2\/media?parent=930"}],"wp:term":[{"taxonomy":"product_brand","embeddable":true,"href":"https:\/\/bqeye.com\/es\/wp-json\/wp\/v2\/product_brand?post=930"},{"taxonomy":"product_cat","embeddable":true,"href":"https:\/\/bqeye.com\/es\/wp-json\/wp\/v2\/product_cat?post=930"},{"taxonomy":"product_tag","embeddable":true,"href":"https:\/\/bqeye.com\/es\/wp-json\/wp\/v2\/product_tag?post=930"}],"curies":[{"name":"wp","href":"https:\/\/api.w.org\/{rel}","templated":true}]}}