{"id":943,"date":"2023-09-12T08:39:25","date_gmt":"2023-09-12T08:39:25","guid":{"rendered":"https:\/\/bqeye.com\/?post_type=product&#038;p=943"},"modified":"2024-04-18T02:21:52","modified_gmt":"2024-04-18T02:21:52","slug":"bqeye-elf-purple-colored-contact-lenses","status":"publish","type":"product","link":"https:\/\/bqeye.com\/es\/bqeye-elf-purple-colored-contact-lenses\/","title":{"rendered":"Lentes de contacto de color morado BQeye ELF"},"content":{"rendered":"<p>Lanza una mirada hechizante con las lentes de contacto de color ELF Purple de BQeye. Nuestra luminosa mezcla de amatista y ciruela despierta los ojos con un encanto de otro mundo.<\/p>\n<p>M\u00e1s que un simple p\u00farpura, ELF aporta reflejos melocot\u00f3n y matices rosados para conseguir un m\u00e1gico efecto multidimensional. Como si captaras las luces de un hada bailando en medio del crep\u00fasculo, estas coloridas lentes de contacto realzan la belleza natural desde el interior.<\/p>\n<p>Elaboradas por nuestros maestros de las lentillas de color, las ELF Purple se mueven imperceptiblemente sobre los ojos. La tecnolog\u00eda HydraMatrixTM las mantiene ultrahidratadas para que puedas hechizar durante todo el d\u00eda con total comodidad. Descubre los secretos del bosque.<\/p>\n<p>Deja que ELF eleve tu encanto con un nuevo y cautivador look. Las lentes especializadas de BQeye garantizan un ajuste perfecto para acentuar su resplandor m\u00edstico. Ya sea de forma atrevida o sutil, estas lentes potencian la expresi\u00f3n personal.<\/p>\n<p>Da rienda suelta a tu hada interior con las lentillas de colores BQeye ELF Purple. Descubre c\u00f3mo nuestra renombrada colecci\u00f3n de lentillas puede sacar a relucir tu carism\u00e1tica esencia. Es hora de iluminar el pr\u00f3ximo encantamiento del destino visto a trav\u00e9s de ojos de hada te\u00f1idos de rosa. La magia no ha hecho m\u00e1s que empezar.<\/p>","protected":false},"excerpt":{"rendered":"<p>Cast a spellbinding gaze with BQeye&#8217;s enchanting ELF Purple colored contact lenses. Ourluminous amethyst and plum blend awakens eyes with an otherworldly allure. More than a simple purple, ELF imbues peachy highlights and pinky undertones for a magical multi-dimensional effect. Like catching faerie lights dancing amidst the dusk, these colorful contact lenses enhance natural beauty [&#8230;]\n","protected":false},"featured_media":951,"comment_status":"open","ping_status":"closed","template":"","meta":[],"product_brand":[],"product_cat":[217,92,96,82,98],"product_tag":[],"class_list":{"0":"post-943","1":"product","2":"type-product","3":"status-publish","4":"has-post-thumbnail","6":"product_cat-elf","7":"product_cat-14-5-mm","8":"product_cat-non-prescription","9":"product_cat-purple-contact-lenses","10":"product_cat-yearly-disposable","12":"first","13":"instock","14":"sale","15":"shipping-taxable","16":"purchasable","17":"product-type-variable","18":"has-default-attributes"},"_links":{"self":[{"href":"https:\/\/bqeye.com\/es\/wp-json\/wp\/v2\/product\/943","targetHints":{"allow":["GET"]}}],"collection":[{"href":"https:\/\/bqeye.com\/es\/wp-json\/wp\/v2\/product"}],"about":[{"href":"https:\/\/bqeye.com\/es\/wp-json\/wp\/v2\/types\/product"}],"replies":[{"embeddable":true,"href":"https:\/\/bqeye.com\/es\/wp-json\/wp\/v2\/comments?post=943"}],"wp:featuredmedia":[{"embeddable":true,"href":"https:\/\/bqeye.com\/es\/wp-json\/wp\/v2\/media\/951"}],"wp:attachment":[{"href":"https:\/\/bqeye.com\/es\/wp-json\/wp\/v2\/media?parent=943"}],"wp:term":[{"taxonomy":"product_brand","embeddable":true,"href":"https:\/\/bqeye.com\/es\/wp-json\/wp\/v2\/product_brand?post=943"},{"taxonomy":"product_cat","embeddable":true,"href":"https:\/\/bqeye.com\/es\/wp-json\/wp\/v2\/product_cat?post=943"},{"taxonomy":"product_tag","embeddable":true,"href":"https:\/\/bqeye.com\/es\/wp-json\/wp\/v2\/product_tag?post=943"}],"curies":[{"name":"wp","href":"https:\/\/api.w.org\/{rel}","templated":true}]}}