{"id":953,"date":"2023-09-12T10:13:13","date_gmt":"2023-09-12T10:13:13","guid":{"rendered":"https:\/\/bqeye.com\/?post_type=product&#038;p=953"},"modified":"2024-04-18T02:21:48","modified_gmt":"2024-04-18T02:21:48","slug":"bqeye-elf-red-colored-contact-lenses","status":"publish","type":"product","link":"https:\/\/bqeye.com\/es\/bqeye-elf-red-colored-contact-lenses\/","title":{"rendered":"Lentes de contacto de color rojo BQeye ELF"},"content":{"rendered":"<p>Causa una primera impresi\u00f3n de fuego con las lentes de contacto de color ELF Red de BQeye, creadas para cautivar e intrigar. Nuestra encantadora infusi\u00f3n de rojizo y escarlata despierta los ojos como si bailaran en las llamas de la selva.<\/p>\n<p>M\u00e1s que un simple rojo, ELF combina c\u00e1lidos destellos \u00e1mbar y carmes\u00ed, como parpadeos vislumbrados entre hogueras de zarzas. Estas lentes de contacto de color especializadas realzan tu belleza natural desde el interior de su fascinante velo.<\/p>\n<p>Hecho por magos de las lentillas, ELF Red se mueve en sincron\u00eda con cada destello y sonrisa. La f\u00f3rmula HydraMatrixTM las mantiene hidratadas durante todo el hechizo. Ahora los secretos de la pasi\u00f3n interior est\u00e1n a tu alcance, \u00a1si te atreves!<\/p>\n<p>Deja que ELF eleve la audacia y el deleite. La experiencia de BQeye garantiza el ajuste perfecto para encender tu encanto magn\u00e9tico, ya sea con audacia o con astutas maneras de bruja. Ahora tu mirada proyecta nuevas historias de aut\u00e9ntico encanto.<\/p>\n<p>Ilumina tu ardiente destino con estas seductoras lentes escarlata y rojiza. Es hora de experimentar la famosa colecci\u00f3n de BQeye y revelar tu luz m\u00e1s cautivadora, vista a trav\u00e9s de unos ojos que chamuscan y cautivan. Se acerca la hora del encanto.<\/p>","protected":false},"excerpt":{"rendered":"<p>Cast a fiery first impression with BQeye&#8217;s ELF Red colored contact lenses, crafted to captivate and intrigue. Our enchanting russet and scarlet infusion awakens eyes as if dancing in wildwood flames. More than mere red, ELF blends warm amber and crimson glints, like flickers glimpsed amidst bramble bonfires. These specialized colored contact lenses enhance your [&#8230;]\n","protected":false},"featured_media":961,"comment_status":"open","ping_status":"closed","template":"","meta":[],"product_brand":[],"product_cat":[217,92,96,78,98],"product_tag":[],"class_list":{"0":"post-953","1":"product","2":"type-product","3":"status-publish","4":"has-post-thumbnail","6":"product_cat-elf","7":"product_cat-14-5-mm","8":"product_cat-non-prescription","9":"product_cat-red-contact-lenses","10":"product_cat-yearly-disposable","12":"first","13":"instock","14":"sale","15":"shipping-taxable","16":"purchasable","17":"product-type-variable","18":"has-default-attributes"},"_links":{"self":[{"href":"https:\/\/bqeye.com\/es\/wp-json\/wp\/v2\/product\/953","targetHints":{"allow":["GET"]}}],"collection":[{"href":"https:\/\/bqeye.com\/es\/wp-json\/wp\/v2\/product"}],"about":[{"href":"https:\/\/bqeye.com\/es\/wp-json\/wp\/v2\/types\/product"}],"replies":[{"embeddable":true,"href":"https:\/\/bqeye.com\/es\/wp-json\/wp\/v2\/comments?post=953"}],"wp:featuredmedia":[{"embeddable":true,"href":"https:\/\/bqeye.com\/es\/wp-json\/wp\/v2\/media\/961"}],"wp:attachment":[{"href":"https:\/\/bqeye.com\/es\/wp-json\/wp\/v2\/media?parent=953"}],"wp:term":[{"taxonomy":"product_brand","embeddable":true,"href":"https:\/\/bqeye.com\/es\/wp-json\/wp\/v2\/product_brand?post=953"},{"taxonomy":"product_cat","embeddable":true,"href":"https:\/\/bqeye.com\/es\/wp-json\/wp\/v2\/product_cat?post=953"},{"taxonomy":"product_tag","embeddable":true,"href":"https:\/\/bqeye.com\/es\/wp-json\/wp\/v2\/product_tag?post=953"}],"curies":[{"name":"wp","href":"https:\/\/api.w.org\/{rel}","templated":true}]}}