{"id":962,"date":"2023-09-12T10:27:13","date_gmt":"2023-09-12T10:27:13","guid":{"rendered":"https:\/\/bqeye.com\/?post_type=product&#038;p=962"},"modified":"2024-04-18T02:21:45","modified_gmt":"2024-04-18T02:21:45","slug":"bqeye-elf-blue-colored-contact-lenses","status":"publish","type":"product","link":"https:\/\/bqeye.com\/es\/bqeye-elf-blue-colored-contact-lenses\/","title":{"rendered":"Lentes de contacto de color azul BQeye ELF"},"content":{"rendered":"<p>Lanza un hechizo de calma con las lentes de contacto de color ELF Blue de BQeye, creadas por magos de las lentillas. Nuestro sereno remolino de azul y zafiro despierta los ojos como si vislumbr\u00e1ramos las tranquilas profundidades del oc\u00e9ano. M\u00e1s que un simple azul, ELF infunde destellos aguamarina y b\u00edgaro, vislumbres de almas coralinas entre mareas ondulantes. Estas lentes de contacto de color especializadas realzan la belleza natural desde el interior de su velo relajante.<\/p>\n<p>Hilados por maestros artesanos elfos, los ELF Blue se mueven en sinton\u00eda con las olas y las sonrisas. HydraMatrixTM las mantiene frescas todo el d\u00eda mientras exploras la tranquilidad interior. Ahora los secretos de las profundidades llaman tu nombre, si te atreves a responder.<\/p>\n<p>Deja que ELF eleve tu encanto con magia meditativa. El arte de BQeye garantiza el ajuste perfecto para resaltar tu encanto relajante, ya sea flotando suavemente o surcando las corrientes salvajes. Ahora brillan nuevas historias de serenidad.<\/p>\n<p>Despierta tu pac\u00edfico destino con estas lentillas calmantes inspiradas en el mar. Es hora de ver la famosa colecci\u00f3n de BQeye y encontrar el tono que revele tu luz m\u00e1s relajante, vislumbrada a trav\u00e9s de unos ojos que calman el coraz\u00f3n y el alma. Las respuestas fluyen libres como las mareas.<\/p>","protected":false},"excerpt":{"rendered":"<p>Cast a spell of calm with BQeye&#8217;s ELF Blue colored contact lenses, crafted by lens magicians. Our serene azure and sapphire swirl awakens eyes like glimpsing tranquil ocean depths. More than mere blue, ELF infuses aqua and periwinkle glints &#8211; glimpses of coral souls amid rolling tides. These specialized colored contact lenses enhance natural beauty [&#8230;]\n","protected":false},"featured_media":970,"comment_status":"open","ping_status":"closed","template":"","meta":[],"product_brand":[],"product_cat":[217,92,75,96,98],"product_tag":[],"class_list":{"0":"post-962","1":"product","2":"type-product","3":"status-publish","4":"has-post-thumbnail","6":"product_cat-elf","7":"product_cat-14-5-mm","8":"product_cat-blue-contact-lenses","9":"product_cat-non-prescription","10":"product_cat-yearly-disposable","12":"first","13":"instock","14":"sale","15":"shipping-taxable","16":"purchasable","17":"product-type-variable","18":"has-default-attributes"},"_links":{"self":[{"href":"https:\/\/bqeye.com\/es\/wp-json\/wp\/v2\/product\/962","targetHints":{"allow":["GET"]}}],"collection":[{"href":"https:\/\/bqeye.com\/es\/wp-json\/wp\/v2\/product"}],"about":[{"href":"https:\/\/bqeye.com\/es\/wp-json\/wp\/v2\/types\/product"}],"replies":[{"embeddable":true,"href":"https:\/\/bqeye.com\/es\/wp-json\/wp\/v2\/comments?post=962"}],"wp:featuredmedia":[{"embeddable":true,"href":"https:\/\/bqeye.com\/es\/wp-json\/wp\/v2\/media\/970"}],"wp:attachment":[{"href":"https:\/\/bqeye.com\/es\/wp-json\/wp\/v2\/media?parent=962"}],"wp:term":[{"taxonomy":"product_brand","embeddable":true,"href":"https:\/\/bqeye.com\/es\/wp-json\/wp\/v2\/product_brand?post=962"},{"taxonomy":"product_cat","embeddable":true,"href":"https:\/\/bqeye.com\/es\/wp-json\/wp\/v2\/product_cat?post=962"},{"taxonomy":"product_tag","embeddable":true,"href":"https:\/\/bqeye.com\/es\/wp-json\/wp\/v2\/product_tag?post=962"}],"curies":[{"name":"wp","href":"https:\/\/api.w.org\/{rel}","templated":true}]}}