{"id":971,"date":"2023-09-12T10:44:43","date_gmt":"2023-09-12T10:44:43","guid":{"rendered":"https:\/\/bqeye.com\/?post_type=product&#038;p=971"},"modified":"2024-04-18T02:21:42","modified_gmt":"2024-04-18T02:21:42","slug":"bqeye-elf-green-colored-contact-lenses","status":"publish","type":"product","link":"https:\/\/bqeye.com\/es\/bqeye-elf-green-colored-contact-lenses\/","title":{"rendered":"Lentes de contacto de color verde BQeye ELF"},"content":{"rendered":"<p>Despierta unos ojos de ensue\u00f1o con las lentes de contacto de color ELF Green, creadas por los magos de la naturaleza de BQeye. Nuestra mezcla de verde esmeralda y musgo desvela orbes vivos como el coraz\u00f3n de un bosque azotado por el viento.<\/p>\n<p>M\u00e1s que un simple verde, ELF infunde matices de peridoto y \u00e1mbar: la luz del sol se desplaza a trav\u00e9s de hojas susurrantes. Estas lentes de contacto de color especializadas realzan la belleza natural desde el interior de su frondoso velo.<\/p>\n<p>Hechizado por maestros de los secretos de las lentes, ELF Green se mueve mientras t\u00fa vagas libre. La hidrataci\u00f3n HydraMatrix mantiene frescos estos orbes esmeralda mientras exploras la magia del bosque. Ahora los misterios de la vida emergen, si tan s\u00f3lo los ves.<\/p>\n<p>Deja que ELF amplifique tu encanto con un color m\u00edstico y m\u00e1gico. El arte de BQeye garantiza el ajuste perfecto para desvelar el resplandor, ya sea floreciendo exuberantemente u observando astutamente. Tus ojos contar\u00e1n nuevas historias sobre el encanto de la naturaleza.<\/p>\n<p>Despierta tu fe\u00e9rico destino con lentes exuberantes como las ramas de Newleaf. Ya es hora de que BQeye te ayude a encontrar la paz interior entre los brazos protectores de la naturaleza, vislumbrada a trav\u00e9s de unos orbes llenos de pasi\u00f3n por los viajes bajo las ramas de los \u00e1rboles. Secretos que quiz\u00e1 conozcas.<\/p>","protected":false},"excerpt":{"rendered":"<p>Awaken fey eyes aglow with ELF Green colored contact lenses, crafted by BQeye&#8217;s nature magi. Our verdant emerald and moss blend unveils orbs alive like forest heart windswept. More than mere green, ELF infuses peridot and amber hues &#8211; sunlight shifting through whispering leaves. TheseSpecialized colored contact lenses enhance natural beauty from within their leafy [&#8230;]\n","protected":false},"featured_media":979,"comment_status":"open","ping_status":"closed","template":"","meta":[],"product_brand":[],"product_cat":[217,92,77,96,98],"product_tag":[],"class_list":{"0":"post-971","1":"product","2":"type-product","3":"status-publish","4":"has-post-thumbnail","6":"product_cat-elf","7":"product_cat-14-5-mm","8":"product_cat-green-contact-lenses","9":"product_cat-non-prescription","10":"product_cat-yearly-disposable","12":"first","13":"instock","14":"sale","15":"shipping-taxable","16":"purchasable","17":"product-type-variable","18":"has-default-attributes"},"_links":{"self":[{"href":"https:\/\/bqeye.com\/es\/wp-json\/wp\/v2\/product\/971","targetHints":{"allow":["GET"]}}],"collection":[{"href":"https:\/\/bqeye.com\/es\/wp-json\/wp\/v2\/product"}],"about":[{"href":"https:\/\/bqeye.com\/es\/wp-json\/wp\/v2\/types\/product"}],"replies":[{"embeddable":true,"href":"https:\/\/bqeye.com\/es\/wp-json\/wp\/v2\/comments?post=971"}],"wp:featuredmedia":[{"embeddable":true,"href":"https:\/\/bqeye.com\/es\/wp-json\/wp\/v2\/media\/979"}],"wp:attachment":[{"href":"https:\/\/bqeye.com\/es\/wp-json\/wp\/v2\/media?parent=971"}],"wp:term":[{"taxonomy":"product_brand","embeddable":true,"href":"https:\/\/bqeye.com\/es\/wp-json\/wp\/v2\/product_brand?post=971"},{"taxonomy":"product_cat","embeddable":true,"href":"https:\/\/bqeye.com\/es\/wp-json\/wp\/v2\/product_cat?post=971"},{"taxonomy":"product_tag","embeddable":true,"href":"https:\/\/bqeye.com\/es\/wp-json\/wp\/v2\/product_tag?post=971"}],"curies":[{"name":"wp","href":"https:\/\/api.w.org\/{rel}","templated":true}]}}