{"id":981,"date":"2023-09-12T11:06:10","date_gmt":"2023-09-12T11:06:10","guid":{"rendered":"https:\/\/bqeye.com\/?post_type=product&#038;p=981"},"modified":"2024-04-18T02:21:39","modified_gmt":"2024-04-18T02:21:39","slug":"bqeye-magnificent-sahara-brown-colored-contact-lenses","status":"publish","type":"product","link":"https:\/\/bqeye.com\/es\/bqeye-magnificent-sahara-brown-colored-contact-lenses\/","title":{"rendered":"Lentes de Contacto de Color Marr\u00f3n Sahara BQeye Magnificent"},"content":{"rendered":"<p>Envuelve tus ojos en calidez con las lentes de contacto de color Magnificent Sahara Brown de BQeye. Nuestra mezcla de arena, cacao y sepia, bendecida por el sol, despierta orbes resplandecientes como las dunas del desierto acariciadas al atardecer.<\/p>\n<p>M\u00e1s que un simple marr\u00f3n, Magnificent enciende matices ardientes: toques dorados cuando el sol se hunde en las sombras siena. Estas lentes de contacto de color especializadas realzan la belleza natural desde el interior de su velo te\u00f1ido por el atardecer.<\/p>\n<p>Elaboradas por artesanos de la lente, Magnificent se mueve mientras sonr\u00edes, parpadeas y r\u00edes todo el d\u00eda. La f\u00f3rmula HEMA mantiene hidratadas estas esferas del atardecer, ya sea montando en camello o mirando las estrellas en medio de cielos infinitamente magn\u00edficos. Ahora los fuegos internos y las percepciones ocultas pueden emerger para que los contemples.<\/p>\n<p>Deja que Magnificent eleve tu resplandor con un color luminoso. La experiencia de BQeye garantiza una suavidad mantecosa para resaltar el ardiente magnetismo, ya sea audazmente llameante o sutilmente realzado por los c\u00e1lidos vientos del desierto. Nuevas historias de encanto bendecido por el sol brillan ahora para que todos las vean.<\/p>\n<p>Enciende tu espl\u00e9ndido destino con lentes de contacto de colores tan ilimitadamente ricos y variados como las propias dunas. Es hora de descubrir unos ojos que brillan como arenas ardientes que se agitan al atardecer, vislumbradas a trav\u00e9s del velo magn\u00edficamente c\u00e1lido de la mejor creaci\u00f3n de BQeye. Tus infinitas posibilidades no han hecho m\u00e1s que empezar.<\/p>","protected":false},"excerpt":{"rendered":"<p>Bask your eyes in warmth with BQeye&#8217;s Magnificent Sahara Brown colored contact lenses. Our sun-blessed blend of sand, cocoa and sepia awakens orbs aglow like desert dunes caressed at dusk. More than mere brown, Magnificent ignites fiery undertones\u2014hints of gold as the sun sinks into sienna shadows. These specialized colored contacts enhance natural beauty from [&#8230;]\n","protected":false},"featured_media":988,"comment_status":"open","ping_status":"closed","template":"","meta":[],"product_brand":[],"product_cat":[207,91,80,96,98],"product_tag":[],"class_list":{"0":"post-981","1":"product","2":"type-product","3":"status-publish","4":"has-post-thumbnail","6":"product_cat-magnificent","7":"product_cat-14-2-mm","8":"product_cat-brown-contact-lenses","9":"product_cat-non-prescription","10":"product_cat-yearly-disposable","12":"first","13":"instock","14":"sale","15":"shipping-taxable","16":"purchasable","17":"product-type-variable","18":"has-default-attributes"},"_links":{"self":[{"href":"https:\/\/bqeye.com\/es\/wp-json\/wp\/v2\/product\/981","targetHints":{"allow":["GET"]}}],"collection":[{"href":"https:\/\/bqeye.com\/es\/wp-json\/wp\/v2\/product"}],"about":[{"href":"https:\/\/bqeye.com\/es\/wp-json\/wp\/v2\/types\/product"}],"replies":[{"embeddable":true,"href":"https:\/\/bqeye.com\/es\/wp-json\/wp\/v2\/comments?post=981"}],"wp:featuredmedia":[{"embeddable":true,"href":"https:\/\/bqeye.com\/es\/wp-json\/wp\/v2\/media\/988"}],"wp:attachment":[{"href":"https:\/\/bqeye.com\/es\/wp-json\/wp\/v2\/media?parent=981"}],"wp:term":[{"taxonomy":"product_brand","embeddable":true,"href":"https:\/\/bqeye.com\/es\/wp-json\/wp\/v2\/product_brand?post=981"},{"taxonomy":"product_cat","embeddable":true,"href":"https:\/\/bqeye.com\/es\/wp-json\/wp\/v2\/product_cat?post=981"},{"taxonomy":"product_tag","embeddable":true,"href":"https:\/\/bqeye.com\/es\/wp-json\/wp\/v2\/product_tag?post=981"}],"curies":[{"name":"wp","href":"https:\/\/api.w.org\/{rel}","templated":true}]}}