{"id":993,"date":"2023-09-12T11:36:34","date_gmt":"2023-09-12T11:36:34","guid":{"rendered":"https:\/\/bqeye.com\/?post_type=product&#038;p=993"},"modified":"2024-04-18T02:21:35","modified_gmt":"2024-04-18T02:21:35","slug":"bqeye-magnificent-amazonia-green-colored-contact-lenses","status":"publish","type":"product","link":"https:\/\/bqeye.com\/es\/bqeye-magnificent-amazonia-green-colored-contact-lenses\/","title":{"rendered":"Lentillas BQeye Magn\u00edficas de Color Verde Amazonia"},"content":{"rendered":"<p>Desata unos ojos de selva tropical resplandeciente con las lentes de contacto de color Magnificent Amazonia Green de BQeye. Nuestra verde mezcla de esmeralda, musgo y hojas de palmera despierta orbes vivos con el vigor indomable de la naturaleza.<\/p>\n<p>M\u00e1s all\u00e1 del mero verde, Magnificent enciende matices de verde azulado y aguamarina, destellos de alas de loro entre el vaiv\u00e9n de las copas de los \u00e1rboles. Estas lentes de contacto de color especializadas realzan la belleza natural desde el interior de su exuberante velo selv\u00e1tico.<\/p>\n<p>Elaboradas por artesanos impregnados de la magia de la selva tropical, Magnificent se mueve con una vitalidad sin obst\u00e1culos. HEMA mantiene frescas estas esferas verdes, ya sea explorando grutas ocultas o escalando cumbres imponentes. Ahora se pueden vislumbrar los secretos de la selva, si se tienen ojos para ver.<\/p>\n<p>Deje que Magnificent amplifique el resplandor vibrante con un rico color verde. La precisi\u00f3n de BQeye garantiza un uso flexible para resaltar el encanto innato, tanto si florece en medio de un denso follaje como si se observa con tranquila intenci\u00f3n. Ahora brillan nuevas historias del encanto de la selva tropical.<\/p>\n<p>Despierte su alma salvaje con lentes tan pr\u00f3speras y variadas como el propio Amazonas. Es hora de descubrir unos ojos brillantes con el impulso de la naturaleza sin restricciones, vislumbrado a trav\u00e9s del encantador velo esmeralda de Magnificent. Tu viaje hacia los infinitos descubrimientos de la vida no ha hecho m\u00e1s que empezar.<\/p>","protected":false},"excerpt":{"rendered":"<p>Unleash rainforest eyes aglow with BQeye&#8217;s Magnificent Amazonia Green colored contact lenses. Our verdant blend of emerald, moss and palm fronds awakens orbs alive with nature\u2019s untamed vigor. Beyond mere green, Magnificent ignites undertones of teal and aqua \u2014 flashes of parrot wings amid the canopy&#8217;s sway. These specialized colored contact lenses enhance natural beauty [&#8230;]\n","protected":false},"featured_media":1000,"comment_status":"open","ping_status":"closed","template":"","meta":[],"product_brand":[],"product_cat":[207,91,77,96,98],"product_tag":[],"class_list":{"0":"post-993","1":"product","2":"type-product","3":"status-publish","4":"has-post-thumbnail","6":"product_cat-magnificent","7":"product_cat-14-2-mm","8":"product_cat-green-contact-lenses","9":"product_cat-non-prescription","10":"product_cat-yearly-disposable","12":"first","13":"instock","14":"sale","15":"shipping-taxable","16":"purchasable","17":"product-type-variable","18":"has-default-attributes"},"_links":{"self":[{"href":"https:\/\/bqeye.com\/es\/wp-json\/wp\/v2\/product\/993","targetHints":{"allow":["GET"]}}],"collection":[{"href":"https:\/\/bqeye.com\/es\/wp-json\/wp\/v2\/product"}],"about":[{"href":"https:\/\/bqeye.com\/es\/wp-json\/wp\/v2\/types\/product"}],"replies":[{"embeddable":true,"href":"https:\/\/bqeye.com\/es\/wp-json\/wp\/v2\/comments?post=993"}],"wp:featuredmedia":[{"embeddable":true,"href":"https:\/\/bqeye.com\/es\/wp-json\/wp\/v2\/media\/1000"}],"wp:attachment":[{"href":"https:\/\/bqeye.com\/es\/wp-json\/wp\/v2\/media?parent=993"}],"wp:term":[{"taxonomy":"product_brand","embeddable":true,"href":"https:\/\/bqeye.com\/es\/wp-json\/wp\/v2\/product_brand?post=993"},{"taxonomy":"product_cat","embeddable":true,"href":"https:\/\/bqeye.com\/es\/wp-json\/wp\/v2\/product_cat?post=993"},{"taxonomy":"product_tag","embeddable":true,"href":"https:\/\/bqeye.com\/es\/wp-json\/wp\/v2\/product_tag?post=993"}],"curies":[{"name":"wp","href":"https:\/\/api.w.org\/{rel}","templated":true}]}}