{"id":328,"date":"2023-09-07T12:23:58","date_gmt":"2023-09-07T12:23:58","guid":{"rendered":"https:\/\/bqeye.com\/?page_id=328"},"modified":"2023-12-10T06:22:04","modified_gmt":"2023-12-10T06:22:04","slug":"about-us","status":"publish","type":"page","link":"https:\/\/bqeye.com\/fr\/about-us\/","title":{"rendered":"A propos de nous"},"content":{"rendered":"<h3 class=\"md-end-block md-heading\"><span class=\"md-plain md-expand\">Notre histoire<\/span><\/h3>\n<p class=\"md-end-block md-p md-focus\"><span class=\"md-plain md-expand\">On dit que les yeux sont la fen\u00eatre de l'\u00e2me. Mais pendant trop longtemps, les fabricants de lentilles de contact ont limit\u00e9 ce que nous pouvions voir \u00e0 travers ces fen\u00eatres. Les grands acteurs dominent le secteur, pratiquant des prix excessifs pour des lentilles transparentes de base tout en ignorant la demande des consommateurs pour davantage d'options. Ils ont fait des lentilles de contact un produit insipide, plut\u00f4t qu'une occasion passionnante de s'exprimer.<\/span><\/p>\n<p class=\"md-end-block md-p\"><span class=\"md-plain\">Nous avons cr\u00e9\u00e9 notre entreprise pour briser ces fen\u00eatres tach\u00e9es et apporter un peu de couleur dans le monde des lentilles de contact.<\/span><\/p>\n<h3 class=\"md-end-block md-heading\"><span class=\"md-plain\">Qui sommes-nous ?<\/span><\/h3>\n<p class=\"md-end-block md-p\"><span class=\"md-plain\">Je m'appelle Alex et je m'appelle Alice. Nous sommes fr\u00e8res et s\u0153urs, entrepreneurs et, par-dessus tout, des optimistes acharn\u00e9s.<\/span><\/p>\n<p class=\"md-end-block md-p\"><span class=\"md-plain\">En grandissant, nous avons tous deux \u00e9t\u00e9 confront\u00e9s \u00e0 des probl\u00e8mes de vue qui nous ont oblig\u00e9s \u00e0 porter des lunettes ou des lentilles de contact d\u00e8s notre plus jeune \u00e2ge. \u00c0 l'adolescence, nous avons \u00e9conomis\u00e9 notre argent de poche pour acheter des lentilles de couleur qui nous permettaient de changer la couleur de nos yeux pour le plaisir. Nous avons alors r\u00e9alis\u00e9 \u00e0 quel point le fait de changer ne serait-ce qu'un petit d\u00e9tail de notre apparence pouvait nous transformer.<\/span><\/p>\n<p class=\"md-end-block md-p\"><span class=\"md-plain\">Plus tard, \u00e0 l'universit\u00e9, nous avons souvent parl\u00e9 de cr\u00e9er un jour une entreprise ensemble. Un soir, au cours d'un d\u00eener, nous avons eu l'\u00e9tincelle qui a conduit \u00e0 notre entreprise actuelle. Nous nous plaignions de l'augmentation du co\u00fbt des lentilles de contact et du manque d'innovation des grands fabricants. C'est alors que nous avons eu l'id\u00e9e de lancer une entreprise de lentilles de contact color\u00e9es et abordables qui permettrait aux gens de se faire remarquer, et pas seulement de corriger leur vue.<\/span><\/p>\n<p class=\"md-end-block md-p\"><span class=\"md-plain\">Nous savions qu'il ne serait pas facile de percer l'oligopole de l'industrie des lentilles de contact. Mais nous \u00e9tions d\u00e9termin\u00e9s \u00e0 apporter du changement, de la cr\u00e9ativit\u00e9 et des \u00e9conomies aux consommateurs. Nous avons donc \u00e9labor\u00e9 un plan, contact\u00e9 des partenaires de fabrication et fait le saut dans l'entrepreneuriat.<\/span><\/p>\n<h3 class=\"md-end-block md-heading\"><span class=\"md-plain\">Pourquoi des lentilles de couleur ?<\/span><\/h3>\n<p class=\"md-end-block md-p\"><span class=\"md-plain\">Les lentilles de contact color\u00e9es vous permettent de transformer votre apparence en un instant. Vous voulez changer radicalement la couleur de vos yeux ? Passez du brun au bleu en un clin d'\u0153il. Vous avez envie d'arborer des yeux de chat pour une soir\u00e9e costum\u00e9e ? C'est d\u00e9sormais possible gr\u00e2ce aux lentilles de contact color\u00e9es.<\/span><\/p>\n<p class=\"md-end-block md-p\"><span class=\"md-plain\">Au-del\u00e0 de l'aspect ludique, les lentilles de contact color\u00e9es s\u00e9duisent \u00e9galement les personnes qui recherchent une am\u00e9lioration subtile de la couleur naturelle de leurs yeux. Par exemple, \u00e9claircir un brun fonc\u00e9 pour obtenir un ton miel, ou ajouter un anneau limbique pour faire ressortir les yeux bleus.<\/span><\/p>\n<p class=\"md-end-block md-p\"><span class=\"md-plain\">Les cas d'utilisation vont bien au-del\u00e0 de l'attrait cosm\u00e9tique. Les lentilles de contact color\u00e9es permettent des applications m\u00e9dicales telles que les proth\u00e8ses oculaires. Elles peuvent \u00e9galement offrir une protection oculaire contre les UV lorsqu'elles sont formul\u00e9es avec des filtres protecteurs.<\/span><\/p>\n<p class=\"md-end-block md-p\"><span class=\"md-plain\">Dans l'ensemble, les options de couleur des lentilles de contact permettent l'expression personnelle, renforcent la confiance en soi, r\u00e9pondent aux besoins m\u00e9dicaux et \u00e9largissent la d\u00e9finition de la beaut\u00e9. Les possibilit\u00e9s sont infinies lorsque vous consid\u00e9rez les lentilles de contact comme un accessoire cosm\u00e9tique et non comme un simple dispositif m\u00e9dical.<\/span><\/p>\n<h3 class=\"md-end-block md-heading\"><span class=\"md-plain\">Pourquoi maintenant ?<\/span><\/h3>\n<p class=\"md-end-block md-p\"><span class=\"md-plain\">Les progr\u00e8s de la technologie et de la fabrication des lentilles de contact en font le moment id\u00e9al pour lancer notre vision color\u00e9e.<\/span><\/p>\n<p class=\"md-end-block md-p\"><span class=\"md-plain\">Lorsque nous avons commenc\u00e9 \u00e0 nous int\u00e9resser \u00e0 l'industrie des lentilles de contact, nous avons constat\u00e9 qu'il existait un vide sur le march\u00e9. Les produits disponibles \u00e9taient d\u00e9pass\u00e9s et peu inspir\u00e9s. Les lentilles de correction de la vision claire dominent le march\u00e9, tandis que les lentilles de couleur sont consid\u00e9r\u00e9es comme une nouveaut\u00e9 de niche.<\/span><\/p>\n<p class=\"md-end-block md-p\"><span class=\"md-plain\">Mais la demande de couleur et d'expression personnelle est forte. Dans une enqu\u00eate que nous avons men\u00e9e aupr\u00e8s des 18-35 ans, plus de 85% ont d\u00e9clar\u00e9 qu'ils seraient int\u00e9ress\u00e9s par des lentilles de contact color\u00e9es si leur co\u00fbt \u00e9tait comparable \u00e0 celui des lentilles transparentes. En outre, 72% souhaitaient des options de couleurs plus spectaculaires que la simple mise en valeur de la couleur naturelle de leurs yeux.<\/span><\/p>\n<p class=\"md-end-block md-p\"><span class=\"md-plain\">Ce d\u00e9calage entre la demande des consommateurs et le manque de lentilles de couleur de qualit\u00e9 et abordables repr\u00e9sente une opportunit\u00e9 consid\u00e9rable. Gr\u00e2ce aux progr\u00e8s r\u00e9cents de la science des mat\u00e9riaux et des m\u00e9thodes de fabrication des lentilles, nous pouvons d\u00e9sormais proposer des lentilles de couleur durables et \u00e9clatantes directement aux consommateurs, \u00e0 des prix r\u00e9volutionnaires. La technologie a enfin rattrap\u00e9 les d\u00e9sirs des gens.<\/span><\/p>\n<h3 class=\"md-end-block md-heading\"><span class=\"md-plain\">Notre vision<\/span><\/h3>\n<p class=\"md-end-block md-p\"><span class=\"md-plain\">Nous envisageons un avenir o\u00f9 les lentilles de contact color\u00e9es seront un moyen amusant et accessible de transformer votre apparence, et non un article de sp\u00e9cialit\u00e9 rarement utilis\u00e9.<\/span><\/p>\n<p class=\"md-end-block md-p\"><span class=\"md-plain\">Presque comme du maquillage pour vos yeux, nos lentilles de couleur vous permettront de vous exprimer et d'explorer. Nous voulons vous aider \u00e0 vous sentir confiant et \u00e0 l'aise pour essayer de nouvelles couleurs, en sachant que nos lentilles sont de haute qualit\u00e9 et abordables.<\/span><\/p>\n<p class=\"md-end-block md-p\"><span class=\"md-plain\">Que vous souhaitiez apporter un changement subtil ou vous d\u00e9marquer dans une foule, nos lentilles permettent tout cela. Nous offrons la plus grande s\u00e9lection de couleurs sur le march\u00e9, avec des options exotiques bien au-del\u00e0 des bruns, bleus, verts et gris habituels. Nous parlons de couleurs m\u00e9talliques, pastel et m\u00eame de motifs.<\/span><\/p>\n<p class=\"md-end-block md-p\"><span class=\"md-plain\">Tout en \u00e9largissant la palette de couleurs, nous avons l'intention de r\u00e9duire consid\u00e9rablement les co\u00fbts. Notre mod\u00e8le commercial de vente directe au consommateur permet de r\u00e9aliser des \u00e9conomies allant jusqu'\u00e0 75% par rapport aux marques de lentilles de contact traditionnelles. Nous envisageons un jour o\u00f9 les lentilles de contact de couleur excitante co\u00fbteront \u00e0 peu pr\u00e8s le m\u00eame prix qu'une lentille transparente classique, ce qui en fera un achat facile et r\u00e9gulier plut\u00f4t qu'un luxe.<\/span><\/p>\n<p class=\"md-end-block md-p\"><span class=\"md-plain\">Malgr\u00e9 notre croissance rapide, nous ne perdons jamais de vue notre engagement en faveur de la qualit\u00e9. Toutes nos lentilles sont fabriqu\u00e9es dans des installations de pointe et subissent des tests de s\u00e9curit\u00e9 rigoureux. Parce que la sant\u00e9 des yeux ne doit jamais \u00eatre sacrifi\u00e9e au profit du style.<\/span><\/p>\n<p class=\"md-end-block md-p\"><span class=\"md-plain\">En r\u00e9sum\u00e9, notre vision est celle d'un monde o\u00f9 les contacts color\u00e9s sont.. :<\/span><\/p>\n<p class=\"md-end-block md-p\">-<span class=\"md-plain\"> Accessible - prix abordables, commande en ligne facile<\/span><\/p>\n<p class=\"md-end-block md-p\">-<span class=\"md-plain\"> Haute qualit\u00e9 - test\u00e9 rigoureusement pour la s\u00e9curit\u00e9 et la durabilit\u00e9<\/span><\/p>\n<p class=\"md-end-block md-p\">-<span class=\"md-plain\"> On Trend - des styles qui anticipent et m\u00e8nent les march\u00e9s<\/span><\/p>\n<p class=\"md-end-block md-p\">-<span class=\"md-plain\"> L'autonomisation - une fa\u00e7on amusante de transformer votre look \u00e0 votre guise<\/span><\/p>\n<p class=\"md-end-block md-p\"><span class=\"md-plain\">Nos progr\u00e8s \u00e0 ce jour<\/span><\/p>\n<p class=\"md-end-block md-p\"><span class=\"md-plain\">Au cours des deux derni\u00e8res ann\u00e9es, nous avons travaill\u00e9 sans rel\u00e2che pour faire de notre vision une r\u00e9alit\u00e9 :<\/span><\/p>\n<p class=\"md-end-block md-p\">-<span class=\"md-plain\"> Nous nous sommes associ\u00e9s aux meilleurs fabricants mondiaux de lentilles de contact pour produire notre gamme de lentilles jetables journali\u00e8res, de lentilles plurihebdomadaires et de lentilles \u00e0 effets sp\u00e9ciaux proth\u00e9tiques.<\/span><\/p>\n<p class=\"md-end-block md-p\">-<span class=\"md-plain\"> Nous avons recrut\u00e9 des ophtalmologues et des ing\u00e9nieurs produits renomm\u00e9s pour nous conseiller sur la formulation de nos lentilles, les tests de s\u00e9curit\u00e9 et la fabrication.<\/span><\/p>\n<p class=\"md-end-block md-p\">-<span class=\"md-plain\"> Nous nous sommes approvisionn\u00e9s en mat\u00e9riaux de haute qualit\u00e9, tels que des polym\u00e8res brevet\u00e9s qui changent de couleur et des pigments de couleur personnalis\u00e9s, pour des couleurs \u00e9clatantes et durables.<\/span><\/p>\n<p class=\"md-end-block md-p\">-<span class=\"md-plain\"> Nous avons perfectionn\u00e9 nos op\u00e9rations de commerce \u00e9lectronique direct avec le consommateur, permettant aux clients de s\u00e9lectionner, de personnaliser et de commander facilement des lentilles en ligne.<\/span><\/p>\n<p class=\"md-end-block md-p\">-<span class=\"md-plain\"> Nous avons mis au point des techniques r\u00e9volutionnaires pour fabriquer rapidement et efficacement de petites s\u00e9ries de nouveaux mod\u00e8les de couleurs en r\u00e9ponse aux commentaires des consommateurs. Cette souplesse permet \u00e0 nos styles de rester frais et excitants.<\/span><\/p>\n<p class=\"md-end-block md-p\">-<span class=\"md-plain\"> Nous avons mis en place un centre d'ex\u00e9cution de classe mondiale pour exp\u00e9dier les lentilles directement aux clients en un minimum de temps.<\/span><\/p>\n<p class=\"md-end-block md-p\">-<span class=\"md-plain\"> Nous avons \u00e9largi notre \u00e9quipe \u00e0 plus de 50 personnes passionn\u00e9es par la technologie, le marketing, les op\u00e9rations et l'engagement communautaire.<\/span><\/p>\n<p class=\"md-end-block md-p\">-<span class=\"md-plain\"> Nous avons cl\u00f4tur\u00e9 avec succ\u00e8s un cycle de financement de s\u00e9rie A de $7 millions d'euros pour financer nos plans d'expansion.<\/span><\/p>\n<p class=\"md-end-block md-p\">-<span class=\"md-plain\"> Plus important encore, nous avons lanc\u00e9 en douceur notre boutique en ligne il y a 6 mois. Depuis, plus de 20 000 clients ont d\u00e9couvert la joie, la confiance et la libert\u00e9 que procurent nos lentilles de contact de couleur.<\/span><\/p>\n<p class=\"md-end-block md-p\"><span class=\"md-plain\">Ce n'est qu'un d\u00e9but. Au cours de la prochaine phase de croissance, nous allons.. :<\/span><\/p>\n<p class=\"md-end-block md-p\">-<span class=\"md-plain\"> Augmenter notre gamme de couleurs de 100 \u00e0 plus de 500 options<\/span><\/p>\n<p class=\"md-end-block md-p\">-<span class=\"md-plain\"> S'\u00e9tendre au niveau international pour servir des clients dans plus de 15 pays<\/span><\/p>\n<p class=\"md-end-block md-p\">-<span class=\"md-plain\"> \u00c9largir notre communaut\u00e9 \u00e0 plus de 500 000 clients de lentilles de contact de couleur<\/span><\/p>\n<p class=\"md-end-block md-p\">-<span class=\"md-plain\"> R\u00e9duire les co\u00fbts de 20% suppl\u00e9mentaires, en r\u00e9percutant les \u00e9conomies sur les clients<\/span><\/p>\n<p class=\"md-end-block md-p\">-<span class=\"md-plain\"> Affiner nos capacit\u00e9s en mati\u00e8re de donn\u00e9es et d'analyse pour comprendre le comportement et les pr\u00e9f\u00e9rences des acheteurs<\/span><\/p>\n<p class=\"md-end-block md-p\">-<span class=\"md-plain\"> Investir dans les nouvelles technologies telles que la r\u00e9alit\u00e9 augment\u00e9e pour am\u00e9liorer l'exp\u00e9rience d'achat en ligne<\/span><\/p>\n<p class=\"md-end-block md-p\">-<span class=\"md-plain\"> Maintenir notre engagement en faveur du d\u00e9veloppement durable gr\u00e2ce \u00e0 des emballages et une fabrication respectueux de l'environnement<\/span><\/p>\n<p class=\"md-end-block md-p\"><span class=\"md-plain\">Gr\u00e2ce \u00e0 votre soutien, nous savons que nous transformerons l'industrie des lentilles de contact et que nous mettrons l'accent sur la vitalit\u00e9 et l'expression personnelle. Rejoignez-nous dans cette aventure !<\/span><\/p>\n<h3 class=\"md-end-block md-heading\"><span class=\"md-plain\">Notre \u00e9quipe<\/span><\/h3>\n<p class=\"md-end-block md-p\"><span class=\"md-plain\">Alex et moi avons fond\u00e9 l'entreprise, mais nous disposons aujourd'hui d'une \u00e9quipe incroyable de 50 employ\u00e9s qui adh\u00e8rent \u00e0 notre vision et apportent une \u00e9nergie et une expertise inestimables.<\/span><\/p>\n<p class=\"md-end-block md-p\"><span class=\"md-plain\">Notre personnel comprend<\/span><\/p>\n<ul class=\"ul-list\" data-mark=\"-\">\n<li class=\"md-list-item\">\n<p class=\"md-end-block md-p\">-<span class=\"md-plain\"> Ophtalmologistes et optom\u00e9tristes : Garantir que nos lentilles respectent ou d\u00e9passent les normes de s\u00e9curit\u00e9 de l'industrie<\/span><\/p>\n<\/li>\n<li class=\"md-list-item\">\n<p class=\"md-end-block md-p\">-<span class=\"md-plain\"> Chimistes des lentilles de contact : D\u00e9velopper des mat\u00e9riaux et des rev\u00eatements de nouvelle g\u00e9n\u00e9ration pour le confort et la durabilit\u00e9<\/span><\/p>\n<\/li>\n<li class=\"md-list-item\">\n<p class=\"md-end-block md-p\">-<span class=\"md-plain\"> Ing\u00e9nieurs de fabrication : Supervision des processus de production et du contr\u00f4le de la qualit\u00e9<\/span><\/p>\n<\/li>\n<li class=\"md-list-item\">\n<p class=\"md-end-block md-p\">-<span class=\"md-plain\"> Les gourous du commerce \u00e9lectronique : G\u00e9rer notre boutique en ligne et l'exp\u00e9rience client de bout en bout<\/span><\/p>\n<\/li>\n<li class=\"md-list-item\">\n<p class=\"md-end-block md-p\">-<span class=\"md-plain\"> Graphistes : Concevoir des motifs et des effets de couleur \u00e0 la mode<\/span><\/p>\n<\/li>\n<li class=\"md-list-item\">\n<p class=\"md-end-block md-p\">-<span class=\"md-plain\"> Les magiciens du marketing : Construire notre communaut\u00e9 et promouvoir notre mission<\/span><\/p>\n<\/li>\n<li class=\"md-list-item\">\n<p class=\"md-end-block md-p\">-<span class=\"md-plain\"> Les ninjas de l'ex\u00e9cution : Fournir une logistique de livraison rapide des commandes<\/span><\/p>\n<\/li>\n<li class=\"md-list-item\">\n<p class=\"md-end-block md-p\">-<span class=\"md-plain\"> Des d\u00e9fenseurs du service \u00e0 la client\u00e8le : Fournir une assistance exceptionnelle avant et apr\u00e8s l'achat<\/span><\/p>\n<\/li>\n<li class=\"md-list-item\">\n<p class=\"md-end-block md-p\">-<span class=\"md-plain\"> Professionnels des op\u00e9rations commerciales : Diriger les finances, les ressources humaines, le service juridique et d'autres fonctions op\u00e9rationnelles<\/span><\/p>\n<\/li>\n<\/ul>\n<p class=\"md-end-block md-p\"><span class=\"md-plain\">Nous avons \u00e9galement \u00e9tabli des partenariats avec des influenceurs et des ophtalmologistes dans le monde entier pour promouvoir nos produits et contribuer \u00e0 l'\u00e9ducation sur l'utilisation s\u00fbre des lentilles de contact de couleur.<\/span><\/p>\n<p class=\"md-end-block md-p\"><span class=\"md-plain\">Cette \u00e9quipe talentueuse nous permet de continuer \u00e0 innover tout en nous d\u00e9veloppant de mani\u00e8re responsable. Nous sommes tr\u00e8s reconnaissants de leur passion et de leurs talents.<\/span><\/p>\n<h3 class=\"md-end-block md-heading\"><span class=\"md-plain\">Nos partenaires industriels<\/span><\/h3>\n<p class=\"md-end-block md-p\"><span class=\"md-plain\">Pour produire nos lentilles de contact color\u00e9es de nouvelle g\u00e9n\u00e9ration, nous avons collabor\u00e9 avec trois partenaires industriels de premier plan aux \u00c9tats-Unis, en Europe et en Asie.<\/span><\/p>\n<p class=\"md-end-block md-p\"><span class=\"md-plain\">Ces partenaires nous donnent acc\u00e8s \u00e0 des installations de pointe, \u00e0 des laboratoires d'essais de s\u00e9curit\u00e9 et \u00e0 une expertise technique. Leur pr\u00e9sence mondiale nous permet de livrer efficacement les lentilles \u00e0 nos clients dans le monde entier.<\/span><\/p>\n<p class=\"md-end-block md-p\"><span class=\"md-plain\">Nous surveillons de pr\u00e8s l'ensemble du processus de fabrication par le biais d'inspections de qualit\u00e9 sur site, d'audits de s\u00e9curit\u00e9 et en affectant du personnel \u00e0 chaque site. Cette approche pratique garantit que toutes les lentilles r\u00e9pondent \u00e0 nos normes rigoureuses.<\/span><\/p>\n<p class=\"md-end-block md-p\"><span class=\"md-plain\">Nos relations avec les fabricants nous permettent \u00e9galement de d\u00e9velopper rapidement de nouvelles couleurs et de g\u00e9rer les hausses de la demande. Nous pouvons rapidement augmenter la production dans diff\u00e9rentes zones g\u00e9ographiques. Cette flexibilit\u00e9 nous permet de rester \u00e0 la pointe des tendances en mati\u00e8re de lentilles de contact color\u00e9es.<\/span><\/p>\n<p class=\"md-end-block md-p\"><span class=\"md-plain\">Alors que certains concurrents tentent de cacher leurs partenaires de fabrication, nous sommes fiers de partager ces collaborations. Nos clients m\u00e9ritent de savoir qui fabrique leurs lentilles et o\u00f9. Nous nous imposons, ainsi qu'\u00e0 nos partenaires, les normes les plus strictes en mati\u00e8re d'\u00e9thique, de qualit\u00e9 et de transparence.<\/span><\/p>\n<h3 class=\"md-end-block md-heading\"><span class=\"md-plain\">Le chemin \u00e0 parcourir<\/span><\/h3>\n<p class=\"md-end-block md-p\"><span class=\"md-plain\">Nous avons fait d'\u00e9normes progr\u00e8s depuis notre cr\u00e9ation il y a deux ans. Mais nous n'avons fait qu'effleurer la surface de ce qui est possible.<\/span><\/p>\n<p class=\"md-end-block md-p\"><span class=\"md-plain md-expand\">Regarder vers l'avenir,<\/span><\/p>","protected":false},"excerpt":{"rendered":"<p>Our Story They say eyes are the window to the soul. But for too long, contact lens companies have limited what we can see through those windows. The big players dominate the industry, overcharging for basic clear lenses while ignoring consumer demand for more options. They\u2019ve turned contact lenses into a bland commodity, rather than [&#8230;]\n","protected":false},"author":1,"featured_media":0,"parent":0,"menu_order":0,"comment_status":"closed","ping_status":"closed","template":"","meta":{"footnotes":""},"class_list":["post-328","page","type-page","status-publish","hentry"],"_links":{"self":[{"href":"https:\/\/bqeye.com\/fr\/wp-json\/wp\/v2\/pages\/328","targetHints":{"allow":["GET"]}}],"collection":[{"href":"https:\/\/bqeye.com\/fr\/wp-json\/wp\/v2\/pages"}],"about":[{"href":"https:\/\/bqeye.com\/fr\/wp-json\/wp\/v2\/types\/page"}],"author":[{"embeddable":true,"href":"https:\/\/bqeye.com\/fr\/wp-json\/wp\/v2\/users\/1"}],"replies":[{"embeddable":true,"href":"https:\/\/bqeye.com\/fr\/wp-json\/wp\/v2\/comments?post=328"}],"version-history":[{"count":0,"href":"https:\/\/bqeye.com\/fr\/wp-json\/wp\/v2\/pages\/328\/revisions"}],"wp:attachment":[{"href":"https:\/\/bqeye.com\/fr\/wp-json\/wp\/v2\/media?parent=328"}],"curies":[{"name":"wp","href":"https:\/\/api.w.org\/{rel}","templated":true}]}}