{"id":685,"date":"2023-09-10T13:19:13","date_gmt":"2023-09-10T13:19:13","guid":{"rendered":"https:\/\/bqeye.com\/?page_id=685"},"modified":"2023-11-07T14:39:54","modified_gmt":"2023-11-07T14:39:54","slug":"contact-us","status":"publish","type":"page","link":"https:\/\/bqeye.com\/fr\/contact-us\/","title":{"rendered":"Contactez-nous"},"content":{"rendered":"<p>Nous appr\u00e9cions vos commentaires et sommes l\u00e0 pour vous aider. Si vous souhaitez suivre l'\u00e9tat de votre colis, veuillez consulter notre site d\u00e9di\u00e9 au suivi des colis \u00e0 l'adresse suivante\u00a0<strong><a href=\"https:\/\/724track.com\/\" target=\"_blank\" rel=\"noopener\">https:\/\/724track.com<\/a><\/strong>. Cette plateforme vous permet de saisir votre adresse \u00e9lectronique et votre num\u00e9ro de suivi pour v\u00e9rifier l'\u00e9tat de votre colis. Il peut arriver que les num\u00e9ros de suivi de nos colis soient consid\u00e9r\u00e9s comme des messages publicitaires et se retrouvent dans vos dossiers spam ou poubelle.<\/p>\n<p>Pour toute question relative aux commandes quotidiennes, au service apr\u00e8s-vente ou \u00e0 toute assistance g\u00e9n\u00e9rale, veuillez nous contacter par courrier \u00e9lectronique \u00e0 l'adresse suivante\u00a0<strong><a href=\"mailto:service@bqeye.com\" target=\"_blank\" rel=\"noopener\">service@bqeye.com<\/a>.<\/strong><\/p>\n<p>Si vous avez des questions concernant les collaborations avec des influenceurs ou les possibilit\u00e9s de partenariat, n'h\u00e9sitez pas \u00e0 nous contacter \u00e0 l'adresse suivante <strong><a href=\"mailto:cop@bqeye.com\" target=\"_blank\" rel=\"noopener\">ins@bqeye.com<\/a>.<\/strong><\/p>\n<p>Nous nous effor\u00e7ons de r\u00e9pondre \u00e0 toutes les demandes dans les 24-48 heures. Merci de nous avoir contact\u00e9s !<\/p>","protected":false},"excerpt":{"rendered":"<p>We value your feedback and are here to assist you. If you would like to track your package status, please visit our dedicated package tracking site at\u00a0https:\/\/724track.com. This platform allows you to input your email and tracking number to check the status of your package. Sometimes, our package tracking numbers may be flagged as marketing [&#8230;]\n","protected":false},"author":1,"featured_media":0,"parent":0,"menu_order":0,"comment_status":"closed","ping_status":"closed","template":"","meta":{"footnotes":""},"class_list":["post-685","page","type-page","status-publish","hentry"],"_links":{"self":[{"href":"https:\/\/bqeye.com\/fr\/wp-json\/wp\/v2\/pages\/685","targetHints":{"allow":["GET"]}}],"collection":[{"href":"https:\/\/bqeye.com\/fr\/wp-json\/wp\/v2\/pages"}],"about":[{"href":"https:\/\/bqeye.com\/fr\/wp-json\/wp\/v2\/types\/page"}],"author":[{"embeddable":true,"href":"https:\/\/bqeye.com\/fr\/wp-json\/wp\/v2\/users\/1"}],"replies":[{"embeddable":true,"href":"https:\/\/bqeye.com\/fr\/wp-json\/wp\/v2\/comments?post=685"}],"version-history":[{"count":0,"href":"https:\/\/bqeye.com\/fr\/wp-json\/wp\/v2\/pages\/685\/revisions"}],"wp:attachment":[{"href":"https:\/\/bqeye.com\/fr\/wp-json\/wp\/v2\/media?parent=685"}],"curies":[{"name":"wp","href":"https:\/\/api.w.org\/{rel}","templated":true}]}}