{"id":1001,"date":"2023-09-12T11:56:58","date_gmt":"2023-09-12T11:56:58","guid":{"rendered":"https:\/\/bqeye.com\/?post_type=product&#038;p=1001"},"modified":"2024-04-18T02:21:32","modified_gmt":"2024-04-18T02:21:32","slug":"bqeye-magnificent-antarctic-blue-colored-contact-lenses","status":"publish","type":"product","link":"https:\/\/bqeye.com\/fr\/bqeye-magnificent-antarctic-blue-colored-contact-lenses\/","title":{"rendered":"BQeye Magnifiques Lentilles De Contact De Couleur Bleu Antarctique"},"content":{"rendered":"<p>R\u00e9veillez vos yeux avec une mystique glac\u00e9e gr\u00e2ce aux lentilles de contact color\u00e9es BQeye's Magnificent Antarctic Blue. Notre m\u00e9lange c\u00e9rul\u00e9en de pervenche, d'azur et de cobalt d\u00e9voile des orbes anim\u00e9s d'une splendeur hivernale.<\/p>\n<p>Au-del\u00e0 du simple bleu, Magnificent fait ressortir des nuances d'indigo et de saphir - des aper\u00e7us d'aurores dansant au milieu des \u00e9toiles de la nuit polaire. Ces lentilles de contact color\u00e9es sp\u00e9cialis\u00e9es mettent en valeur la beaut\u00e9 naturelle \u00e0 l'int\u00e9rieur de leur voile glac\u00e9 scintillant.<\/p>\n<p>Fabriqu\u00e9 par des artisans impr\u00e9gn\u00e9s de magie polaire, Magnificent se d\u00e9place aussi s\u00fbrement et rapidement que les glaciers qui s'\u00e9crasent. L'humidit\u00e9 HEMA permet \u00e0 ces sph\u00e8res c\u00e9rul\u00e9ennes de rester cristallines, qu'elles explorent les profondeurs gel\u00e9es ou qu'elles s'\u00e9panouissent au milieu des beaut\u00e9s les plus rudes de la nature. Les secrets de la glace peuvent maintenant \u00e9merger, si vous avez les yeux pour vraiment voir.<\/p>\n<p>Laissez Magnificent amplifier l'allure hypnotique avec des couleurs vives. Le travail de pr\u00e9cision de BQeye garantit une douceur de beurre pour mettre en valeur le magn\u00e9tisme per\u00e7ant, qu'il s'agisse de s'\u00e9panouir au milieu de la majest\u00e9 glaciale ou d'observer avec une concentration glac\u00e9e. De nouvelles histoires de merveilles hivernales resplendissent d\u00e9sormais.<\/p>\n<p>R\u00e9veillez votre vraie nature avec des lentilles aussi r\u00e9sistantes et vari\u00e9es que la glace elle-m\u00eame. Il est temps de d\u00e9couvrir des yeux qui brillent d'une infinit\u00e9 de possibilit\u00e9s, entrevues \u00e0 travers le voile azur enchanteur de Magnificent. Votre voyage dans les paysages glaciaires infinis de la vie ne fait que commencer.<\/p>","protected":false},"excerpt":{"rendered":"<p>Awaken eyes aglow with icy mystique via BQeye&#8217;s Magnificent Antarctic Blue colored contact lenses. Our cerulean medley of periwinkle, azure and cobalt unveils orbs alive with wintry splendor. Beyond mere blue, Magnificent ignites undertones of indigo and sapphire &#8211; glimpses of auroras dancing amid polar night&#8217;s stars. These specialized colored contact lenses enhance natural beauty [&#8230;]\n","protected":false},"featured_media":1008,"comment_status":"open","ping_status":"closed","template":"","meta":[],"product_brand":[],"product_cat":[207,91,75,96,98],"product_tag":[],"class_list":{"0":"post-1001","1":"product","2":"type-product","3":"status-publish","4":"has-post-thumbnail","6":"product_cat-magnificent","7":"product_cat-14-2-mm","8":"product_cat-blue-contact-lenses","9":"product_cat-non-prescription","10":"product_cat-yearly-disposable","12":"first","13":"instock","14":"sale","15":"shipping-taxable","16":"purchasable","17":"product-type-variable","18":"has-default-attributes"},"_links":{"self":[{"href":"https:\/\/bqeye.com\/fr\/wp-json\/wp\/v2\/product\/1001","targetHints":{"allow":["GET"]}}],"collection":[{"href":"https:\/\/bqeye.com\/fr\/wp-json\/wp\/v2\/product"}],"about":[{"href":"https:\/\/bqeye.com\/fr\/wp-json\/wp\/v2\/types\/product"}],"replies":[{"embeddable":true,"href":"https:\/\/bqeye.com\/fr\/wp-json\/wp\/v2\/comments?post=1001"}],"wp:featuredmedia":[{"embeddable":true,"href":"https:\/\/bqeye.com\/fr\/wp-json\/wp\/v2\/media\/1008"}],"wp:attachment":[{"href":"https:\/\/bqeye.com\/fr\/wp-json\/wp\/v2\/media?parent=1001"}],"wp:term":[{"taxonomy":"product_brand","embeddable":true,"href":"https:\/\/bqeye.com\/fr\/wp-json\/wp\/v2\/product_brand?post=1001"},{"taxonomy":"product_cat","embeddable":true,"href":"https:\/\/bqeye.com\/fr\/wp-json\/wp\/v2\/product_cat?post=1001"},{"taxonomy":"product_tag","embeddable":true,"href":"https:\/\/bqeye.com\/fr\/wp-json\/wp\/v2\/product_tag?post=1001"}],"curies":[{"name":"wp","href":"https:\/\/api.w.org\/{rel}","templated":true}]}}