{"id":1009,"date":"2023-09-12T12:01:00","date_gmt":"2023-09-12T12:01:00","guid":{"rendered":"https:\/\/bqeye.com\/?post_type=product&#038;p=1009"},"modified":"2024-04-18T02:21:28","modified_gmt":"2024-04-18T02:21:28","slug":"bqeye-magnificent-grey-colored-contact-lenses","status":"publish","type":"product","link":"https:\/\/bqeye.com\/fr\/bqeye-magnificent-grey-colored-contact-lenses\/","title":{"rendered":"BQeye Magnifiques Lentilles De Contact De Couleur Grise"},"content":{"rendered":"<p>R\u00e9veillez des yeux qui intriguent avec les lentilles de contact color\u00e9es Magnificent Grey de BQeye. Notre m\u00e9lange de charbon, de fum\u00e9e et de cendres d\u00e9voile des orbes qui brillent d'une complexit\u00e9 subtile.<\/p>\n<p>Au-del\u00e0 du simple gris, Magnificent fait ressortir des touches d'argent et d'\u00e9tain - des mouchetures aper\u00e7ues dans l'acier martel\u00e9. Ces lentilles de contact color\u00e9es sp\u00e9cialis\u00e9es mettent en valeur la beaut\u00e9 naturelle \u00e0 l'int\u00e9rieur de leur voile industriel froid.<\/p>\n<p>Forg\u00e9es par des artisans de la fabrication de lentilles innovantes, les lunettes Magnificent se d\u00e9placent avec une gr\u00e2ce certaine, que ce soit dans les salles de r\u00e9union ou pour \u00e9tudier la vie urbaine. Le fluide HEMA permet \u00e0 ces sph\u00e8res d'acier de rester \u00e9l\u00e9gantes, qu'il s'agisse de journ\u00e9es avant-gardistes ou de nuits sombres et romantiques. Les profondeurs cach\u00e9es peuvent maintenant \u00e9merger, si vous observez.<\/p>\n<p>Laissez Magnificent amplifier l'allure magn\u00e9tique avec un myst\u00e8re moderne. La pr\u00e9cision de BQeye assure un confort doux pour mettre en valeur le charme intuitif, qu'il s'agisse d'un aventurier raffin\u00e9 ou d'une personne qui transperce tranquillement tous les pr\u00e9jug\u00e9s. De nouvelles histoires de myst\u00e8re urbain brillent d\u00e9sormais.<\/p>\n<p>R\u00e9veillez vos vraies intuitions avec des lentilles aux multiples facettes, comme le monde moderne lui-m\u00eame. Il est temps de d\u00e9couvrir des yeux qui brillent de possibilit\u00e9s entrevues \u00e0 travers le voile gris s\u00e9duisant de Magnificent. O\u00f9 vous m\u00e8nera votre voyage de r\u00e9invention ? Tout reste \u00e0 voir.<\/p>","protected":false},"excerpt":{"rendered":"<p>Awaken eyes that intrigue with BQeye&#8217;s Magnificent Grey colored contact lenses. Our steely m\u00e9lange of charcoal, smoke and ash unveils orbs that gleam with subtle complexity. Beyond mere grey, Magnificent ignites hints of silver and pewter &#8211; flecks glimpsed within hammered steel. These specialized colored contact lenses enhance natural beauty from within their cool industrial [&#8230;]\n","protected":false},"featured_media":1017,"comment_status":"open","ping_status":"closed","template":"","meta":[],"product_brand":[],"product_cat":[207,91,81,96,98],"product_tag":[],"class_list":{"0":"post-1009","1":"product","2":"type-product","3":"status-publish","4":"has-post-thumbnail","6":"product_cat-magnificent","7":"product_cat-14-2-mm","8":"product_cat-grey-contact-lenses","9":"product_cat-non-prescription","10":"product_cat-yearly-disposable","12":"first","13":"instock","14":"sale","15":"shipping-taxable","16":"purchasable","17":"product-type-variable","18":"has-default-attributes"},"_links":{"self":[{"href":"https:\/\/bqeye.com\/fr\/wp-json\/wp\/v2\/product\/1009","targetHints":{"allow":["GET"]}}],"collection":[{"href":"https:\/\/bqeye.com\/fr\/wp-json\/wp\/v2\/product"}],"about":[{"href":"https:\/\/bqeye.com\/fr\/wp-json\/wp\/v2\/types\/product"}],"replies":[{"embeddable":true,"href":"https:\/\/bqeye.com\/fr\/wp-json\/wp\/v2\/comments?post=1009"}],"wp:featuredmedia":[{"embeddable":true,"href":"https:\/\/bqeye.com\/fr\/wp-json\/wp\/v2\/media\/1017"}],"wp:attachment":[{"href":"https:\/\/bqeye.com\/fr\/wp-json\/wp\/v2\/media?parent=1009"}],"wp:term":[{"taxonomy":"product_brand","embeddable":true,"href":"https:\/\/bqeye.com\/fr\/wp-json\/wp\/v2\/product_brand?post=1009"},{"taxonomy":"product_cat","embeddable":true,"href":"https:\/\/bqeye.com\/fr\/wp-json\/wp\/v2\/product_cat?post=1009"},{"taxonomy":"product_tag","embeddable":true,"href":"https:\/\/bqeye.com\/fr\/wp-json\/wp\/v2\/product_tag?post=1009"}],"curies":[{"name":"wp","href":"https:\/\/api.w.org\/{rel}","templated":true}]}}