{"id":1018,"date":"2023-09-12T12:15:57","date_gmt":"2023-09-12T12:15:57","guid":{"rendered":"https:\/\/bqeye.com\/?post_type=product&#038;p=1018"},"modified":"2024-04-18T02:21:25","modified_gmt":"2024-04-18T02:21:25","slug":"bqeye-magnificent-black-colored-contact-lenses","status":"publish","type":"product","link":"https:\/\/bqeye.com\/fr\/bqeye-magnificent-black-colored-contact-lenses\/","title":{"rendered":"BQeye Magnifiques Lentilles De Contact De Couleur Noire"},"content":{"rendered":"<p>Mettez en valeur des yeux qui hypnotisent avec les lentilles de contact color\u00e9es Magnificent Black de BQeye. Notre fusion d'encre de cobalt, d'onyx et d'\u00e9b\u00e8ne d\u00e9voile des orbes qui attirent tout le monde dans une contemplation plus profonde.<\/p>\n<p>Au-del\u00e0 du simple noir, Magnificent allume de subtils reflets de saphir et de minuit - des aper\u00e7us dans le voile s\u00e9duisant de l'ombre. Ces lentilles de contact color\u00e9es sp\u00e9cialis\u00e9es mettent en valeur la beaut\u00e9 naturelle \u00e0 l'int\u00e9rieur de leur voile obscur et mystifiant.<\/p>\n<p>Forg\u00e9 par des artisans impr\u00e9gn\u00e9s de r\u00e9alisation am\u00e9lior\u00e9e, Magnificent se d\u00e9place avec une furtivit\u00e9 certaine, qu'il s'agisse d'observer les autres ou de ruminer en priv\u00e9. Le fluide HEMA permet \u00e0 ces sph\u00e8res opaques de rester lisses, qu'elles soient \u00e9clair\u00e9es par la lumi\u00e8re de Luna ou par une lueur \u00e9lectrique. Maintenant, des facettes cach\u00e9es peuvent \u00e9merger, si vous regardez tranquillement \u00e0 l'int\u00e9rieur.<\/p>\n<p>Laissez Magnificent amplifier l'intrigue avec une profondeur insondable. La pr\u00e9cision de BQeye assure le confort pour mettre en valeur l'intuition, qu'elle p\u00e9n\u00e8tre toutes les surfaces ou qu'elle soit voil\u00e9e par les secrets de la nuit. Les nouveaux myst\u00e8res de l'attrait r\u00e9tinien se d\u00e9voilent.<\/p>\n<p>R\u00e9veillez une vision perspicace gr\u00e2ce \u00e0 des lentilles aux multiples facettes, comme l'ombre elle-m\u00eame. Il est temps de trouver des yeux qui attirent tout le monde plus profond\u00e9ment \u00e0 l'int\u00e9rieur, \u00e0 travers le voile noir s\u00e9duisant de Magnificent. O\u00f9 m\u00e8nera votre illumination int\u00e9rieure ? Tout reste voil\u00e9 \u00e0 l'int\u00e9rieur, attendant d'\u00eatre vu.<\/p>","protected":false},"excerpt":{"rendered":"<p>Enhance eyes that mesmerize with BQeye&#8217;s Magnificent Black colored contact lenses. Our inky fusion of cobalt, onyx and ebony unveils orbs that draw all into deeper contemplation. Beyond mere black, Magnificent ignites subtle glints of sapphire and midnight &#8211; glimpses within shadow&#8217;s alluring veil. These specialized colored contact lenses enhance natural beauty from within their [&#8230;]\n","protected":false},"featured_media":1025,"comment_status":"open","ping_status":"closed","template":"","meta":[],"product_brand":[],"product_cat":[207,91,73,96,98],"product_tag":[],"class_list":{"0":"post-1018","1":"product","2":"type-product","3":"status-publish","4":"has-post-thumbnail","6":"product_cat-magnificent","7":"product_cat-14-2-mm","8":"product_cat-black-contact-lenses","9":"product_cat-non-prescription","10":"product_cat-yearly-disposable","12":"first","13":"instock","14":"sale","15":"shipping-taxable","16":"purchasable","17":"product-type-variable","18":"has-default-attributes"},"_links":{"self":[{"href":"https:\/\/bqeye.com\/fr\/wp-json\/wp\/v2\/product\/1018","targetHints":{"allow":["GET"]}}],"collection":[{"href":"https:\/\/bqeye.com\/fr\/wp-json\/wp\/v2\/product"}],"about":[{"href":"https:\/\/bqeye.com\/fr\/wp-json\/wp\/v2\/types\/product"}],"replies":[{"embeddable":true,"href":"https:\/\/bqeye.com\/fr\/wp-json\/wp\/v2\/comments?post=1018"}],"wp:featuredmedia":[{"embeddable":true,"href":"https:\/\/bqeye.com\/fr\/wp-json\/wp\/v2\/media\/1025"}],"wp:attachment":[{"href":"https:\/\/bqeye.com\/fr\/wp-json\/wp\/v2\/media?parent=1018"}],"wp:term":[{"taxonomy":"product_brand","embeddable":true,"href":"https:\/\/bqeye.com\/fr\/wp-json\/wp\/v2\/product_brand?post=1018"},{"taxonomy":"product_cat","embeddable":true,"href":"https:\/\/bqeye.com\/fr\/wp-json\/wp\/v2\/product_cat?post=1018"},{"taxonomy":"product_tag","embeddable":true,"href":"https:\/\/bqeye.com\/fr\/wp-json\/wp\/v2\/product_tag?post=1018"}],"curies":[{"name":"wp","href":"https:\/\/api.w.org\/{rel}","templated":true}]}}