{"id":1035,"date":"2023-09-18T02:44:42","date_gmt":"2023-09-18T02:44:42","guid":{"rendered":"https:\/\/bqeye.com\/?post_type=product&#038;p=1035"},"modified":"2024-04-18T02:21:22","modified_gmt":"2024-04-18T02:21:22","slug":"bqeye-stunna-girl-khaki-colored-contact-lenses","status":"publish","type":"product","link":"https:\/\/bqeye.com\/fr\/bqeye-stunna-girl-khaki-colored-contact-lenses\/","title":{"rendered":"BQeye Stunna Girl Lentilles de contact de couleur kaki"},"content":{"rendered":"<div>Inspirez-vous du style de la reine des abeilles avec des yeux inspir\u00e9s de la teinte kaki caract\u00e9ristique de BQeye. Con\u00e7ues exclusivement pour les fashionistas en mouvement, ces lentilles de contact de couleur neutre sont le reflet d'une esth\u00e9tique chic et sans effort.<\/div>\n<div><\/div>\n<div>Notre m\u00e9lange terreux de tan et de nude r\u00e9veille les yeux avec une \u00e9tincelle fra\u00eeche et minimaliste. Les lentilles circulaires et les pigments d\u00e9licats permettent une gamme d'expressions allant du sulfureux au doux. Le mat\u00e9riau HEMA permet aux paupi\u00e8res de rester luxuriantes toute la journ\u00e9e.<\/div>\n<div><\/div>\n<div>Qu'il s'agisse d'une tenue monochrome ou d'une inspiration de l'an 2000, ces lentilles polyvalentes synchronisent votre vision avec le style cool de Stunna Girl. R\u00e9sistantes mais fines, elles conviennent parfaitement aux falsies fluttery et aux looks de liner.<\/div>\n<div><\/div>\n<div>Canalisez la It Girl qui sommeille en vous gr\u00e2ce \u00e0 des yeux aussi polyvalents et tendance que le savoir-faire de Stunna en mati\u00e8re de mode. Compl\u00e9tez n'importe quel look avec son regard kaki caract\u00e9ristique, une touche de neutralit\u00e9 qui est toujours de votre c\u00f4t\u00e9.<\/div>\n<div><\/div>\n<div>Appropriez-vous votre style comme la reine avec ces lunettes BQeye. Commandez-les d\u00e8s maintenant pour rester \u00e0 la pointe du progr\u00e8s en tout confort.<\/div>","protected":false},"excerpt":{"rendered":"<p>Serve up serious style inspo as the trendsetting queen bee with eyes inspired by BQeye&#8217;s signature khaki hue. Crafted exclusively for the fashionista on-the-go, these neutral colored contact lenses channel an effortlessly chic aesthetic. Our earthy blend of tan and nude awakens eyes with a fresh, minimalist spark. Circle lenses and delicate pigments allow a [&#8230;]\n","protected":false},"featured_media":1043,"comment_status":"open","ping_status":"closed","template":"","meta":[],"product_brand":[],"product_cat":[104,91,84,96,98],"product_tag":[],"class_list":{"0":"post-1035","1":"product","2":"type-product","3":"status-publish","4":"has-post-thumbnail","6":"product_cat-stunna-girl","7":"product_cat-14-2-mm","8":"product_cat-hazel-contact-lenses","9":"product_cat-non-prescription","10":"product_cat-yearly-disposable","12":"first","13":"instock","14":"sale","15":"shipping-taxable","16":"purchasable","17":"product-type-variable","18":"has-default-attributes"},"_links":{"self":[{"href":"https:\/\/bqeye.com\/fr\/wp-json\/wp\/v2\/product\/1035","targetHints":{"allow":["GET"]}}],"collection":[{"href":"https:\/\/bqeye.com\/fr\/wp-json\/wp\/v2\/product"}],"about":[{"href":"https:\/\/bqeye.com\/fr\/wp-json\/wp\/v2\/types\/product"}],"replies":[{"embeddable":true,"href":"https:\/\/bqeye.com\/fr\/wp-json\/wp\/v2\/comments?post=1035"}],"wp:featuredmedia":[{"embeddable":true,"href":"https:\/\/bqeye.com\/fr\/wp-json\/wp\/v2\/media\/1043"}],"wp:attachment":[{"href":"https:\/\/bqeye.com\/fr\/wp-json\/wp\/v2\/media?parent=1035"}],"wp:term":[{"taxonomy":"product_brand","embeddable":true,"href":"https:\/\/bqeye.com\/fr\/wp-json\/wp\/v2\/product_brand?post=1035"},{"taxonomy":"product_cat","embeddable":true,"href":"https:\/\/bqeye.com\/fr\/wp-json\/wp\/v2\/product_cat?post=1035"},{"taxonomy":"product_tag","embeddable":true,"href":"https:\/\/bqeye.com\/fr\/wp-json\/wp\/v2\/product_tag?post=1035"}],"curies":[{"name":"wp","href":"https:\/\/api.w.org\/{rel}","templated":true}]}}