{"id":1044,"date":"2023-09-18T03:03:14","date_gmt":"2023-09-18T03:03:14","guid":{"rendered":"https:\/\/bqeye.com\/?post_type=product&#038;p=1044"},"modified":"2024-04-18T02:21:14","modified_gmt":"2024-04-18T02:21:14","slug":"bqeye-stunna-girl-grey-colored-contact-lenses","status":"publish","type":"product","link":"https:\/\/bqeye.com\/fr\/bqeye-stunna-girl-grey-colored-contact-lenses\/","title":{"rendered":"BQeye Stunna Girl Lentilles de contact de couleur grise"},"content":{"rendered":"<p>Canalisez le trendsetter qui sommeille en vous avec les lentilles de contact color\u00e9es Stunna Girl Grey de BQeye. En tant que lentilles de r\u00e9f\u00e9rence pour les influenceurs de la mode, ces lentilles de contact grises vous permettent d'exprimer une sophistication urbaine dans une teinte polyvalente.<\/p>\n<p>Notre m\u00e9lange anthracite de charbon et de fum\u00e9e r\u00e9veille vos yeux d'une \u00e9tincelle sto\u00efque. Avec des lentilles circulaires et des pigments subtils, vous pouvez obtenir des looks allant de la candeur \u00e0 l'insolence. Fabriqu\u00e9es en mat\u00e9riau Hydraforte, ces lentilles de contact color\u00e9es procurent \u00e0 vos paupi\u00e8res une sensation de luxe tout au long de la journ\u00e9e.<\/p>\n<p>Qu'il s'agisse de composer un ensemble enti\u00e8rement noir ou de m\u00e9langer les tendances de l'an 2000, les lentilles de contact color\u00e9es Stunna Girl Grey s'harmonisent parfaitement avec votre vision de l'\u00e9l\u00e9gance de la rue. R\u00e9sistantes mais d\u00e9licates, elles sont parfaites pour les falsies dramatiques et les looks de liner graphiques.<\/p>\n<p>Canalisez la it girl qui sommeille en vous gr\u00e2ce \u00e0 des yeux aussi polyvalents et tendance que l'expertise stylistique de l'influenceuse Stunna. Compl\u00e9tez n'importe quelle esth\u00e9tique avec le regard gris qui porte son nom - une touche de neutralit\u00e9 avec une pointe qui est toujours \u00e0 la mode.<\/p>\n<p>Appropriez-vous votre signature comme la reine des abeilles avec les nuances de BQeye. Commandez d\u00e8s aujourd'hui les lentilles de contact color\u00e9es Stunna Girl Grey pour garder une longueur d'avance sur la courbe des tendances dans un confort durable.<\/p>","protected":false},"excerpt":{"rendered":"<p>Channel your inner trendsetter with BQeye&#8217;s signature Stunna Girl Grey Colored Contact Lenses. As the go-to lenses for fashion-forward influencers, these cool gray contacts allow you to channel an urban sophistication in a versatile hue. Our anthracite blend of charcoal and smoke awakens your eyes with a stoic spark. Featuring circle lenses and subtle pigments, [&#8230;]\n","protected":false},"featured_media":1051,"comment_status":"open","ping_status":"closed","template":"","meta":[],"product_brand":[],"product_cat":[104,91,81,96,98],"product_tag":[],"class_list":{"0":"post-1044","1":"product","2":"type-product","3":"status-publish","4":"has-post-thumbnail","6":"product_cat-stunna-girl","7":"product_cat-14-2-mm","8":"product_cat-grey-contact-lenses","9":"product_cat-non-prescription","10":"product_cat-yearly-disposable","12":"first","13":"instock","14":"sale","15":"shipping-taxable","16":"purchasable","17":"product-type-variable","18":"has-default-attributes"},"_links":{"self":[{"href":"https:\/\/bqeye.com\/fr\/wp-json\/wp\/v2\/product\/1044","targetHints":{"allow":["GET"]}}],"collection":[{"href":"https:\/\/bqeye.com\/fr\/wp-json\/wp\/v2\/product"}],"about":[{"href":"https:\/\/bqeye.com\/fr\/wp-json\/wp\/v2\/types\/product"}],"replies":[{"embeddable":true,"href":"https:\/\/bqeye.com\/fr\/wp-json\/wp\/v2\/comments?post=1044"}],"wp:featuredmedia":[{"embeddable":true,"href":"https:\/\/bqeye.com\/fr\/wp-json\/wp\/v2\/media\/1051"}],"wp:attachment":[{"href":"https:\/\/bqeye.com\/fr\/wp-json\/wp\/v2\/media?parent=1044"}],"wp:term":[{"taxonomy":"product_brand","embeddable":true,"href":"https:\/\/bqeye.com\/fr\/wp-json\/wp\/v2\/product_brand?post=1044"},{"taxonomy":"product_cat","embeddable":true,"href":"https:\/\/bqeye.com\/fr\/wp-json\/wp\/v2\/product_cat?post=1044"},{"taxonomy":"product_tag","embeddable":true,"href":"https:\/\/bqeye.com\/fr\/wp-json\/wp\/v2\/product_tag?post=1044"}],"curies":[{"name":"wp","href":"https:\/\/api.w.org\/{rel}","templated":true}]}}