{"id":1053,"date":"2023-09-18T03:32:05","date_gmt":"2023-09-18T03:32:05","guid":{"rendered":"https:\/\/bqeye.com\/?post_type=product&#038;p=1053"},"modified":"2024-04-18T02:21:10","modified_gmt":"2024-04-18T02:21:10","slug":"bqeye-stunna-girl-brown-colored-contact-lenses","status":"publish","type":"product","link":"https:\/\/bqeye.com\/fr\/bqeye-stunna-girl-brown-colored-contact-lenses\/","title":{"rendered":"BQeye Stunna Girl Lentilles de contact de couleur marron"},"content":{"rendered":"<p>Ajoutez une touche de chaleur \u00e0 votre look quotidien avec les lentilles de contact color\u00e9es Stunna Girl Brown de BQeye. En tant que lentilles de r\u00e9f\u00e9rence pour un glamour sans entretien, ces nuances noisette polyvalentes vous permettent de rayonner de beaut\u00e9 en toute simplicit\u00e9.<\/p>\n<p>Notre m\u00e9lange terreux de caramel et de ch\u00eane r\u00e9veille vos yeux d'un \u00e9clat chaleureux. \u00c9quip\u00e9es de lentilles circulaires et de pigments subtils, vous pouvez obtenir des expressions allant du sulfureux au doux. Fabriqu\u00e9es en Hydraforte, ces lentilles de contact color\u00e9es maintiennent l'hydratation des paupi\u00e8res tout au long de la journ\u00e9e.<\/p>\n<p>S'adaptant parfaitement \u00e0 toutes les esth\u00e9tiques, des monochromes neutres aux touches de couleur, les lentilles de contact color\u00e9es Stunna Girl Brown compl\u00e8tent votre look en tout confort. Leur finesse imperceptible est id\u00e9ale pour les styles minimalistes et naturels.<\/p>\n<p>Chantez le glamour sans effort avec des yeux aussi polyvalents et faciles \u00e0 porter que le sens de la mode de Stunna au quotidien. Compl\u00e9tez n'importe quelle ambiance avec la teinte brune chaude qui porte son nom - une touche accessible sur des tendances faites pour durer.<\/p>\n<p>Appropriez-vous la brillance quotidienne qui vous caract\u00e9rise, comme la reine, gr\u00e2ce \u00e0 ces lentilles de contact BQeye embl\u00e9matiques. Commandez d\u00e8s maintenant pour une beaut\u00e9 sans chichis du jour au soir. #NoMakeupMakeup<\/p>","protected":false},"excerpt":{"rendered":"<p>Add a warm pop to your everyday look with BQeye&#8217;s signature Stunna Girl Brown Colored Contact Lenses. As the go-to lenses for low-maintenance glam, these versatile hazel shades allow you to radiate beauty with ease. Our earthy blend of caramel and oak awakens your eyes with a hearty glow. Equipped with circle lenses and subtle [&#8230;]\n","protected":false},"featured_media":1059,"comment_status":"open","ping_status":"closed","template":"","meta":[],"product_brand":[],"product_cat":[104,91,80,96,98],"product_tag":[],"class_list":{"0":"post-1053","1":"product","2":"type-product","3":"status-publish","4":"has-post-thumbnail","6":"product_cat-stunna-girl","7":"product_cat-14-2-mm","8":"product_cat-brown-contact-lenses","9":"product_cat-non-prescription","10":"product_cat-yearly-disposable","12":"first","13":"instock","14":"sale","15":"shipping-taxable","16":"purchasable","17":"product-type-variable","18":"has-default-attributes"},"_links":{"self":[{"href":"https:\/\/bqeye.com\/fr\/wp-json\/wp\/v2\/product\/1053","targetHints":{"allow":["GET"]}}],"collection":[{"href":"https:\/\/bqeye.com\/fr\/wp-json\/wp\/v2\/product"}],"about":[{"href":"https:\/\/bqeye.com\/fr\/wp-json\/wp\/v2\/types\/product"}],"replies":[{"embeddable":true,"href":"https:\/\/bqeye.com\/fr\/wp-json\/wp\/v2\/comments?post=1053"}],"wp:featuredmedia":[{"embeddable":true,"href":"https:\/\/bqeye.com\/fr\/wp-json\/wp\/v2\/media\/1059"}],"wp:attachment":[{"href":"https:\/\/bqeye.com\/fr\/wp-json\/wp\/v2\/media?parent=1053"}],"wp:term":[{"taxonomy":"product_brand","embeddable":true,"href":"https:\/\/bqeye.com\/fr\/wp-json\/wp\/v2\/product_brand?post=1053"},{"taxonomy":"product_cat","embeddable":true,"href":"https:\/\/bqeye.com\/fr\/wp-json\/wp\/v2\/product_cat?post=1053"},{"taxonomy":"product_tag","embeddable":true,"href":"https:\/\/bqeye.com\/fr\/wp-json\/wp\/v2\/product_tag?post=1053"}],"curies":[{"name":"wp","href":"https:\/\/api.w.org\/{rel}","templated":true}]}}