{"id":1061,"date":"2023-09-18T03:36:17","date_gmt":"2023-09-18T03:36:17","guid":{"rendered":"https:\/\/bqeye.com\/?post_type=product&#038;p=1061"},"modified":"2024-04-18T02:21:07","modified_gmt":"2024-04-18T02:21:07","slug":"bqeye-stunna-girl-blue-colored-contact-lenses","status":"publish","type":"product","link":"https:\/\/bqeye.com\/fr\/bqeye-stunna-girl-blue-colored-contact-lenses\/","title":{"rendered":"BQeye Stunna Girl Lentilles de contact color\u00e9es bleues"},"content":{"rendered":"<p>Enflammez votre garde-robe des beaux jours avec les lentilles de contact color\u00e9es Stunna Girl Blue de BQeye. Con\u00e7ues pour un \u00e9clat saisonnier, ces lentilles azur \u00e9clatantes apportent des touches de couleur vivifiantes.<\/p>\n<p>Notre m\u00e9lange tropical de sarcelle et d'azur r\u00e9veille les yeux avec un \u00e9lan rafra\u00eechissant. Dot\u00e9 d'une technologie ultra-courbe et de pigments exceptionnels, ce fard \u00e0 paupi\u00e8res affiche une allure de paon puissant ou un charme de jeune fille. La mati\u00e8re Hydraforte dorlote les paupi\u00e8res tout au long de l'\u00e9t\u00e9.<\/p>\n<p>Qu'il s'agisse d'accentuer les couleurs unies ou les imprim\u00e9s vifs, les lentilles de contact color\u00e9es Stunna Girl Blue rehaussent n'importe quel look avec l'insouciance de la c\u00f4te. Ces lentilles l\u00e9g\u00e8res s'adaptent parfaitement au climat c\u00f4tier.<\/p>\n<p>Canalisez le zeste de Stunna pour un style de vill\u00e9giature vibrant \u00e0 travers des yeux aussi frais et audacieux que sa garde-robe de saison chaude. D\u00e9finissez les vibrations estivales de la jeune fille avec son regard oc\u00e9anique signature - l'ultime couleur compl\u00e9mentaire.<\/p>\n<p>Appropriez-vous votre brillance sans saison comme la reine des tendances avec ces lentilles BQeye. Commandez d\u00e8s maintenant pour canaliser une \u00e9nergie vibrante et ensoleill\u00e9e 365 jours par an. #SummerStateofMind<\/p>","protected":false},"excerpt":{"rendered":"<p>Ignite your warm-weather wardrobe with BQeye&#8217;s signature Stunna Girl Blue Colored Contact Lenses. Crafted for seasonless sizzle, these vivid azure lenses lend vivacious pops of color. Our tropical teal and azure blend awakens eyes with a refreshing surge. Outfitted with ultra-curve technology and exceptional pigments, flaunt powerful peacock flair or girlish charm. Hydraforte material pampers [&#8230;]\n","protected":false},"featured_media":1067,"comment_status":"open","ping_status":"closed","template":"","meta":[],"product_brand":[],"product_cat":[104,91,75,96,98],"product_tag":[],"class_list":{"0":"post-1061","1":"product","2":"type-product","3":"status-publish","4":"has-post-thumbnail","6":"product_cat-stunna-girl","7":"product_cat-14-2-mm","8":"product_cat-blue-contact-lenses","9":"product_cat-non-prescription","10":"product_cat-yearly-disposable","12":"first","13":"instock","14":"sale","15":"shipping-taxable","16":"purchasable","17":"product-type-variable","18":"has-default-attributes"},"_links":{"self":[{"href":"https:\/\/bqeye.com\/fr\/wp-json\/wp\/v2\/product\/1061","targetHints":{"allow":["GET"]}}],"collection":[{"href":"https:\/\/bqeye.com\/fr\/wp-json\/wp\/v2\/product"}],"about":[{"href":"https:\/\/bqeye.com\/fr\/wp-json\/wp\/v2\/types\/product"}],"replies":[{"embeddable":true,"href":"https:\/\/bqeye.com\/fr\/wp-json\/wp\/v2\/comments?post=1061"}],"wp:featuredmedia":[{"embeddable":true,"href":"https:\/\/bqeye.com\/fr\/wp-json\/wp\/v2\/media\/1067"}],"wp:attachment":[{"href":"https:\/\/bqeye.com\/fr\/wp-json\/wp\/v2\/media?parent=1061"}],"wp:term":[{"taxonomy":"product_brand","embeddable":true,"href":"https:\/\/bqeye.com\/fr\/wp-json\/wp\/v2\/product_brand?post=1061"},{"taxonomy":"product_cat","embeddable":true,"href":"https:\/\/bqeye.com\/fr\/wp-json\/wp\/v2\/product_cat?post=1061"},{"taxonomy":"product_tag","embeddable":true,"href":"https:\/\/bqeye.com\/fr\/wp-json\/wp\/v2\/product_tag?post=1061"}],"curies":[{"name":"wp","href":"https:\/\/api.w.org\/{rel}","templated":true}]}}