{"id":1202,"date":"2023-12-08T15:40:09","date_gmt":"2023-12-08T15:40:09","guid":{"rendered":"https:\/\/bqeye.com\/?post_type=product&#038;p=1202"},"modified":"2024-04-18T02:21:03","modified_gmt":"2024-04-18T02:21:03","slug":"1-day-crystal-series-clear-contacts","status":"publish","type":"product","link":"https:\/\/bqeye.com\/fr\/1-day-crystal-series-clear-contacts\/","title":{"rendered":"1 DAY Crystal Series Contacts clairs - 10PCs"},"content":{"rendered":"<p>Faites l'exp\u00e9rience du confort et de la clart\u00e9 visuelle ultimes avec nos lentilles de contact 1 DAY Crystal Series Clear. Ces lentilles de contact transparentes et respirantes sont con\u00e7ues pour vous procurer une sensation de confort et de naturel tout au long de la journ\u00e9e. Que vous soyez un porteur de lentilles de contact exp\u00e9riment\u00e9 ou que vous d\u00e9couvriez le monde de la correction de la vue, nos lentilles de contact transparentes sont le choix id\u00e9al pour une exp\u00e9rience transparente et sans probl\u00e8me.<\/p>\n<p>Le confort est primordial lorsqu'il s'agit de lentilles de contact, et nos lentilles Clear Contacts excellent dans ce domaine. Con\u00e7ues avec une technologie avanc\u00e9e de verrouillage de l'humidit\u00e9, elles garantissent que vos yeux restent hydrat\u00e9s et frais, m\u00eame pendant de longues heures de port. Les mat\u00e9riaux de haute qualit\u00e9 utilis\u00e9s pour leur fabrication permettent une circulation maximale de l'oxyg\u00e8ne, r\u00e9duisant ainsi la s\u00e9cheresse et l'irritation.<\/p>\n<p>Avec nos lentilles de contact transparentes Crystal Series, vous pouvez dire adieu aux inconv\u00e9nients li\u00e9s au nettoyage et au stockage des lentilles. Ces lentilles jetables quotidiennes offrent une commodit\u00e9 maximale, vous permettant de les jeter \u00e0 la fin de la journ\u00e9e et de recommencer \u00e0 z\u00e9ro le lendemain matin. Plus besoin de se pr\u00e9occuper de l'entretien des lentilles ou de transporter des \u00e9tuis \u00e0 lentilles encombrants !<\/p>\n<p>Les lentilles de contact transparentes Crystal Series offrent une acuit\u00e9 visuelle exceptionnelle et une vision nette et claire tout au long de la journ\u00e9e. Que vous travailliez sur un ordinateur, que vous pratiquiez des activit\u00e9s de plein air ou que vous vaquiez simplement \u00e0 vos occupations quotidiennes, ces lentilles garantissent une performance visuelle optimale dans diverses conditions d'\u00e9clairage.<\/p>\n<p>Con\u00e7us en pensant \u00e0 la sant\u00e9 de vos yeux, nos lentilles de contact transparentes ont une surface lisse et ultra-mince qui minimise les frottements et r\u00e9duit le risque d'inconfort ou de rougeur. Ils sont \u00e9galement dot\u00e9s d'une protection UV qui prot\u00e8ge vos yeux des rayons solaires nocifs.<\/p>\n<p>En r\u00e9sum\u00e9, nos contacts transparents 1 DAY Crystal Series offrent :<\/p>\n<ol>\n<li>Confort in\u00e9gal\u00e9 : Technologie de blocage de l'humidit\u00e9 et respirabilit\u00e9 sup\u00e9rieure pour un confort tout au long de la journ\u00e9e.<\/li>\n<li>Pratique : Lentilles journali\u00e8res jetables pour une exp\u00e9rience sans tracas.<\/li>\n<li>Clart\u00e9 visuelle exceptionnelle : Vision nette et claire dans divers environnements.<\/li>\n<li>Sant\u00e9 des yeux : Surface lisse et fine, minimisant les frottements et offrant une protection contre les UV.<\/li>\n<\/ol>\n<p>Choisissez nos lentilles de contact transparentes 1 DAY Crystal Series pour une exp\u00e9rience de lentilles de contact confortable, pratique et visuellement stup\u00e9fiante. Red\u00e9couvrez la joie d'une vision claire et confortable \u00e0 chaque clignement de paupi\u00e8res.<\/p>","protected":false},"excerpt":{"rendered":"<ul>\n<li>Lentilles par bo\u00eete : 10<\/li>\n<li>Calendrier de remplacement : 1 jour<\/li>\n<li>Teneur en eau : 38%<\/li>\n<\/ul>","protected":false},"featured_media":1203,"comment_status":"open","ping_status":"closed","template":"","meta":[],"product_brand":[],"product_cat":[128,91,100,96,95],"product_tag":[352],"class_list":{"0":"post-1202","1":"product","2":"type-product","3":"status-publish","4":"has-post-thumbnail","6":"product_cat-clear-lenses","7":"product_cat-14-2-mm","8":"product_cat-daily-disposable","9":"product_cat-non-prescription","10":"product_cat-prescription","11":"product_tag-clear-contacts","13":"first","14":"instock","15":"sale","16":"shipping-taxable","17":"purchasable","18":"product-type-variable","19":"has-default-attributes"},"_links":{"self":[{"href":"https:\/\/bqeye.com\/fr\/wp-json\/wp\/v2\/product\/1202","targetHints":{"allow":["GET"]}}],"collection":[{"href":"https:\/\/bqeye.com\/fr\/wp-json\/wp\/v2\/product"}],"about":[{"href":"https:\/\/bqeye.com\/fr\/wp-json\/wp\/v2\/types\/product"}],"replies":[{"embeddable":true,"href":"https:\/\/bqeye.com\/fr\/wp-json\/wp\/v2\/comments?post=1202"}],"wp:featuredmedia":[{"embeddable":true,"href":"https:\/\/bqeye.com\/fr\/wp-json\/wp\/v2\/media\/1203"}],"wp:attachment":[{"href":"https:\/\/bqeye.com\/fr\/wp-json\/wp\/v2\/media?parent=1202"}],"wp:term":[{"taxonomy":"product_brand","embeddable":true,"href":"https:\/\/bqeye.com\/fr\/wp-json\/wp\/v2\/product_brand?post=1202"},{"taxonomy":"product_cat","embeddable":true,"href":"https:\/\/bqeye.com\/fr\/wp-json\/wp\/v2\/product_cat?post=1202"},{"taxonomy":"product_tag","embeddable":true,"href":"https:\/\/bqeye.com\/fr\/wp-json\/wp\/v2\/product_tag?post=1202"}],"curies":[{"name":"wp","href":"https:\/\/api.w.org\/{rel}","templated":true}]}}