{"id":1212,"date":"2023-12-09T12:49:00","date_gmt":"2023-12-09T12:49:00","guid":{"rendered":"https:\/\/bqeye.com\/?post_type=product&#038;p=1212"},"modified":"2024-04-18T02:21:00","modified_gmt":"2024-04-18T02:21:00","slug":"ebony-bean-brown-colored-contact-lenses","status":"publish","type":"product","link":"https:\/\/bqeye.com\/fr\/ebony-bean-brown-colored-contact-lenses\/","title":{"rendered":"Lentilles de contact color\u00e9es Ebony Bean Brown"},"content":{"rendered":"<p>Vous cherchez \u00e0 mettre en valeur la couleur naturelle de vos yeux et \u00e0 faire une d\u00e9claration de mode audacieuse ? Ne cherchez pas plus loin que les lentilles de contact color\u00e9es Ebony Bean Brown de BQEYE ! Nos lentilles de contact color\u00e9es de qualit\u00e9 sup\u00e9rieure sont con\u00e7ues pour transformer votre apparence et vous donner la confiance n\u00e9cessaire pour vous d\u00e9marquer de la foule.<\/p>\n<p>Fabriqu\u00e9es avec des mat\u00e9riaux de la plus haute qualit\u00e9, nos lentilles de contact color\u00e9es Ebony Bean Brown offrent un confort et une clart\u00e9 exceptionnels. Que vous ayez les yeux clairs ou fonc\u00e9s, ces lentilles sont con\u00e7ues pour se fondre harmonieusement, cr\u00e9ant un effet \u00e9tonnant et naturel. Avec une riche teinte brune et un soup\u00e7on subtil d'\u00e9b\u00e8ne, ces lentilles ajoutent de la profondeur et de la dimension \u00e0 vos yeux, attirant instantan\u00e9ment l'attention.<\/p>\n<p>BQEYE comprend l'importance de la s\u00e9curit\u00e9 et de l'hygi\u00e8ne lorsqu'il s'agit de lentilles de contact. C'est pourquoi nos lentilles de contact color\u00e9es Ebony Bean Brown sont fabriqu\u00e9es avec le plus grand soin et la plus grande pr\u00e9cision. Elles sont approuv\u00e9es par la FDA et fabriqu\u00e9es dans un mat\u00e9riau respirant qui permet une circulation optimale de l'oxyg\u00e8ne, garantissant que vos yeux restent frais et sains tout au long de la journ\u00e9e.<\/p>\n<p>Nos lentilles de contact color\u00e9es ne sont pas seulement esth\u00e9tiques, elles sont aussi incroyablement pratiques. Gr\u00e2ce \u00e0 leur conception \u00e0 usage mensuel, vous pouvez profiter d'une nouvelle paire de lentilles chaque mois sans avoir \u00e0 les nettoyer et \u00e0 les ranger. Chaque bo\u00eete de lentilles de contact color\u00e9es Ebony Bean Brown contient deux lentilles, ce qui vous permet de disposer d'un ensemble complet pour vos deux yeux.<\/p>\n<p>Sortez du lot et exprimez votre style unique avec les lentilles de contact color\u00e9es Ebony Bean Brown de BQEYE. Que vous assistiez \u00e0 un \u00e9v\u00e9nement sp\u00e9cial, \u00e0 un rendez-vous galant ou que vous souhaitiez simplement changer votre look de tous les jours, ces lentilles sont l'accessoire parfait pour rehausser votre style.<\/p>\n<p>Commandez d\u00e8s aujourd'hui votre paire de lentilles de contact color\u00e9es Ebony Bean Brown de BQEYE et d\u00e9couvrez la magie des lentilles color\u00e9es. Transformez vos yeux, transformez votre style !<\/p>","protected":false},"excerpt":{"rendered":"<p>Are you looking to enhance your natural eye color and make a bold fashion statement? Look no further than BQEYE&#8217;s Ebony Bean Brown Colored Contact Lenses! Our premium colored contact lenses are designed to transform your look and give you the confidence to stand out from the crowd. Made with the highest quality materials, our [&#8230;]\n","protected":false},"featured_media":1216,"comment_status":"open","ping_status":"closed","template":"","meta":[],"product_brand":[],"product_cat":[101,91,80,100,96,95],"product_tag":[],"class_list":{"0":"post-1212","1":"product","2":"type-product","3":"status-publish","4":"has-post-thumbnail","6":"product_cat-natural-contacts","7":"product_cat-14-2-mm","8":"product_cat-brown-contact-lenses","9":"product_cat-daily-disposable","10":"product_cat-non-prescription","11":"product_cat-prescription","13":"first","14":"instock","15":"sale","16":"shipping-taxable","17":"purchasable","18":"product-type-variable","19":"has-default-attributes"},"_links":{"self":[{"href":"https:\/\/bqeye.com\/fr\/wp-json\/wp\/v2\/product\/1212","targetHints":{"allow":["GET"]}}],"collection":[{"href":"https:\/\/bqeye.com\/fr\/wp-json\/wp\/v2\/product"}],"about":[{"href":"https:\/\/bqeye.com\/fr\/wp-json\/wp\/v2\/types\/product"}],"replies":[{"embeddable":true,"href":"https:\/\/bqeye.com\/fr\/wp-json\/wp\/v2\/comments?post=1212"}],"wp:featuredmedia":[{"embeddable":true,"href":"https:\/\/bqeye.com\/fr\/wp-json\/wp\/v2\/media\/1216"}],"wp:attachment":[{"href":"https:\/\/bqeye.com\/fr\/wp-json\/wp\/v2\/media?parent=1212"}],"wp:term":[{"taxonomy":"product_brand","embeddable":true,"href":"https:\/\/bqeye.com\/fr\/wp-json\/wp\/v2\/product_brand?post=1212"},{"taxonomy":"product_cat","embeddable":true,"href":"https:\/\/bqeye.com\/fr\/wp-json\/wp\/v2\/product_cat?post=1212"},{"taxonomy":"product_tag","embeddable":true,"href":"https:\/\/bqeye.com\/fr\/wp-json\/wp\/v2\/product_tag?post=1212"}],"curies":[{"name":"wp","href":"https:\/\/api.w.org\/{rel}","templated":true}]}}