{"id":1217,"date":"2023-12-09T13:09:56","date_gmt":"2023-12-09T13:09:56","guid":{"rendered":"https:\/\/bqeye.com\/?post_type=product&#038;p=1217"},"modified":"2024-04-18T02:20:57","modified_gmt":"2024-04-18T02:20:57","slug":"oolong-tea-brown-colored-contacts","status":"publish","type":"product","link":"https:\/\/bqeye.com\/fr\/oolong-tea-brown-colored-contacts\/","title":{"rendered":"Oolong Tea Brown Colored Contacts"},"content":{"rendered":"<p>D\u00e9couvrez l'artiste qui sommeille en vous - Une nouvelle fa\u00e7on de voir la beaut\u00e9 avec les lentilles de contact color\u00e9es BQEYE<\/p>\n<p>Nous avons tous en nous un artiste qui cherche \u00e0 s'exprimer. Pour beaucoup, la couleur des yeux est un moyen simple mais efficace de mettre en valeur notre esprit cr\u00e9atif. Voici la derni\u00e8re innovation de BQEYE pour alimenter la muse qui sommeille en vous : les lentilles de contact color\u00e9es Oolong Tea Brown.<\/p>\n<p>Nomm\u00e9es d'apr\u00e8s la nuance d\u00e9licate du th\u00e9 oolong fra\u00eechement infus\u00e9, ces lentilles r\u00e9veillent la chaleur et la profondeur de votre regard. Fabriqu\u00e9es avec le plus grand soin \u00e0 l'aide de mat\u00e9riaux hypoallerg\u00e9niques de premi\u00e8re qualit\u00e9, elles allient confort et expression personnelle.<\/p>\n<p>Enfilez-les et d\u00e9couvrez une nouvelle fa\u00e7on de voir la beaut\u00e9 - en vous et dans le monde qui vous entoure. La subtile teinte brune apporte des taches de couleur \u00e0 votre iris, faisant de chaque regard une \u0153uvre d'art priv\u00e9e. Mieux encore, elles permettent \u00e0 votre personnalit\u00e9 naturelle et \u00e0 votre \u00e9nergie de briller pour faire \u00e9merger votre moi authentique.<\/p>\n<p>Exprimez votre individualit\u00e9 tout en gardant des yeux heureux et sains, gr\u00e2ce \u00e0 la technologie innovante des lentilles perm\u00e9ables \u00e0 l'oxyg\u00e8ne. \u00c0 un prix abordable, facile \u00e0 commander en ligne et \u00e0 recevoir dans le monde entier, BQEYE rend les joies de la d\u00e9couverte de soi accessibles \u00e0 tous.<\/p>\n<p>Lib\u00e9rez l'artiste qui est en vous et voyez votre vraie beaut\u00e9 se refl\u00e9ter dans les yeux des autres. BQEYE Oolong Tea Brown Colored Contacts - pour enflammer la cr\u00e9ativit\u00e9, une paire \u00e0 la fois. Commencez votre voyage sur BQEYE.com d\u00e8s aujourd'hui !<\/p>","protected":false},"excerpt":{"rendered":"<p>Discovering Your Inner Artist &#8211; A New Way to See Beauty with BQEYE Colored Contacts We all have an artist inside longing to express themselves. For many, eye color is a simple yet impactful way to showcase our creative spirit. Introducing BQEYE&#8217;s latest innovation to fuel your inner muse &#8211; Oolong Tea Brown Colored Contacts. [&#8230;]\n","protected":false},"featured_media":1219,"comment_status":"open","ping_status":"closed","template":"","meta":[],"product_brand":[],"product_cat":[101,91,80,100,96,95],"product_tag":[],"class_list":{"0":"post-1217","1":"product","2":"type-product","3":"status-publish","4":"has-post-thumbnail","6":"product_cat-natural-contacts","7":"product_cat-14-2-mm","8":"product_cat-brown-contact-lenses","9":"product_cat-daily-disposable","10":"product_cat-non-prescription","11":"product_cat-prescription","13":"first","14":"instock","15":"sale","16":"shipping-taxable","17":"purchasable","18":"product-type-variable","19":"has-default-attributes"},"_links":{"self":[{"href":"https:\/\/bqeye.com\/fr\/wp-json\/wp\/v2\/product\/1217","targetHints":{"allow":["GET"]}}],"collection":[{"href":"https:\/\/bqeye.com\/fr\/wp-json\/wp\/v2\/product"}],"about":[{"href":"https:\/\/bqeye.com\/fr\/wp-json\/wp\/v2\/types\/product"}],"replies":[{"embeddable":true,"href":"https:\/\/bqeye.com\/fr\/wp-json\/wp\/v2\/comments?post=1217"}],"wp:featuredmedia":[{"embeddable":true,"href":"https:\/\/bqeye.com\/fr\/wp-json\/wp\/v2\/media\/1219"}],"wp:attachment":[{"href":"https:\/\/bqeye.com\/fr\/wp-json\/wp\/v2\/media?parent=1217"}],"wp:term":[{"taxonomy":"product_brand","embeddable":true,"href":"https:\/\/bqeye.com\/fr\/wp-json\/wp\/v2\/product_brand?post=1217"},{"taxonomy":"product_cat","embeddable":true,"href":"https:\/\/bqeye.com\/fr\/wp-json\/wp\/v2\/product_cat?post=1217"},{"taxonomy":"product_tag","embeddable":true,"href":"https:\/\/bqeye.com\/fr\/wp-json\/wp\/v2\/product_tag?post=1217"}],"curies":[{"name":"wp","href":"https:\/\/api.w.org\/{rel}","templated":true}]}}