{"id":1220,"date":"2023-12-09T15:02:13","date_gmt":"2023-12-09T15:02:13","guid":{"rendered":"https:\/\/bqeye.com\/?post_type=product&#038;p=1220"},"modified":"2024-04-18T02:20:53","modified_gmt":"2024-04-18T02:20:53","slug":"midnight-mirage-black-colored-contacts","status":"publish","type":"product","link":"https:\/\/bqeye.com\/fr\/midnight-mirage-black-colored-contacts\/","title":{"rendered":"Contacts color\u00e9s Midnight Mirage Black"},"content":{"rendered":"<p>Regarder derri\u00e8re le voile : un voyage \u00e0 la d\u00e9couverte de soi avec des lentilles de couleur de BQEYE<\/p>\n<p>Nous avons tous des couches int\u00e9rieures qui ne demandent qu'\u00e0 \u00eatre r\u00e9v\u00e9l\u00e9es. Pour beaucoup, les lentilles de couleur sont une porte d'entr\u00e9e non seulement pour exprimer son style et sa cr\u00e9ativit\u00e9, mais aussi pour acc\u00e9der \u00e0 des facettes inexploit\u00e9es de notre \u00eatre. Chez BQEYE, nous pensons que les lentilles de couleur et l'expression unique devraient \u00eatre accessibles \u00e0 tous. C'est avec cette vision que nous d\u00e9voilons fi\u00e8rement notre derni\u00e8re innovation - les lentilles de couleur Midnight Mirage Black.<\/p>\n<p>Nomm\u00e9es pour l'enchantement de la nuit, ces lentilles enveloppent les yeux d'une teinte sombre et profonde qui \u00e9veille l'intrigue int\u00e9rieure. Fabriqu\u00e9es par des artisans avec le plus grand soin \u00e0 l'aide de mat\u00e9riaux hypoallerg\u00e9niques de premi\u00e8re qualit\u00e9, elles allient confort et mysticisme. Enfilez-les pour jeter un coup d'\u0153il derri\u00e8re le voile, dans un monde qui va au-del\u00e0 de ce que l'on voit au premier abord.<\/p>\n<p>La teinte noire d'encre apporte un air de s\u00e9duction et de danger, un aper\u00e7u d'une facette de vous-m\u00eame que vous ne soup\u00e7onniez pas. Mais il ne s'agit pas de \"lentilles de contact color\u00e9es\" ordinaires. Dans leurs profondeurs sombres se trouve un monde cach\u00e9 qui ne demande qu'\u00e0 \u00eatre explor\u00e9. En y regardant de plus pr\u00e8s, vous verrez appara\u00eetre des taches de bleu nuit, de violet et de gris, comme des \u00e9toiles qui s'animent \u00e0 la tomb\u00e9e de la nuit.<\/p>\n<p>C'est un paysage dans lequel vous pouvez vous perdre, permettant \u00e0 votre v\u00e9ritable caract\u00e8re de briller sous le voile de la nuit. Votre regard devient une fen\u00eatre non seulement sur l'\u00e2me des autres, mais aussi sur des territoires \u00e0 l'int\u00e9rieur de votre propre \u00eatre dont vous ne pouviez que r\u00eaver auparavant. Il y a une libert\u00e9, une lib\u00e9ration, dans la mise en lumi\u00e8re de ces domaines longtemps cach\u00e9s.<\/p>\n<p>Le confort et l'entretien ont \u00e9t\u00e9 au c\u0153ur de la conception de lentilles qui favorisent la r\u00e9v\u00e9lation de soi, et non qui l'entravent. Des mat\u00e9riaux hypoallerg\u00e9niques et une technologie innovante permettent aux yeux d'\u00eatre heureux et en bonne sant\u00e9 tout au long de votre voyage int\u00e9rieur. \u00c0 un prix abordable et accessible dans le monde entier, BQEYE permet \u00e0 tous ceux qui recherchent des \"lentilles de contact color\u00e9es\" de d\u00e9voiler leur personnalit\u00e9 authentique.<\/p>\n<p>Plongez dans le Midnight Mirage. Laissez les lentilles vous envelopper de myst\u00e8re tout en guidant votre \u00e2me vers une nouvelle compr\u00e9hension de qui vous \u00eates. Les lentilles de contact de couleur noire BQEYE lib\u00e8rent l'intrigue \u00e0 l'int\u00e9rieur, un regard envo\u00fbtant \u00e0 la fois. Commencez d\u00e8s ce soir votre exploration des profondeurs de votre vraie nature sur BQEYE.com. La d\u00e9couverte d'une vie enti\u00e8re vous attend derri\u00e8re le voile.<\/p>","protected":false},"excerpt":{"rendered":"<p>Peering Behind the Veil: A Journey of Self-Discovery with Colored Contacts from BQEYE We all have layers within crying out to be revealed. For so many, colored contacts are a gateway not only to expressing your style and creativity, but to untapped facets of our being. At BQEYE, we believe uniquely colored contacts and expression [&#8230;]\n","protected":false},"featured_media":1222,"comment_status":"open","ping_status":"closed","template":"","meta":[],"product_brand":[],"product_cat":[101,91,73,100,96,95],"product_tag":[],"class_list":{"0":"post-1220","1":"product","2":"type-product","3":"status-publish","4":"has-post-thumbnail","6":"product_cat-natural-contacts","7":"product_cat-14-2-mm","8":"product_cat-black-contact-lenses","9":"product_cat-daily-disposable","10":"product_cat-non-prescription","11":"product_cat-prescription","13":"first","14":"instock","15":"sale","16":"shipping-taxable","17":"purchasable","18":"product-type-variable","19":"has-default-attributes"},"_links":{"self":[{"href":"https:\/\/bqeye.com\/fr\/wp-json\/wp\/v2\/product\/1220","targetHints":{"allow":["GET"]}}],"collection":[{"href":"https:\/\/bqeye.com\/fr\/wp-json\/wp\/v2\/product"}],"about":[{"href":"https:\/\/bqeye.com\/fr\/wp-json\/wp\/v2\/types\/product"}],"replies":[{"embeddable":true,"href":"https:\/\/bqeye.com\/fr\/wp-json\/wp\/v2\/comments?post=1220"}],"wp:featuredmedia":[{"embeddable":true,"href":"https:\/\/bqeye.com\/fr\/wp-json\/wp\/v2\/media\/1222"}],"wp:attachment":[{"href":"https:\/\/bqeye.com\/fr\/wp-json\/wp\/v2\/media?parent=1220"}],"wp:term":[{"taxonomy":"product_brand","embeddable":true,"href":"https:\/\/bqeye.com\/fr\/wp-json\/wp\/v2\/product_brand?post=1220"},{"taxonomy":"product_cat","embeddable":true,"href":"https:\/\/bqeye.com\/fr\/wp-json\/wp\/v2\/product_cat?post=1220"},{"taxonomy":"product_tag","embeddable":true,"href":"https:\/\/bqeye.com\/fr\/wp-json\/wp\/v2\/product_tag?post=1220"}],"curies":[{"name":"wp","href":"https:\/\/api.w.org\/{rel}","templated":true}]}}