{"id":1223,"date":"2023-12-09T15:17:37","date_gmt":"2023-12-09T15:17:37","guid":{"rendered":"https:\/\/bqeye.com\/?post_type=product&#038;p=1223"},"modified":"2024-04-18T02:20:50","modified_gmt":"2024-04-18T02:20:50","slug":"hollywood-gray-contact-lenses","status":"publish","type":"product","link":"https:\/\/bqeye.com\/fr\/hollywood-gray-contact-lenses\/","title":{"rendered":"Lentilles de contact Hollywood Gray"},"content":{"rendered":"<p>\"Vous cherchez un moyen subtil de changer votre look sans en faire trop ? Dites bonjour \u00e0 vos nouvelles BFF - les lentilles de contact Hollywood Gray de BQEYE.<\/p>\n<p>Ces lentilles grises souples sont comme un filtre de lumi\u00e8re pour vos yeux. Elles rehaussent subtilement la couleur de votre iris sans apporter de changement trop radical. Glissez-les et regardez vos yeux prendre une teinte r\u00eaveuse et fum\u00e9e. L'\u00e9poque des couleurs tr\u00e8s vives qui crient \"Je porte des lentilles !\" est r\u00e9volue. Les Hollywood Grays se fondent dans la couleur naturelle de vos yeux pour une transformation \u00e0 peine visible.<\/p>\n<p>La teinte grise douce ajoute de la profondeur et de la dimension pour faire ressortir les taches de couleur que vous ne soup\u00e7onniez pas se cacher dans vos yeux. Les bleus, les verts et les noisettes acqui\u00e8rent une qualit\u00e9 lunatique et myst\u00e9rieuse qui incite les gens \u00e0 se demander s'ils voient vraiment la couleur changer ou si c'est juste un effet de la lumi\u00e8re. M\u00eame les yeux bruns prennent une dimension magnifique et intrigante avec Hollywood Grays.<\/p>\n<p>Comme leur nom l'indique, ces lentilles grises sont parfaites pour obtenir le look glam hollywoodien tant convoit\u00e9, sans avoir \u00e0 recourir \u00e0 une teinture ou \u00e0 des extensions. Enfilez-les et vous serez instantan\u00e9ment pr\u00eate pour le tapis rouge sans passer des heures \u00e0 vous coiffer et \u00e0 vous maquiller. La subtilit\u00e9 de l'am\u00e9lioration fait \u00e9galement ressortir les yeux sur les appareils photo, et vous serez ravie du r\u00e9sultat sur les photos.<\/p>\n<p>Les Hollywood Grays de BQEYE sont fabriqu\u00e9es dans notre mat\u00e9riau Hydraclear ultra-confortable pour des lentilles pratiquement invisibles. Vous oublierez que vous les portez ! Hydraclear est perm\u00e9able \u00e0 l'air et se d\u00e9place avec l'\u0153il, de sorte que vous n'avez pas cette sensation g\u00eanante de \"lentille de contact\". Dites \u00e9galement adieu \u00e0 la s\u00e9cheresse oculaire : le mat\u00e9riau est con\u00e7u pour maintenir une humidit\u00e9 suffisante \u00e0 la surface de l'\u0153il afin d'\u00e9viter tout inconfort.<\/p>\n<p>En tant que leader mondial des lentilles de couleur et de mode, BQEYE accorde la priorit\u00e9 \u00e0 la qualit\u00e9 et \u00e0 la s\u00e9curit\u00e9 pour chaque produit. Les lentilles Hollywood Grays sont soumises \u00e0 des tests rigoureux afin de respecter ou de d\u00e9passer toutes les normes de la FDA en mati\u00e8re de biocompatibilit\u00e9 et de transmissibilit\u00e9 de l'oxyg\u00e8ne. Vous pouvez avoir confiance dans les mat\u00e9riaux qui touchent vos yeux chaque jour. Et avec un cycle de remplacement de 14 jours, vous appr\u00e9cierez la dur\u00e9e de vie de chaque paire avant qu'il ne soit temps de la remplacer par une nouvelle paire.<\/p>\n<p>Que vous recherchiez une am\u00e9lioration subtile pour la vie de tous les jours, que vous souhaitiez exp\u00e9rimenter un nouveau look ou que vous ayez besoin de lentilles de contact qui prennent de superbes photos, Hollywood Gray de BQEYE vous couvre. Commandez les v\u00f4tres aujourd'hui sans risque avec notre garantie de satisfaction 100%. Essayez-les \u00e0 la maison et voyez comment elles transforment subtilement vos yeux sans dominer votre beaut\u00e9 naturelle. Nous sommes convaincus que vous tomberez amoureuse de vos nouveaux yeux gris pr\u00e9f\u00e9r\u00e9s !<\/p>","protected":false},"excerpt":{"rendered":"<p>&#8220;Looking for a subtle way to change up your look without going over the top? Say hello to your new BFFs &#8211; Hollywood Gray Contact Lenses by BQEYE. These soft gray lenses are like a light filter for your eyes. They&#8217;ll subtly enhance the color of your iris without being too drastic of a change. [&#8230;]\n","protected":false},"featured_media":1225,"comment_status":"open","ping_status":"closed","template":"","meta":[],"product_brand":[],"product_cat":[101,91,100,81,96,95],"product_tag":[],"class_list":{"0":"post-1223","1":"product","2":"type-product","3":"status-publish","4":"has-post-thumbnail","6":"product_cat-natural-contacts","7":"product_cat-14-2-mm","8":"product_cat-daily-disposable","9":"product_cat-grey-contact-lenses","10":"product_cat-non-prescription","11":"product_cat-prescription","13":"first","14":"instock","15":"sale","16":"shipping-taxable","17":"purchasable","18":"product-type-variable","19":"has-default-attributes"},"_links":{"self":[{"href":"https:\/\/bqeye.com\/fr\/wp-json\/wp\/v2\/product\/1223","targetHints":{"allow":["GET"]}}],"collection":[{"href":"https:\/\/bqeye.com\/fr\/wp-json\/wp\/v2\/product"}],"about":[{"href":"https:\/\/bqeye.com\/fr\/wp-json\/wp\/v2\/types\/product"}],"replies":[{"embeddable":true,"href":"https:\/\/bqeye.com\/fr\/wp-json\/wp\/v2\/comments?post=1223"}],"wp:featuredmedia":[{"embeddable":true,"href":"https:\/\/bqeye.com\/fr\/wp-json\/wp\/v2\/media\/1225"}],"wp:attachment":[{"href":"https:\/\/bqeye.com\/fr\/wp-json\/wp\/v2\/media?parent=1223"}],"wp:term":[{"taxonomy":"product_brand","embeddable":true,"href":"https:\/\/bqeye.com\/fr\/wp-json\/wp\/v2\/product_brand?post=1223"},{"taxonomy":"product_cat","embeddable":true,"href":"https:\/\/bqeye.com\/fr\/wp-json\/wp\/v2\/product_cat?post=1223"},{"taxonomy":"product_tag","embeddable":true,"href":"https:\/\/bqeye.com\/fr\/wp-json\/wp\/v2\/product_tag?post=1223"}],"curies":[{"name":"wp","href":"https:\/\/api.w.org\/{rel}","templated":true}]}}