{"id":1226,"date":"2023-12-09T15:24:46","date_gmt":"2023-12-09T15:24:46","guid":{"rendered":"https:\/\/bqeye.com\/?post_type=product&#038;p=1226"},"modified":"2024-04-18T02:20:47","modified_gmt":"2024-04-18T02:20:47","slug":"hollywood-brown-contact-lenses","status":"publish","type":"product","link":"https:\/\/bqeye.com\/fr\/hollywood-brown-contact-lenses\/","title":{"rendered":"Lentilles de contact Hollywood Brown"},"content":{"rendered":"<p>\"Pr\u00eat \u00e0 r\u00e9chauffer votre look avec un soup\u00e7on d'intrigue ? Voici les lentilles de contact Hollywood Brown de BQEYE.<\/p>\n<p>Ces lentilles brunes souples donnent aux yeux une dimension et une profondeur magnifiques sans n\u00e9cessiter beaucoup d'entretien. Glissez-les et observez votre iris prendre un ton riche et chocolat\u00e9 qui fait ressortir vos yeux. L'\u00e9poque des yeux unidimensionnels est r\u00e9volue - les Hollywood Browns rehaussent la couleur naturelle que vous avez avec des mouchetures et des couches de brun chaud pour des yeux qui exigent un second regard.<\/p>\n<p>La subtile teinte brune fait ressortir les tons dor\u00e9s, verts et noisette que vous ne soup\u00e7onniez pas dans vos yeux. Les bleus et les gris prennent une teinte terreuse, caf\u00e9 au lait, qui pousse les gens \u00e0 se demander quelle est la \"vraie\" couleur de vos yeux. M\u00eame les bruns profonds obtiennent une d\u00e9finition sexy et dimensionnelle gr\u00e2ce \u00e0 Hollywood Browns.<\/p>\n<p>Comme leur nom l'indique, ces lentilles brunes sont parfaites pour adopter le look hollywoodien d\u00e9contract\u00e9 que nous envions tous. Mettez-les et vous serez instantan\u00e9ment pr\u00eate pour la cam\u00e9ra et le tapis rouge, sans passer des heures dans le fauteuil glamour. L'am\u00e9lioration de l'aspect naturel fait ressortir les yeux sur la pellicule, de sorte que vous adorerez le r\u00e9sultat des photos, que ce soit pour les m\u00e9dias sociaux ou pour une soir\u00e9e en ville.<\/p>\n<p>Les Hollywood Browns de BQEYE sont fabriqu\u00e9s dans notre mati\u00e8re Hydraclear ultra-confortable, comme si vous ne portiez rien du tout. Vous oublierez m\u00eame que vous les portez ! Hydraclear est perm\u00e9able \u00e0 l'air et se d\u00e9place avec le flux naturel de l'\u0153il, ce qui vous \u00e9vite la sensation g\u00eanante des lentilles de contact. Dites \u00e9galement adieu aux yeux secs et irrit\u00e9s - le mat\u00e9riau est con\u00e7u pour garder vos yeux bien hydrat\u00e9s tout au long de la journ\u00e9e.<\/p>\n<p>En tant que leader mondial des lentilles \u00e0 couleur changeante, BQEYE met la qualit\u00e9, la s\u00e9curit\u00e9 et le confort au premier plan pour chaque produit. Les lentilles Tangerine Browns sont soumises \u00e0 des tests approfondis afin de respecter ou de d\u00e9passer toutes les normes de la FDA en mati\u00e8re de biocompatibilit\u00e9 des mat\u00e9riaux et de perm\u00e9abilit\u00e9 \u00e0 l'oxyg\u00e8ne. Vous pouvez \u00eatre satisfait de ce qui touche vos yeux chaque jour. Et gr\u00e2ce \u00e0 leur calendrier de remplacement recommand\u00e9 de 14 jours, vous appr\u00e9cierez la dur\u00e9e de vie de chaque paire avant qu'il ne soit temps d'en changer.<\/p>\n<p>Que vous souhaitiez r\u00e9chauffer votre look tous les jours, exp\u00e9rimenter quelque chose de nouveau, ou que vous ayez besoin de lentilles de contact qui prennent de superbes photos, Hollywood Brown a tout ce qu'il vous faut. Commandez vos lentilles sans risque d\u00e8s aujourd'hui et b\u00e9n\u00e9ficiez de notre garantie de satisfaction 100%. Voyez comment elles transforment subtilement vos yeux sans dominer votre apparence naturelle - nous pensons que vous tomberez amoureuse de votre nouvelle nuance de brun pr\u00e9f\u00e9r\u00e9e !<\/p>","protected":false},"excerpt":{"rendered":"<p>&#8220;Ready to warm up your look with a hint of intrigue? Introducing Hollywood Brown Contact Lenses by BQEYE. These soft brown lenses give eyes beautiful dimension and depth without being high maintenance. Slip them in and watch as your iris takes on a rich, chocolatey tone that makes peepers really pop. Gone are the days [&#8230;]\n","protected":false},"featured_media":1228,"comment_status":"open","ping_status":"closed","template":"","meta":[],"product_brand":[],"product_cat":[101,91,80,100,96,95],"product_tag":[],"class_list":{"0":"post-1226","1":"product","2":"type-product","3":"status-publish","4":"has-post-thumbnail","6":"product_cat-natural-contacts","7":"product_cat-14-2-mm","8":"product_cat-brown-contact-lenses","9":"product_cat-daily-disposable","10":"product_cat-non-prescription","11":"product_cat-prescription","13":"first","14":"instock","15":"sale","16":"shipping-taxable","17":"purchasable","18":"product-type-variable","19":"has-default-attributes"},"_links":{"self":[{"href":"https:\/\/bqeye.com\/fr\/wp-json\/wp\/v2\/product\/1226","targetHints":{"allow":["GET"]}}],"collection":[{"href":"https:\/\/bqeye.com\/fr\/wp-json\/wp\/v2\/product"}],"about":[{"href":"https:\/\/bqeye.com\/fr\/wp-json\/wp\/v2\/types\/product"}],"replies":[{"embeddable":true,"href":"https:\/\/bqeye.com\/fr\/wp-json\/wp\/v2\/comments?post=1226"}],"wp:featuredmedia":[{"embeddable":true,"href":"https:\/\/bqeye.com\/fr\/wp-json\/wp\/v2\/media\/1228"}],"wp:attachment":[{"href":"https:\/\/bqeye.com\/fr\/wp-json\/wp\/v2\/media?parent=1226"}],"wp:term":[{"taxonomy":"product_brand","embeddable":true,"href":"https:\/\/bqeye.com\/fr\/wp-json\/wp\/v2\/product_brand?post=1226"},{"taxonomy":"product_cat","embeddable":true,"href":"https:\/\/bqeye.com\/fr\/wp-json\/wp\/v2\/product_cat?post=1226"},{"taxonomy":"product_tag","embeddable":true,"href":"https:\/\/bqeye.com\/fr\/wp-json\/wp\/v2\/product_tag?post=1226"}],"curies":[{"name":"wp","href":"https:\/\/api.w.org\/{rel}","templated":true}]}}