{"id":1229,"date":"2023-12-09T15:32:57","date_gmt":"2023-12-09T15:32:57","guid":{"rendered":"https:\/\/bqeye.com\/?post_type=product&#038;p=1229"},"modified":"2024-04-18T02:20:44","modified_gmt":"2024-04-18T02:20:44","slug":"tangerine-brown-contact-lenses","status":"publish","type":"product","link":"https:\/\/bqeye.com\/fr\/tangerine-brown-contact-lenses\/","title":{"rendered":"Lentilles de contact marron mandarine"},"content":{"rendered":"<p>\"Les lentilles de contact Tangerine Brown de BQEYE vous permettent d'ajouter une touche de soleil \u00e0 votre look.<\/p>\n<p>Ces lentilles brunes vibrantes m\u00e9langent des nuances chaudes de mandarine \u00e0 votre iris pour un look qui n'a rien d'ennuyeux. Glissez-les et regardez vos yeux s'illuminer avec des mouchetures de brun dor\u00e9 qui font ressortir vos yeux sans dominer votre beaut\u00e9 naturelle. Fini le temps des yeux unidimensionnels et ternes - les Tangerine Browns rehaussent toutes les couleurs que vous avez en leur donnant une dimension brun dor\u00e9 vivante.<\/p>\n<p>La teinte ensoleill\u00e9e de la mandarine fait ressortir les tons dor\u00e9s et oliv\u00e2tres que vous ne soup\u00e7onniez pas dans vos yeux. Les bleus et les verts prennent un aspect zest\u00e9 et citronn\u00e9 qui surprend les gens. M\u00eame les bruns profonds obtiennent une d\u00e9finition sexy et ensoleill\u00e9e gr\u00e2ce \u00e0 la teinte Tangerine Browns.<\/p>\n<p>Comme leur nom l'indique, ces lentilles infus\u00e9es de mandarine sont parfaites pour canaliser l'insouciance des Californiennes que nous envions toutes. Mettez-les et vous serez instantan\u00e9ment pr\u00eate pour les brunchs, les journ\u00e9es \u00e0 la plage ou les soir\u00e9es sans passer des heures \u00e0 \u00eatre glamour. L'accentuation naturelle fait \u00e9galement ressortir les yeux sur les photos, vous serez donc ravie du r\u00e9sultat, que ce soit pour le \" gram \" ou votre profil Tinder.<\/p>\n<p>Les Tangerine Browns de BQEYE sont fabriqu\u00e9es dans notre mati\u00e8re Hydraclear ultra-confortable, comme si vous ne portiez rien du tout. Vous oublierez m\u00eame que vous les portez ! Hydraclear est respirant et se d\u00e9place avec le flux naturel de l'\u0153il afin d'\u00e9viter la s\u00e9cheresse ou l'irritation. Dites adieu aux yeux fatigu\u00e9s : le mat\u00e9riau est con\u00e7u pour maintenir une hydratation ad\u00e9quate de vos yeux tout au long de la journ\u00e9e.<\/p>\n<p>En tant que leader mondial des lentilles \u00e0 couleur changeante, BQEYE met la qualit\u00e9, la s\u00e9curit\u00e9 et le confort au premier plan pour chaque produit. Les lentilles Tangerine Browns sont soumises \u00e0 des tests approfondis afin de respecter ou de d\u00e9passer toutes les normes de la FDA en mati\u00e8re de biocompatibilit\u00e9 des mat\u00e9riaux et de perm\u00e9abilit\u00e9 \u00e0 l'oxyg\u00e8ne. Vous pouvez \u00eatre satisfait de ce qui touche vos yeux chaque jour. Et gr\u00e2ce \u00e0 leur calendrier de remplacement recommand\u00e9 de 14 jours, vous appr\u00e9cierez la dur\u00e9e de vie de chaque paire avant qu'il ne soit temps d'en changer.<\/p>\n<p>Que vous souhaitiez profiter du soleil tous les jours, exp\u00e9rimenter quelque chose de nouveau ou avoir des lentilles qui font ressortir les yeux sur les photos, Tangerine Brown a tout ce qu'il vous faut. Commandez vos lentilles sans risque d\u00e8s aujourd'hui et b\u00e9n\u00e9ficiez de notre garantie de satisfaction 100%. Voyez comment elles transforment subtilement vos yeux avec une explosion d'\u00e9clat ensoleill\u00e9 - nous pensons que vous tomberez amoureux de votre nouvelle nuance pr\u00e9f\u00e9r\u00e9e !\"<\/p>","protected":false},"excerpt":{"rendered":"<p>&#8220;Spice up your look with a burst of sunshine &#8211; say hello to Tangerine Brown Contact Lenses by BQEYE. These vibrant brown lenses blend warm undertones of tangerine into your iris for a look that&#8217;s anything but boring. Slip them in and watch as your eyes light up with flecks of golden brown that make [&#8230;]\n","protected":false},"featured_media":1231,"comment_status":"open","ping_status":"closed","template":"","meta":[],"product_brand":[],"product_cat":[101,91,80,100,96,95],"product_tag":[],"class_list":{"0":"post-1229","1":"product","2":"type-product","3":"status-publish","4":"has-post-thumbnail","6":"product_cat-natural-contacts","7":"product_cat-14-2-mm","8":"product_cat-brown-contact-lenses","9":"product_cat-daily-disposable","10":"product_cat-non-prescription","11":"product_cat-prescription","13":"first","14":"instock","15":"sale","16":"shipping-taxable","17":"purchasable","18":"product-type-variable","19":"has-default-attributes"},"_links":{"self":[{"href":"https:\/\/bqeye.com\/fr\/wp-json\/wp\/v2\/product\/1229","targetHints":{"allow":["GET"]}}],"collection":[{"href":"https:\/\/bqeye.com\/fr\/wp-json\/wp\/v2\/product"}],"about":[{"href":"https:\/\/bqeye.com\/fr\/wp-json\/wp\/v2\/types\/product"}],"replies":[{"embeddable":true,"href":"https:\/\/bqeye.com\/fr\/wp-json\/wp\/v2\/comments?post=1229"}],"wp:featuredmedia":[{"embeddable":true,"href":"https:\/\/bqeye.com\/fr\/wp-json\/wp\/v2\/media\/1231"}],"wp:attachment":[{"href":"https:\/\/bqeye.com\/fr\/wp-json\/wp\/v2\/media?parent=1229"}],"wp:term":[{"taxonomy":"product_brand","embeddable":true,"href":"https:\/\/bqeye.com\/fr\/wp-json\/wp\/v2\/product_brand?post=1229"},{"taxonomy":"product_cat","embeddable":true,"href":"https:\/\/bqeye.com\/fr\/wp-json\/wp\/v2\/product_cat?post=1229"},{"taxonomy":"product_tag","embeddable":true,"href":"https:\/\/bqeye.com\/fr\/wp-json\/wp\/v2\/product_tag?post=1229"}],"curies":[{"name":"wp","href":"https:\/\/api.w.org\/{rel}","templated":true}]}}