{"id":1232,"date":"2023-12-09T15:35:21","date_gmt":"2023-12-09T15:35:21","guid":{"rendered":"https:\/\/bqeye.com\/?post_type=product&#038;p=1232"},"modified":"2024-04-18T02:20:40","modified_gmt":"2024-04-18T02:20:40","slug":"whispering-smoke-grey-contact-lenses","status":"publish","type":"product","link":"https:\/\/bqeye.com\/fr\/whispering-smoke-grey-contact-lenses\/","title":{"rendered":"Lentilles de contact Whispering Smoke Grey"},"content":{"rendered":"<p>\"Ajoutez une touche de myst\u00e8re \u00e0 votre look avec les lentilles de contact Whispering Smoke Grey de BQEYE.<\/p>\n<p>Ces lentilles souples de couleur gris fum\u00e9e donnent aux yeux une dimension et une profondeur magnifiques sans en faire trop. Glissez-les et observez votre iris prendre une teinte \u00e9th\u00e9r\u00e9e de gris p\u00e2le qui fait fumer les yeux. Fini le regard unique - Whispering Smoke rehausse votre couleur naturelle avec des mouchetures et des couches de gris cendr\u00e9 pour des yeux qui intriguent de l'autre c\u00f4t\u00e9 de la pi\u00e8ce.<\/p>\n<p>La subtile teinte fum\u00e9e fait ressortir les tons bleus, verts et noisette que vous ne soup\u00e7onniez pas dans vos yeux. Les bleus et les gris prendront une allure de nuage qui am\u00e8nera les gens \u00e0 se demander quelle est la \"vraie\" couleur de vos yeux. M\u00eame les bruns profonds obtiennent une d\u00e9finition sexy et myst\u00e9rieuse gr\u00e2ce \u00e0 Whispering Smoke.<\/p>\n<p>Comme leur nom l'indique, ces lentilles de contact gris fum\u00e9e sont parfaites pour obtenir ce look nordique insaisissable que nous envions tous. Mettez-les et vous serez instantan\u00e9ment pr\u00eate \u00e0 jouer le r\u00f4le d'un personnage principal sombre et \u00e9nigmatique, sans passer des heures sur la chaise de maquillage. L'am\u00e9lioration de l'aspect naturel fait ressortir les yeux \u00e0 l'\u00e9cran, ce qui vous permettra d'appr\u00e9cier le r\u00e9sultat de vos photos, que ce soit pour votre book d'acteur ou pour une soir\u00e9e en ville.<\/p>\n<p>Les Tangerine Browns de BQEYE sont fabriqu\u00e9es dans notre mati\u00e8re Hydraclear ultra-confortable, comme si vous ne portiez rien du tout. Vous oublierez m\u00eame que vous les portez ! Hydraclear est respirant et se d\u00e9place avec le flux naturel de l'\u0153il afin d'\u00e9viter la s\u00e9cheresse ou l'irritation. Dites adieu aux yeux fatigu\u00e9s : le mat\u00e9riau est con\u00e7u pour maintenir une hydratation ad\u00e9quate de vos yeux tout au long de la journ\u00e9e.<\/p>\n<p>En tant que leader mondial des lentilles \u00e0 couleur changeante, BQEYE met la qualit\u00e9, la s\u00e9curit\u00e9 et le confort au premier plan pour chaque produit. Les lentilles Tangerine Browns sont soumises \u00e0 des tests approfondis afin de respecter ou de d\u00e9passer toutes les normes de la FDA en mati\u00e8re de biocompatibilit\u00e9 des mat\u00e9riaux et de perm\u00e9abilit\u00e9 \u00e0 l'oxyg\u00e8ne. Vous pouvez \u00eatre satisfait de ce qui touche vos yeux chaque jour. Et gr\u00e2ce \u00e0 leur calendrier de remplacement recommand\u00e9 de 14 jours, vous appr\u00e9cierez la dur\u00e9e de vie de chaque paire avant qu'il ne soit temps d'en changer.<\/p>\n<p>Que vous souhaitiez ajouter un air de myst\u00e8re au quotidien, exp\u00e9rimenter quelque chose de nouveau, ou que vous ayez besoin de lentilles qui fument vraiment les yeux, Whispering Smoke Grey vous couvre. Commandez les v\u00f4tres sans risque d\u00e8s aujourd'hui, avec notre garantie de satisfaction 100%. Voyez comment elles transforment subtilement vos yeux avec des touches d'intrigue cendr\u00e9e - nous pensons que vous tomberez sous leur charme !\"<\/p>","protected":false},"excerpt":{"rendered":"<p>&#8220;Add a touch of mystery to your look with Whispering Smoke Grey Contact Lenses from BQEYE. These soft smoke grey lenses give eyes beautiful dimension and depth without being over-the-top. Slip them in and watch as your iris takes on an ethereal wisp of pale grey that makes peepers really smoulder. Gone are one-note eyes [&#8230;]\n","protected":false},"featured_media":1234,"comment_status":"open","ping_status":"closed","template":"","meta":[],"product_brand":[],"product_cat":[101,92,100,81,96,95],"product_tag":[],"class_list":{"0":"post-1232","1":"product","2":"type-product","3":"status-publish","4":"has-post-thumbnail","6":"product_cat-natural-contacts","7":"product_cat-14-5-mm","8":"product_cat-daily-disposable","9":"product_cat-grey-contact-lenses","10":"product_cat-non-prescription","11":"product_cat-prescription","13":"first","14":"instock","15":"sale","16":"shipping-taxable","17":"purchasable","18":"product-type-variable","19":"has-default-attributes"},"_links":{"self":[{"href":"https:\/\/bqeye.com\/fr\/wp-json\/wp\/v2\/product\/1232","targetHints":{"allow":["GET"]}}],"collection":[{"href":"https:\/\/bqeye.com\/fr\/wp-json\/wp\/v2\/product"}],"about":[{"href":"https:\/\/bqeye.com\/fr\/wp-json\/wp\/v2\/types\/product"}],"replies":[{"embeddable":true,"href":"https:\/\/bqeye.com\/fr\/wp-json\/wp\/v2\/comments?post=1232"}],"wp:featuredmedia":[{"embeddable":true,"href":"https:\/\/bqeye.com\/fr\/wp-json\/wp\/v2\/media\/1234"}],"wp:attachment":[{"href":"https:\/\/bqeye.com\/fr\/wp-json\/wp\/v2\/media?parent=1232"}],"wp:term":[{"taxonomy":"product_brand","embeddable":true,"href":"https:\/\/bqeye.com\/fr\/wp-json\/wp\/v2\/product_brand?post=1232"},{"taxonomy":"product_cat","embeddable":true,"href":"https:\/\/bqeye.com\/fr\/wp-json\/wp\/v2\/product_cat?post=1232"},{"taxonomy":"product_tag","embeddable":true,"href":"https:\/\/bqeye.com\/fr\/wp-json\/wp\/v2\/product_tag?post=1232"}],"curies":[{"name":"wp","href":"https:\/\/api.w.org\/{rel}","templated":true}]}}