{"id":1235,"date":"2023-12-09T15:40:37","date_gmt":"2023-12-09T15:40:37","guid":{"rendered":"https:\/\/bqeye.com\/?post_type=product&#038;p=1235"},"modified":"2024-04-18T02:20:37","modified_gmt":"2024-04-18T02:20:37","slug":"glass-candy-brown-contact-lenses","status":"publish","type":"product","link":"https:\/\/bqeye.com\/fr\/glass-candy-brown-contact-lenses\/","title":{"rendered":"Lentilles de contact en verre Candy Brown"},"content":{"rendered":"<p>\"Vous souhaitez ajouter une touche de magie \u00e0 votre look de tous les jours ? Voici les lentilles de contact Glass Candy Brown de BQEYE.<\/p>\n<p>Ces lentilles de contact marron fantaisistes m\u00e9langent des touches subtiles de rose pastel et de menthe dans votre iris pour un look qui n'a rien d'ordinaire. Glissez-les et regardez vos yeux s'illuminer de mouchetures magiques d'un brun de barbe \u00e0 papa. Finis les yeux bruns ternes et unidimensionnels - les Glass Candy Browns rehaussent la d\u00e9finition dimensionnelle vivante.<\/p>\n<p>Les tons pastel doux font ressortir les teintes dor\u00e9es et vertes cach\u00e9es, ce qui leur conf\u00e8re un aspect ludique, digne d'une fleur de f\u00e9e. Les bleus et les noisettes prennent une teinte enchanteresse, couleur bonbon. M\u00eame les bruns profonds se parent de couleurs magiques, sans en faire trop.<\/p>\n<p>Fabriqu\u00e9es dans un mat\u00e9riau Hydraclear ultra confortable, vous oublierez que vous portez des lentilles de contact marron ! Hydraclear bouge naturellement avec vos yeux pour \u00e9viter la s\u00e9cheresse ou l'irritation, gardant vos mirettes suffisamment humides toute la journ\u00e9e.<\/p>\n<p>En tant que leader mondial des lentilles de contact brunes, BQEYE garantit la qualit\u00e9, la s\u00e9curit\u00e9 et le confort. Les Glass Candy Browns sont soumises \u00e0 des tests approfondis de biocompatibilit\u00e9 et de perm\u00e9abilit\u00e9 \u00e0 l'oxyg\u00e8ne afin de satisfaire ou de d\u00e9passer les normes de la FDA. Vous pouvez vous sentir bien avec ce qui touche vos yeux quotidiennement.<\/p>\n<p>Qu'il s'agisse d'ajouter de la fantaisie au quotidien, d'exp\u00e9rimenter la couleur ou de donner vie \u00e0 des r\u00eaves magiques sur des photos, les lentilles de contact Glass Candy Brown vous couvrent. Commandez-les sans risque d\u00e8s aujourd'hui et b\u00e9n\u00e9ficiez d'une garantie de satisfaction 100%. Voyez comment elles transforment subtilement les yeux avec des \u00e9clats d'\u00e9merveillement pastel - nous sommes certains que vous tomberez amoureux de votre nouvelle nuance pr\u00e9f\u00e9r\u00e9e de lentilles de contact marron !<\/p>\n<p>Vous voulez vous d\u00e9marquer ? Les Candy Browns en verre sont parfaits pour les occasions sp\u00e9ciales. Capturez le lutin qui sommeille en vous lors du prochain festival ou de la prochaine f\u00eate costum\u00e9e. Le rehaussement naturel fait briller les yeux sur les photos.<\/p>\n<p>Avec BQEYE, la recherche de lentilles de contact brunes devient un jeu d'enfant. Notre s\u00e9lection de teintes uniques comme Glass Candy apporte de la couleur et de la magie au quotidien. Commandez les v\u00f4tres d\u00e8s aujourd'hui pour r\u00e9pandre la joie en cette saison et au-del\u00e0 !\"<\/p>","protected":false},"excerpt":{"rendered":"<p>&#8220;Looking to add a touch of magic to your everyday look? Introducing Glass Candy Brown Contact Lenses from BQEYE. These whimsical brown contact lenses blend subtle hints of soft pastel pink and mint into your iris for a look that&#8217;s anything but ordinary. Slip them in and watch as your eyes light up with magical [&#8230;]\n","protected":false},"featured_media":1237,"comment_status":"open","ping_status":"closed","template":"","meta":[],"product_brand":[],"product_cat":[101,91,80,100,96,95],"product_tag":[],"class_list":{"0":"post-1235","1":"product","2":"type-product","3":"status-publish","4":"has-post-thumbnail","6":"product_cat-natural-contacts","7":"product_cat-14-2-mm","8":"product_cat-brown-contact-lenses","9":"product_cat-daily-disposable","10":"product_cat-non-prescription","11":"product_cat-prescription","13":"first","14":"instock","15":"sale","16":"shipping-taxable","17":"purchasable","18":"product-type-variable","19":"has-default-attributes"},"_links":{"self":[{"href":"https:\/\/bqeye.com\/fr\/wp-json\/wp\/v2\/product\/1235","targetHints":{"allow":["GET"]}}],"collection":[{"href":"https:\/\/bqeye.com\/fr\/wp-json\/wp\/v2\/product"}],"about":[{"href":"https:\/\/bqeye.com\/fr\/wp-json\/wp\/v2\/types\/product"}],"replies":[{"embeddable":true,"href":"https:\/\/bqeye.com\/fr\/wp-json\/wp\/v2\/comments?post=1235"}],"wp:featuredmedia":[{"embeddable":true,"href":"https:\/\/bqeye.com\/fr\/wp-json\/wp\/v2\/media\/1237"}],"wp:attachment":[{"href":"https:\/\/bqeye.com\/fr\/wp-json\/wp\/v2\/media?parent=1235"}],"wp:term":[{"taxonomy":"product_brand","embeddable":true,"href":"https:\/\/bqeye.com\/fr\/wp-json\/wp\/v2\/product_brand?post=1235"},{"taxonomy":"product_cat","embeddable":true,"href":"https:\/\/bqeye.com\/fr\/wp-json\/wp\/v2\/product_cat?post=1235"},{"taxonomy":"product_tag","embeddable":true,"href":"https:\/\/bqeye.com\/fr\/wp-json\/wp\/v2\/product_tag?post=1235"}],"curies":[{"name":"wp","href":"https:\/\/api.w.org\/{rel}","templated":true}]}}