{"id":1238,"date":"2023-12-09T15:51:03","date_gmt":"2023-12-09T15:51:03","guid":{"rendered":"https:\/\/bqeye.com\/?post_type=product&#038;p=1238"},"modified":"2024-04-18T02:20:33","modified_gmt":"2024-04-18T02:20:33","slug":"black-pearl-contact-lenses","status":"publish","type":"product","link":"https:\/\/bqeye.com\/fr\/black-pearl-contact-lenses\/","title":{"rendered":"Lentilles de contact Black Pearl"},"content":{"rendered":"<p>Lentilles de contact en perles noires<\/p>\n<p>Ajoutez une touche d'intrigue \u00e0 votre look avec les lentilles Black Pearl de BQEYE. Infus\u00e9es de nuances iridescentes, ces lentilles donnent aux yeux une profondeur captivante comme jamais auparavant.<\/p>\n<p>Enfilez les Black Pearls et observez votre iris prendre une teinte minuit envo\u00fbtante, parsem\u00e9e de mouchetures d'encre scintillante. Finis les yeux ternes et unidimensionnels, les Black Pearls apportent une dimension mystique.<\/p>\n<p>La base corbeau fait ressortir les couleurs cach\u00e9es comme jamais auparavant. Les bleus brillent d'un \u00e9clat oc\u00e9anique tandis que les verts prennent une couleur \u00e9meraude. M\u00eame les yeux bruns se transforment et acqui\u00e8rent une qualit\u00e9 s\u00e9duisante, semblable \u00e0 celle d'une pierre pr\u00e9cieuse.<\/p>\n<p>Fabriqu\u00e9es en mat\u00e9riau Hydraclear ultra-confortable, vous oublierez que vous portez des lentilles ! Hydraclear se d\u00e9place sans effort pour que les yeux restent hydrat\u00e9s toute la journ\u00e9e sans irritation.<\/p>\n<p>Que vous ayez besoin d'un look original pour les soir\u00e9es en ville ou les tapis rouges, les perles noires sont l\u00e0 pour vous aider. Leur subtile mise en valeur fait \u00e9galement ressortir les yeux sur les photos.<\/p>\n<p>En tant que leader dans le domaine des lentilles innovantes, BQEYE s'assure que les lentilles de contact Black Pearls r\u00e9pondent aux normes de s\u00e9curit\u00e9 les plus strictes de la FDA. Leur formule de pointe ajoute de l'intrigue sans compromettre le confort.<\/p>\n<p>Enfilez les Black Pearls et obtenez un regard hypnotique qui attire l'attention. Commandez-les d\u00e8s aujourd'hui pour un essai sans risque. Voyez comment elles transforment subtilement les yeux en bijoux captivants - nous savons que vous tomberez sous leur charme !<\/p>\n<p>Faites de la navigation un plaisir gr\u00e2ce \u00e0 la gamme de teintes uniques de BQEYE. Les perles noires et autres apportent de nouvelles dimensions de couleur \u00e0 votre vie. Commandez sans risque pour trouver votre bonheur.<\/p>","protected":false},"excerpt":{"rendered":"<p>Mesmerizing Black Pearl Contact Lenses Add a touch of intrigue to your look with BQEYE&#8217;s Black Pearl contacts. Infused with iridescent undertones, these lenses give eyes captivating depth unlike anything before. Slip Black Pearls on and watch as your iris takes on a mesmerizing midnight hue dotted with flecks of shimmering ink. Gone are dull, [&#8230;]\n","protected":false},"featured_media":1240,"comment_status":"open","ping_status":"closed","template":"","meta":[],"product_brand":[],"product_cat":[101,91,73,100,96,95],"product_tag":[],"class_list":{"0":"post-1238","1":"product","2":"type-product","3":"status-publish","4":"has-post-thumbnail","6":"product_cat-natural-contacts","7":"product_cat-14-2-mm","8":"product_cat-black-contact-lenses","9":"product_cat-daily-disposable","10":"product_cat-non-prescription","11":"product_cat-prescription","13":"first","14":"instock","15":"sale","16":"shipping-taxable","17":"purchasable","18":"product-type-variable","19":"has-default-attributes"},"_links":{"self":[{"href":"https:\/\/bqeye.com\/fr\/wp-json\/wp\/v2\/product\/1238","targetHints":{"allow":["GET"]}}],"collection":[{"href":"https:\/\/bqeye.com\/fr\/wp-json\/wp\/v2\/product"}],"about":[{"href":"https:\/\/bqeye.com\/fr\/wp-json\/wp\/v2\/types\/product"}],"replies":[{"embeddable":true,"href":"https:\/\/bqeye.com\/fr\/wp-json\/wp\/v2\/comments?post=1238"}],"wp:featuredmedia":[{"embeddable":true,"href":"https:\/\/bqeye.com\/fr\/wp-json\/wp\/v2\/media\/1240"}],"wp:attachment":[{"href":"https:\/\/bqeye.com\/fr\/wp-json\/wp\/v2\/media?parent=1238"}],"wp:term":[{"taxonomy":"product_brand","embeddable":true,"href":"https:\/\/bqeye.com\/fr\/wp-json\/wp\/v2\/product_brand?post=1238"},{"taxonomy":"product_cat","embeddable":true,"href":"https:\/\/bqeye.com\/fr\/wp-json\/wp\/v2\/product_cat?post=1238"},{"taxonomy":"product_tag","embeddable":true,"href":"https:\/\/bqeye.com\/fr\/wp-json\/wp\/v2\/product_tag?post=1238"}],"curies":[{"name":"wp","href":"https:\/\/api.w.org\/{rel}","templated":true}]}}